{"id":225797,"date":"2025-06-11T17:01:17","date_gmt":"2025-06-11T15:01:17","guid":{"rendered":"https:\/\/neocarbone.com\/?post_type=product&#038;p=225797"},"modified":"2025-06-11T18:10:44","modified_gmt":"2025-06-11T16:10:44","slug":"podvodna-puska-roller-inverter-pescador","status":"publish","type":"product","link":"https:\/\/neocarbone.com\/de\/product\/podvodna-puska-roller-inverter-pescador\/","title":{"rendered":"Unterwasserpistole Roller Inverter \u2013 Pescador"},"content":{"rendered":"<p><strong>Pescador Harpune Roller Inverter \u2013 Demultipliziert \u2013 Extra leistungsstark<\/strong><\/p>\n<p>Hergestellt von Pescador Sub, entwickelt, um die Bed\u00fcrfnisse der anspruchsvollsten Speerfischer zu erf\u00fcllen.<\/p>\n<p>Ausgestattet mit einem hochpr\u00e4zisen Ausl\u00f6semechanismus, der auch bei maximaler Belastung eine hohe Benutzerempfindlichkeit bietet.<\/p>\n<p>Das Harpunenrohr besteht aus einer speziellen Aluminiumlegierung und verf\u00fcgt \u00fcber eine integrierte F\u00fchrung an der Oberseite mit einem Kopf aus Delrin und Edelstahl.<\/p>\n<p>Der Schaft hat einen Durchmesser von 7 mm.<\/p>\n<p>2 Zugrollen \u2013 6 x 16 mm Primelines Gummiband<\/p>\n<p>Hochwertiger Dynema-Nylonfaden<\/p>\n<p>Aluminiumspule mit 50 m L\u00e4nge, je nach Gr\u00f6\u00dfe<\/p>\n<p>Bitte reinigen Sie Ihre Ger\u00e4te nach Gebrauch stets sorgf\u00e4ltig mit klarem Wasser. Wir empfehlen Ihnen au\u00dferdem, Ihre Ger\u00e4te trocken und dunkel zu lagern, damit die Gummiteile m\u00f6glichst lange halten.<\/p>\n<p>Gr\u00f6\u00dfen: 82, 90, 100, 110<\/p>\n<p>&nbsp;<\/p>\n<p><strong>Fischer<\/strong><strong> Arbal\u00e8te D\u00e9multiplier \u2013 Inverter \u2013 Extra Puissante<\/strong><\/p>\n<p>Gefertigt von Pescador Sub, ist diese Arbal\u00e8te so konzipiert, dass sie auf die Bed\u00fcrfnisse von J\u00e4gern unter dem Meeresspiegel und \u00fcberaus anspruchsvollen Tieren reagieren kann.<\/p>\n<p>Ausgestattet mit einem hochpr\u00e4zisen Entspannungsmechanismus, der ein hohes Ma\u00df an Sensibilit\u00e4t im Freien bietet.<\/p>\n<p>Das Metallrohr ist aus Spezialaluminium gefertigt und verf\u00fcgt \u00fcber eine integrale F\u00fchrung mit einem Demultiplier aus Delrin und Edelstahl.<\/p>\n<p>Pfeil 7 mm.<\/p>\n<p>2 Zugstangen \u2013 6 x Primelines-Sandwiches von 16 mm.<\/p>\n<p>Hochwertiger Dynema-Nylonfilz.<\/p>\n<p>Moulinet aus Aluminium mit einer L\u00e4nge von 50 m oder 70 m.<\/p>\n<p>Veuillez wird Ihr Ger\u00e4t nach der Nutzung sofort sauber halten, bis es klar ist. Dar\u00fcber hinaus haben wir darauf geachtet, dass wir den Vorrat in einer Sekunde und d\u00fcster halten, um die Lebensdauer der elastischen Stoffe zu verl\u00e4ngern.<\/p>\n<p>Gr\u00f6\u00dfen: 82, 90, 100, 110<\/p>","protected":false},"excerpt":{"rendered":"<p>Pescador Speargun Roller Inverter \u2013 Demultiplied \u2013 Extra Powerfull Manufactured by Pescador Sub created to meet the needs of the most demanding spearfishing enthusiasts. Equipped with a high-precision trigger mechanism that offers great user sensitivity at maximum loads. The harpoon tube material is made of special aluminum alloy and also has an integral guide on [&hellip;]<\/p>\n","protected":false},"featured_media":225775,"template":"","meta":{"_et_pb_use_builder":"","_et_pb_old_content":"","_et_gb_content_width":""},"product_brand":[],"product_cat":[54,170,76,77],"product_tag":[],"class_list":{"0":"post-225797","1":"product","2":"type-product","3":"status-publish","4":"has-post-thumbnail","6":"product_cat-novi-proizvodi","7":"product_cat-pescador","8":"product_cat-podvodne-puske","9":"product_cat-podvodne-puske-aluminijske","11":"first","12":"instock","13":"shipping-taxable","14":"purchasable","15":"product-type-variable"},"_links":{"self":[{"href":"https:\/\/neocarbone.com\/de\/wp-json\/wp\/v2\/product\/225797","targetHints":{"allow":["GET"]}}],"collection":[{"href":"https:\/\/neocarbone.com\/de\/wp-json\/wp\/v2\/product"}],"about":[{"href":"https:\/\/neocarbone.com\/de\/wp-json\/wp\/v2\/types\/product"}],"wp:featuredmedia":[{"embeddable":true,"href":"https:\/\/neocarbone.com\/de\/wp-json\/wp\/v2\/media\/225775"}],"wp:attachment":[{"href":"https:\/\/neocarbone.com\/de\/wp-json\/wp\/v2\/media?parent=225797"}],"wp:term":[{"taxonomy":"product_brand","embeddable":true,"href":"https:\/\/neocarbone.com\/de\/wp-json\/wp\/v2\/product_brand?post=225797"},{"taxonomy":"product_cat","embeddable":true,"href":"https:\/\/neocarbone.com\/de\/wp-json\/wp\/v2\/product_cat?post=225797"},{"taxonomy":"product_tag","embeddable":true,"href":"https:\/\/neocarbone.com\/de\/wp-json\/wp\/v2\/product_tag?post=225797"}],"curies":[{"name":"wp","href":"https:\/\/api.w.org\/{rel}","templated":true}]}}