{"id":225812,"date":"2025-06-12T10:00:06","date_gmt":"2025-06-12T08:00:06","guid":{"rendered":"https:\/\/neocarbone.com\/?post_type=product&#038;p=225812"},"modified":"2025-07-18T13:57:53","modified_gmt":"2025-07-18T11:57:53","slug":"podvodna-puska-monoroller-pescador","status":"publish","type":"product","link":"https:\/\/neocarbone.com\/de\/product\/podvodna-puska-monoroller-pescador\/","title":{"rendered":"Unterwasserpistole Monoroller \u2013 Pescador"},"content":{"rendered":"<p><strong>Pescador Speargun Monoroller<\/strong><\/p>\n<p>Manufactured by\u00a0pescador sub created to meet the needs of the most demanding spearfishing enthusiasts.<\/p>\n<p>Equipped with a high precision trigger mechanism that offers great user sensitivity at maximum loads.<\/p>\n<p>The harpoon tube material is made of special aluminum alloy and also has a integral guide on the top with Delrin monoroller head<\/p>\n<p>Shaft is 7mm<\/p>\n<p>16mm Primelines Rubber Band<\/p>\n<p>High quality nylon dynema thread<\/p>\n<p>Aluminium reel of 30 m, 50 m or 70 m depending on the size<\/p>\n<p>Bitte reinigen Sie Ihre Ger\u00e4te nach Gebrauch stets sorgf\u00e4ltig mit klarem Wasser. Wir empfehlen Ihnen au\u00dferdem, Ihre Ger\u00e4te trocken und dunkel zu lagern, damit die Gummiteile m\u00f6glichst lange halten.<\/p>\n<p>Sizes : 82, 90, 100,110<\/p>\n<p>&nbsp;<\/p>\n<p><strong>PESCADOR Arbal\u00e8te <\/strong><strong>Monoroller<\/strong><\/p>\n<p>Gefertigt von Pescador Sub, ist diese Arbal\u00e8te so konzipiert, dass sie auf die Bed\u00fcrfnisse von J\u00e4gern unter dem Meeresspiegel und \u00fcberaus anspruchsvollen Tieren reagieren kann.<\/p>\n<p>Ausgestattet mit einem hochpr\u00e4zisen Entspannungsmechanismus, der ein hohes Ma\u00df an Sensibilit\u00e4t im Freien bietet.<\/p>\n<p>Le tube du l\u2019arbal\u00e8te est en alliage d&#8217;aluminium sp\u00e9cial et dispose d&#8217;un guide fl\u00e8che int\u00e9grale\u00a0 avec t\u00eate monoroller en Delrin.<\/p>\n<p>Pfeil 7 mm.<\/p>\n<p>Sandows Primelines de 16 mm.<\/p>\n<p>Hochwertiger Dynema-Nylonfilz.<\/p>\n<p>Moulinet en aluminium de 30 m, 50 m ou 70 m selon la taille.<\/p>\n<p>Veuillez wird Ihr Ger\u00e4t nach der Nutzung sofort sauber halten, bis es klar ist. Dar\u00fcber hinaus haben wir darauf geachtet, dass wir den Vorrat in einer Sekunde und d\u00fcster halten, um die Lebensdauer der elastischen Stoffe zu verl\u00e4ngern.<\/p>\n<p>Tailles\u00a0: 82, 90, 100, 110<\/p>","protected":false},"excerpt":{"rendered":"<p>Pescador Speargun Monoroller Manufactured by\u00a0pescador sub created to meet the needs of the most demanding spearfishing enthusiasts. Equipped with a high precision trigger mechanism that offers great user sensitivity at maximum loads. The harpoon tube material is made of special aluminum alloy and also has a integral guide on the top with Delrin monoroller head [&hellip;]<\/p>\n","protected":false},"featured_media":225806,"template":"","meta":{"_et_pb_use_builder":"","_et_pb_old_content":"","_et_gb_content_width":""},"product_brand":[],"product_cat":[54,170,76,77],"product_tag":[],"class_list":{"0":"post-225812","1":"product","2":"type-product","3":"status-publish","4":"has-post-thumbnail","6":"product_cat-novi-proizvodi","7":"product_cat-pescador","8":"product_cat-podvodne-puske","9":"product_cat-podvodne-puske-aluminijske","11":"first","12":"instock","13":"shipping-taxable","14":"purchasable","15":"product-type-variable"},"_links":{"self":[{"href":"https:\/\/neocarbone.com\/de\/wp-json\/wp\/v2\/product\/225812","targetHints":{"allow":["GET"]}}],"collection":[{"href":"https:\/\/neocarbone.com\/de\/wp-json\/wp\/v2\/product"}],"about":[{"href":"https:\/\/neocarbone.com\/de\/wp-json\/wp\/v2\/types\/product"}],"wp:featuredmedia":[{"embeddable":true,"href":"https:\/\/neocarbone.com\/de\/wp-json\/wp\/v2\/media\/225806"}],"wp:attachment":[{"href":"https:\/\/neocarbone.com\/de\/wp-json\/wp\/v2\/media?parent=225812"}],"wp:term":[{"taxonomy":"product_brand","embeddable":true,"href":"https:\/\/neocarbone.com\/de\/wp-json\/wp\/v2\/product_brand?post=225812"},{"taxonomy":"product_cat","embeddable":true,"href":"https:\/\/neocarbone.com\/de\/wp-json\/wp\/v2\/product_cat?post=225812"},{"taxonomy":"product_tag","embeddable":true,"href":"https:\/\/neocarbone.com\/de\/wp-json\/wp\/v2\/product_tag?post=225812"}],"curies":[{"name":"wp","href":"https:\/\/api.w.org\/{rel}","templated":true}]}}