{"id":225877,"date":"2025-06-13T22:56:00","date_gmt":"2025-06-13T20:56:00","guid":{"rendered":"https:\/\/neocarbone.com\/?post_type=product&#038;p=225877"},"modified":"2025-06-13T23:21:58","modified_gmt":"2025-06-13T21:21:58","slug":"pozivatelj-ribe-fish-caller-inox-pescador","status":"publish","type":"product","link":"https:\/\/neocarbone.com\/de\/product\/pozivatelj-ribe-fish-caller-inox-pescador\/","title":{"rendered":"Fischrufer f\u00fcr Gewehr - Fischrufer Inox - Pescador"},"content":{"rendered":"<p><strong>Fish caller for gun<\/strong><\/p>\n<p>Fish caller Pescador Sub Stainless steel<\/p>\n<p>THIS YOU WILL USE ON THE HANDLE \u2013 For Classic Speargun or Wooden Speargun<\/p>\n<p>Available for left and right handed use<\/p>\n<p>&nbsp;<\/p>\n<p><strong>Appeau \u00e0 poisson pour arbal\u00e8te<\/strong><\/p>\n<p>Appeau \u00e0 poisson Pescador Sub Acier inoxydable<\/p>\n<p>VOUS L&#8217;UTILISEREZ SUR LA POIGN\u00c9E \u2013 Pour Arbal\u00e8te Classic ou en Bois<\/p>\n<p>Disponible pour gaucher et droitier<\/p>","protected":false},"excerpt":{"rendered":"<p>Fish caller for gun Fish caller Pescador Sub Stainless steel THIS YOU WILL USE ON THE HANDLE \u2013 For Classic Speargun or Wooden Speargun Available for left and right handed use &nbsp; Appeau \u00e0 poisson pour arbal\u00e8te Appeau \u00e0 poisson Pescador Sub Acier inoxydable VOUS L&#8217;UTILISEREZ SUR LA POIGN\u00c9E \u2013 Pour Arbal\u00e8te Classic ou en [&hellip;]<\/p>\n","protected":false},"featured_media":225881,"template":"","meta":{"_et_pb_use_builder":"","_et_pb_old_content":"","_et_gb_content_width":""},"product_brand":[],"product_cat":[54,170,81,53],"product_tag":[],"class_list":{"0":"post-225877","1":"product","2":"type-product","3":"status-publish","4":"has-post-thumbnail","6":"product_cat-novi-proizvodi","7":"product_cat-pescador","8":"product_cat-pribor-i-oprema","9":"product_cat-razni-dodaci","11":"first","12":"instock","13":"shipping-taxable","14":"purchasable","15":"product-type-variable"},"_links":{"self":[{"href":"https:\/\/neocarbone.com\/de\/wp-json\/wp\/v2\/product\/225877","targetHints":{"allow":["GET"]}}],"collection":[{"href":"https:\/\/neocarbone.com\/de\/wp-json\/wp\/v2\/product"}],"about":[{"href":"https:\/\/neocarbone.com\/de\/wp-json\/wp\/v2\/types\/product"}],"wp:featuredmedia":[{"embeddable":true,"href":"https:\/\/neocarbone.com\/de\/wp-json\/wp\/v2\/media\/225881"}],"wp:attachment":[{"href":"https:\/\/neocarbone.com\/de\/wp-json\/wp\/v2\/media?parent=225877"}],"wp:term":[{"taxonomy":"product_brand","embeddable":true,"href":"https:\/\/neocarbone.com\/de\/wp-json\/wp\/v2\/product_brand?post=225877"},{"taxonomy":"product_cat","embeddable":true,"href":"https:\/\/neocarbone.com\/de\/wp-json\/wp\/v2\/product_cat?post=225877"},{"taxonomy":"product_tag","embeddable":true,"href":"https:\/\/neocarbone.com\/de\/wp-json\/wp\/v2\/product_tag?post=225877"}],"curies":[{"name":"wp","href":"https:\/\/api.w.org\/{rel}","templated":true}]}}