{"id":225942,"date":"2025-06-17T20:04:50","date_gmt":"2025-06-17T18:04:50","guid":{"rendered":"https:\/\/neocarbone.com\/?post_type=product&#038;p=225942"},"modified":"2025-06-17T20:04:51","modified_gmt":"2025-06-17T18:04:51","slug":"marker-pescador","status":"publish","type":"product","link":"https:\/\/neocarbone.com\/de\/product\/marker-pescador\/","title":{"rendered":"Marker \u2013 Pescador"},"content":{"rendered":"<p><strong>PESCADOR-Nebenriemen-Schwimmmarkierung <\/strong><\/p>\n<p>Eine schwimmende Markierung dient dazu, Angelpl\u00e4tze auf dem Meeresgrund zu finden.<\/p>\n<p>Es ist GELB, damit es von der Oberfl\u00e4che aus leicht zu erkennen ist.<\/p>\n<p>Die 30 Meter lange, wei\u00dfe Leine mit einem Durchmesser von 1,5 mm f\u00fchrt den Taucher zum Meeresgrund, zu der Stelle, an der er den Bleianker zur\u00fcckgelassen hat.<\/p>\n<p>Die zentrale Schwimmboje steigt, sobald sie freigelegt ist, an die Oberfl\u00e4che.<\/p>\n<p>Au\u00dferdem verf\u00fcgt es \u00fcber einen Haken und einige n\u00fctzliche Einschnitte an den Seiten, um die Schnur zu fixieren und ein weiteres Abrollen zu verhindern.<\/p>\n<p>Sobald die Schnur unter der Oberfl\u00e4che fixiert ist, bleibt sie senkrecht an dem Punkt am Boden stehen.<\/p>\n<p>Es ist mit einem 400 Gramm schweren, gummierten Vorfach ausgestattet, um die Ger\u00e4uschentwicklung beim Erreichen des Grunds zu minimieren. Das elastische Band verf\u00fcgt \u00fcber eine Abrei\u00dflasche, die es erm\u00f6glicht, es am G\u00fcrtel zu befestigen, ohne das Vorfach entfernen zu m\u00fcssen.<\/p>\n<p><strong>MARQUEUR FLOTTEUR PESCADOR ZWEIG\u00dcRTEL<\/strong><\/p>\n<p>Marqueur schwimmt mit Wasser, um die Fischflecken im Meeresgrund zu beseitigen.<\/p>\n<p>Gelb, es ist von der Oberfl\u00e4che aus leicht erkennbar.<\/p>\n<p>Das wei\u00dfe 1,5-mm-Kabel mit einer L\u00e4nge von 30 Metern f\u00fchrt Sie gerade bis zum Anschlag durch, bis es auf dem Plombierstreifen befestigt ist.<\/p>\n<p>Une fois lib\u00e9r\u00e9e, the boee flotting centrale remonte \u00e0 la surface. Sie besteht auch aus einer praktischen H\u00e4kelarbeit und seitlichen Decoupage-Techniken, um die Linie zu blockieren und das Abrollen zu verhindern. Eine unter der Oberfl\u00e4che blockierte Linie ruht vertikal auf der Bodenspitze.<\/p>\n<p>Sie ist mit einer 400-Gramm-Plombe ausgestattet, um die Fruchtbildung zu minimieren und auf den Teig zu achten.<\/p>\n<p>Das elastische Band besteht aus einem abnehmbaren Haken, der die Befestigung am G\u00fcrtel erm\u00f6glicht, ohne dass das Ger\u00e4t in den Ruhestand geschickt werden muss.<\/p>","protected":false},"excerpt":{"rendered":"<p>PESCADOR SUB BELT FLOAT MARKER A floating marker is designed to find fishing spots on the seabed. It is YELLOW\u00a0 for easy identification from the surface. The 30-meter-long, white, 1.5 mm line guides the diver to the seabed, to the place where he left the lead anchor. The central floating buoy, once freed, rises to [&hellip;]<\/p>\n","protected":false},"featured_media":225943,"template":"","meta":{"_et_pb_use_builder":"","_et_pb_old_content":"","_et_gb_content_width":""},"product_brand":[],"product_cat":[54,170,82],"product_tag":[],"class_list":{"0":"post-225942","1":"product","2":"type-product","3":"status-publish","4":"has-post-thumbnail","6":"product_cat-novi-proizvodi","7":"product_cat-pescador","8":"product_cat-plutace-i-pribor","10":"first","11":"instock","12":"shipping-taxable","13":"purchasable","14":"product-type-simple"},"_links":{"self":[{"href":"https:\/\/neocarbone.com\/de\/wp-json\/wp\/v2\/product\/225942","targetHints":{"allow":["GET"]}}],"collection":[{"href":"https:\/\/neocarbone.com\/de\/wp-json\/wp\/v2\/product"}],"about":[{"href":"https:\/\/neocarbone.com\/de\/wp-json\/wp\/v2\/types\/product"}],"wp:featuredmedia":[{"embeddable":true,"href":"https:\/\/neocarbone.com\/de\/wp-json\/wp\/v2\/media\/225943"}],"wp:attachment":[{"href":"https:\/\/neocarbone.com\/de\/wp-json\/wp\/v2\/media?parent=225942"}],"wp:term":[{"taxonomy":"product_brand","embeddable":true,"href":"https:\/\/neocarbone.com\/de\/wp-json\/wp\/v2\/product_brand?post=225942"},{"taxonomy":"product_cat","embeddable":true,"href":"https:\/\/neocarbone.com\/de\/wp-json\/wp\/v2\/product_cat?post=225942"},{"taxonomy":"product_tag","embeddable":true,"href":"https:\/\/neocarbone.com\/de\/wp-json\/wp\/v2\/product_tag?post=225942"}],"curies":[{"name":"wp","href":"https:\/\/api.w.org\/{rel}","templated":true}]}}