{"id":790345,"date":"2026-03-10T16:01:33","date_gmt":"2026-03-10T14:01:33","guid":{"rendered":"https:\/\/neocarbone.com\/?post_type=product&#038;p=790345"},"modified":"2026-03-10T16:04:23","modified_gmt":"2026-03-10T14:04:23","slug":"drzac-pera-na-strijeli-5-kom","status":"publish","type":"product","link":"https:\/\/neocarbone.com\/de\/product\/drzac-pera-na-strijeli-5-kom\/","title":{"rendered":"Pfeilfederhalter \u2013 5 St\u00fcck"},"content":{"rendered":"<p><strong>Pfeilfederhalter - 5 St\u00fcck\/Packung<\/strong><\/p>\n<p>5 St\u00fcck Stifthalter aus Gummi.<\/p>\n<p>Aus strapazierf\u00e4higem Gummi<\/p>\n<p><strong>O-Ring f\u00fcr Widerhaken \u2013 5er-Packung Pescador<\/strong><\/p>\n<p>Set mit 5 Widerhakenhaltern aus robustem und langlebigem Gummimaterial.<\/p>\n<p><strong>Gelenke BLOQUE ARDILLON \u2013 PACK 5 ST\u00dcCK PESCADOR<\/strong><\/p>\n<p>Kit mit 5 Sperrbl\u00f6cken aus robustem Kautschuk.<\/p>","protected":false},"excerpt":{"rendered":"<p>Drzac pera na strele \u2013 5 kom\/pak pescador Pakiranje od 5 komada gumenih dr\u017ea\u010da pera. Izra\u0111eni od izdr\u017eljive gume O RING FOR BARB &#8211; PACK 5 PCS PESCADOR Kit of 5 barb keepers made in strong and durable rubber material. JOINTS BLOQUE ARDILLON &#8211; PACK 5 PCS PESCADOR Kit de 5 bloque-ardillons r\u00e9alis\u00e9s en caoutchouc [&hellip;]<\/p>\n","protected":false},"featured_media":101583,"template":"","meta":{"_et_pb_use_builder":"","_et_pb_old_content":"","_et_gb_content_width":""},"product_brand":[],"product_cat":[170,81,53,15,83],"product_tag":[],"class_list":{"0":"post-790345","1":"product","2":"type-product","3":"status-publish","4":"has-post-thumbnail","6":"product_cat-pescador","7":"product_cat-pribor-i-oprema","8":"product_cat-razni-dodaci","9":"product_cat-uncategorized","10":"product_cat-strijele","12":"first","13":"instock","14":"shipping-taxable","15":"purchasable","16":"product-type-simple"},"_links":{"self":[{"href":"https:\/\/neocarbone.com\/de\/wp-json\/wp\/v2\/product\/790345","targetHints":{"allow":["GET"]}}],"collection":[{"href":"https:\/\/neocarbone.com\/de\/wp-json\/wp\/v2\/product"}],"about":[{"href":"https:\/\/neocarbone.com\/de\/wp-json\/wp\/v2\/types\/product"}],"wp:featuredmedia":[{"embeddable":true,"href":"https:\/\/neocarbone.com\/de\/wp-json\/wp\/v2\/media\/101583"}],"wp:attachment":[{"href":"https:\/\/neocarbone.com\/de\/wp-json\/wp\/v2\/media?parent=790345"}],"wp:term":[{"taxonomy":"product_brand","embeddable":true,"href":"https:\/\/neocarbone.com\/de\/wp-json\/wp\/v2\/product_brand?post=790345"},{"taxonomy":"product_cat","embeddable":true,"href":"https:\/\/neocarbone.com\/de\/wp-json\/wp\/v2\/product_cat?post=790345"},{"taxonomy":"product_tag","embeddable":true,"href":"https:\/\/neocarbone.com\/de\/wp-json\/wp\/v2\/product_tag?post=790345"}],"curies":[{"name":"wp","href":"https:\/\/api.w.org\/{rel}","templated":true}]}}