{"id":790356,"date":"2026-03-10T16:29:08","date_gmt":"2026-03-10T14:29:08","guid":{"rendered":"https:\/\/neocarbone.com\/?post_type=product&#038;p=790356"},"modified":"2026-03-10T16:29:32","modified_gmt":"2026-03-10T14:29:32","slug":"zastita-za-prsa-pojacanje-za-natezanje-podvodne-puske","status":"publish","type":"product","link":"https:\/\/neocarbone.com\/de\/product\/zastita-za-prsa-pojacanje-za-natezanje-podvodne-puske\/","title":{"rendered":"Brustschutz \u2013 Verst\u00e4rkung gegen Harpunenr\u00fccksto\u00df"},"content":{"rendered":"<p>Brustschutz \u2013 Verst\u00e4rkung zum Spannen eines Unterwassergewehrs<\/p>\n<p>2 Farben: Schwarz oder Rot<\/p>\n<p>&nbsp;<\/p>\n<p>Brustklopfen<\/p>\n<p>2 Farben: Schwarz oder Rot<\/p>\n<p>&nbsp;<\/p>\n<p>Renfort d&#039;armement pour poitrine<\/p>\n<p>2 Farben: Schwarz oder Rot<\/p>","protected":false},"excerpt":{"rendered":"<p>Zastita za prsa \u2013 Pojacanje za natezanje podvodnu pu\u0161ku 2 boje\u00a0: Crna ili Crvena &nbsp; Chest Pat 2 colors : Black or Red &nbsp; Renfort d&#8217;armement pour poitrine 2 couleurs : Noire ou Rouge<\/p>","protected":false},"featured_media":0,"template":"","meta":{"_et_pb_use_builder":"","_et_pb_old_content":"","_et_gb_content_width":""},"product_brand":[],"product_cat":[71,170,81,53],"product_tag":[],"class_list":{"0":"post-790356","1":"product","2":"type-product","3":"status-publish","5":"product_cat-nc-proizvodi","6":"product_cat-pescador","7":"product_cat-pribor-i-oprema","8":"product_cat-razni-dodaci","10":"first","11":"instock","12":"shipping-taxable","13":"purchasable","14":"product-type-variable"},"_links":{"self":[{"href":"https:\/\/neocarbone.com\/de\/wp-json\/wp\/v2\/product\/790356","targetHints":{"allow":["GET"]}}],"collection":[{"href":"https:\/\/neocarbone.com\/de\/wp-json\/wp\/v2\/product"}],"about":[{"href":"https:\/\/neocarbone.com\/de\/wp-json\/wp\/v2\/types\/product"}],"wp:attachment":[{"href":"https:\/\/neocarbone.com\/de\/wp-json\/wp\/v2\/media?parent=790356"}],"wp:term":[{"taxonomy":"product_brand","embeddable":true,"href":"https:\/\/neocarbone.com\/de\/wp-json\/wp\/v2\/product_brand?post=790356"},{"taxonomy":"product_cat","embeddable":true,"href":"https:\/\/neocarbone.com\/de\/wp-json\/wp\/v2\/product_cat?post=790356"},{"taxonomy":"product_tag","embeddable":true,"href":"https:\/\/neocarbone.com\/de\/wp-json\/wp\/v2\/product_tag?post=790356"}],"curies":[{"name":"wp","href":"https:\/\/api.w.org\/{rel}","templated":true}]}}