{"id":790378,"date":"2026-03-10T16:46:56","date_gmt":"2026-03-10T14:46:56","guid":{"rendered":"https:\/\/neocarbone.com\/?post_type=product&#038;p=790378"},"modified":"2026-03-10T16:49:48","modified_gmt":"2026-03-10T14:49:48","slug":"torba-za-opremu-sub-pescador","status":"publish","type":"product","link":"https:\/\/neocarbone.com\/de\/product\/torba-za-opremu-sub-pescador\/","title":{"rendered":"SUB-Ausr\u00fcstungstasche \u2013 Pescador"},"content":{"rendered":"<p><strong>PESCADOR U-BAUGRUPPE AUSR\u00dcSTUNGSTASCHE<\/strong><\/p>\n<p>Die Pescador-Ausr\u00fcstungstasche ist eine \u00fcbergro\u00dfe, 100 Liter fassende, wasserdichte PVC-Ausr\u00fcstungstasche mit hochfrequenzverschwei\u00dften N\u00e4hten, die daf\u00fcr sorgt, dass Ihre nasse Ausr\u00fcstung sicher aufbewahrt wird.<\/p>\n<p>Ideal f\u00fcr den Transport von langen Flossen und sperriger Ausr\u00fcstung im Fahrzeug oder auf dem Boot.<\/p>\n<p>Zus\u00e4tzlich verf\u00fcgt es \u00fcber eine praktische, wasserdichte Seitentasche f\u00fcr Gegenst\u00e4nde, die vor Wasser gesch\u00fctzt werden m\u00fcssen.<\/p>\n<p>Ein St\u00f6psel an einem Ende erm\u00f6glicht das einfache Aussp\u00fclen oder Ablassen von \u00fcbersch\u00fcssigem Wasser.<\/p>\n<p>Reisetasche, Tasche f\u00fcr kostenlose Tauchausr\u00fcstung ,<\/p>\n<p>&nbsp;<\/p>\n<p><strong>SAC PESCADOR UNTERGER\u00c4TE<\/strong><\/p>\n<p>Der Beutel mit der Ausr\u00fcstung f\u00fcr Hunde ist ein Beutel mit mehr als 100 Litern Fassungsverm\u00f6gen und PVC-Gehalt mit hochfrequentem Couture-Material, das garantiert, dass Ihre Ausr\u00fcstung an Ort und Stelle bleibt.<\/p>\n<p>Ideal f\u00fcr den Transport von langen Palmen und Material in Ihrem Fahrzeug oder auf Ihrem Boot.<\/p>\n<p>Dar\u00fcber hinaus verf\u00fcgt sie \u00fcber einen seitlichen Poche, der sehr praktisch ist, um die Objekte zu sch\u00fctzen, die vor dem Wasser gesch\u00fctzt werden sollen.<\/p>\n<p>Eine extreme Belastung erm\u00f6glicht es Ihnen, \u00fcbersch\u00fcssiges Wasser oder Wasser leicht abzusaugen.<\/p>\n<p>Sac de voyage, Sac pour \u00e9quipement de plong\u00e9e en apn\u00e9e,<\/p>\n<p>&nbsp;<\/p>\n<p>&nbsp;<\/p>\n<p>&nbsp;<\/p>","protected":false},"excerpt":{"rendered":"<p>PESCADOR SUB EQUIMENT BAG The pescador equiment bag\u00a0 is an oversized 100 litre waterproof PVC gearbag with high-frequency welded seams that ensures your wet gear is kept contained. Perfect for transporting long fins and bulky equipment in your vehicle or on the boat. Additionally, it has a convenient watertight side pocket for objects that need [&hellip;]<\/p>\n","protected":false},"featured_media":790367,"template":"","meta":{"_et_pb_use_builder":"","_et_pb_old_content":"","_et_gb_content_width":""},"product_brand":[],"product_cat":[161,54,86],"product_tag":[],"class_list":{"0":"post-790378","1":"product","2":"type-product","3":"status-publish","4":"has-post-thumbnail","6":"product_cat-imersion","7":"product_cat-novi-proizvodi","8":"product_cat-torbe","10":"first","11":"instock","12":"shipping-taxable","13":"purchasable","14":"product-type-simple"},"_links":{"self":[{"href":"https:\/\/neocarbone.com\/de\/wp-json\/wp\/v2\/product\/790378","targetHints":{"allow":["GET"]}}],"collection":[{"href":"https:\/\/neocarbone.com\/de\/wp-json\/wp\/v2\/product"}],"about":[{"href":"https:\/\/neocarbone.com\/de\/wp-json\/wp\/v2\/types\/product"}],"wp:featuredmedia":[{"embeddable":true,"href":"https:\/\/neocarbone.com\/de\/wp-json\/wp\/v2\/media\/790367"}],"wp:attachment":[{"href":"https:\/\/neocarbone.com\/de\/wp-json\/wp\/v2\/media?parent=790378"}],"wp:term":[{"taxonomy":"product_brand","embeddable":true,"href":"https:\/\/neocarbone.com\/de\/wp-json\/wp\/v2\/product_brand?post=790378"},{"taxonomy":"product_cat","embeddable":true,"href":"https:\/\/neocarbone.com\/de\/wp-json\/wp\/v2\/product_cat?post=790378"},{"taxonomy":"product_tag","embeddable":true,"href":"https:\/\/neocarbone.com\/de\/wp-json\/wp\/v2\/product_tag?post=790378"}],"curies":[{"name":"wp","href":"https:\/\/api.w.org\/{rel}","templated":true}]}}