{"id":790381,"date":"2026-03-10T17:09:24","date_gmt":"2026-03-10T15:09:24","guid":{"rendered":"https:\/\/neocarbone.com\/?post_type=product&#038;p=790381"},"modified":"2026-03-10T17:33:18","modified_gmt":"2026-03-10T15:33:18","slug":"podvodna-puska-pro-camo-pescador","status":"publish","type":"product","link":"https:\/\/neocarbone.com\/de\/product\/podvodna-puska-pro-camo-pescador\/","title":{"rendered":"Unterwassergewehr Pro Camo \u2013 Pescador"},"content":{"rendered":"<p><strong>Harpunen Carbon Pro Camo \u2013 Pescador<\/strong><\/p>\n<ul>\n<li>Barrel monobloc dia.30mm100% carbone 2mm 3K, 200gr\/m\u00b2 with integrated shaft guide.<\/li>\n<li>Hydrodynamische Form mit langen Sepiaschalen f\u00fcr un\u00fcbertroffene Man\u00f6vrierf\u00e4higkeit und Stabilit\u00e4t, erh\u00f6hte Steifigkeit der Konstruktion f\u00fcr hohe Biegefestigkeit, um St\u00f6rungen durch Rohrverformung zu reduzieren und eine erh\u00f6hte Genauigkeit zu gew\u00e4hrleisten.<\/li>\n<li>Integrierter Mechanismus aus Edelstahl 316L in einem St\u00fcck mit durchbrochener Lade\u00f6ffnung.<\/li>\n<li>Ergonomischer und robuster Griff mit idealem Neigungswinkel und freier Ziellinie.<\/li>\n<li>Offene Schnauze mit 2 Durchg\u00e4ngen f\u00fcr schnelle kreisf\u00f6rmige Gummibewegungen.<\/li>\n<li>Griff und M\u00fcndung aus Nylon 6, verst\u00e4rkt mit 30%-Fiberglas f\u00fcr bessere Widerstandsf\u00e4higkeit.<\/li>\n<li>Sandvik Stahlwelle, Durchmesser 7 mm, mit Mini-Haifischflossen.<\/li>\n<li>Doppelte Gummifederbeine mit 16 mm Durchmesser und Dyneema-Wishbone.<\/li>\n<li>Beidh\u00e4ndig bedienbare Harpune, serienm\u00e4\u00dfig ausgestattet mit 30-m-Rolle und Sto\u00dfd\u00e4mpfer \/ Nylon &amp; Schutzh\u00fcllen<\/li>\n<\/ul>\n<p>Verf\u00fcgbare Gr\u00f6\u00dfen: 90, 100, 110, 120<\/p>","protected":false},"excerpt":{"rendered":"<p>Spearguns Carbon Pro Camo &#8211; Pescador Barrel monobloc dia.30mm100% carbone 2mm 3K, 200gr\/m\u00b2 with inetgral shaft guide. Hydrodynamic shape with long cuttlefish bones for unmatched maneuverability and stability increased stiffness architecture designed for high bending resistance to reduce interference from tube deformation and provide an increased accuracy. Integrally 316L stainless steel mechanism in one piece [&hellip;]<\/p>\n","protected":false},"featured_media":790407,"template":"","meta":{"_et_pb_use_builder":"","_et_pb_old_content":"","_et_gb_content_width":""},"product_brand":[],"product_cat":[54,170,76,77],"product_tag":[],"class_list":{"0":"post-790381","1":"product","2":"type-product","3":"status-publish","4":"has-post-thumbnail","6":"product_cat-novi-proizvodi","7":"product_cat-pescador","8":"product_cat-podvodne-puske","9":"product_cat-podvodne-puske-aluminijske","11":"first","12":"instock","13":"shipping-taxable","14":"purchasable","15":"product-type-variable"},"_links":{"self":[{"href":"https:\/\/neocarbone.com\/de\/wp-json\/wp\/v2\/product\/790381","targetHints":{"allow":["GET"]}}],"collection":[{"href":"https:\/\/neocarbone.com\/de\/wp-json\/wp\/v2\/product"}],"about":[{"href":"https:\/\/neocarbone.com\/de\/wp-json\/wp\/v2\/types\/product"}],"wp:featuredmedia":[{"embeddable":true,"href":"https:\/\/neocarbone.com\/de\/wp-json\/wp\/v2\/media\/790407"}],"wp:attachment":[{"href":"https:\/\/neocarbone.com\/de\/wp-json\/wp\/v2\/media?parent=790381"}],"wp:term":[{"taxonomy":"product_brand","embeddable":true,"href":"https:\/\/neocarbone.com\/de\/wp-json\/wp\/v2\/product_brand?post=790381"},{"taxonomy":"product_cat","embeddable":true,"href":"https:\/\/neocarbone.com\/de\/wp-json\/wp\/v2\/product_cat?post=790381"},{"taxonomy":"product_tag","embeddable":true,"href":"https:\/\/neocarbone.com\/de\/wp-json\/wp\/v2\/product_tag?post=790381"}],"curies":[{"name":"wp","href":"https:\/\/api.w.org\/{rel}","templated":true}]}}