{"id":790408,"date":"2026-03-10T17:26:50","date_gmt":"2026-03-10T15:26:50","guid":{"rendered":"https:\/\/neocarbone.com\/?post_type=product&#038;p=790408"},"modified":"2026-03-10T20:27:49","modified_gmt":"2026-03-10T18:27:49","slug":"podvodna-puska-pro-camo-pescador-kopiraj","status":"publish","type":"product","link":"https:\/\/neocarbone.com\/de\/product\/podvodna-puska-pro-camo-pescador-kopiraj\/","title":{"rendered":"Unterwassergewehr Carbon Pro Camo \u2013 Pescador"},"content":{"rendered":"<p><strong>Harpunen Carbon Pro Camo \u2013 Pescador<\/strong><\/p>\n<ul>\n<li>Barrel monobloc dia.30mm100% carbone 2mm 3K, 200gr\/m\u00b2 with integrated shaft guide.<\/li>\n<li>Hydrodynamische Form mit langen Sepiaschalen f\u00fcr un\u00fcbertroffene Man\u00f6vrierf\u00e4higkeit und Stabilit\u00e4t, erh\u00f6hte Steifigkeit der Konstruktion f\u00fcr hohe Biegefestigkeit, um St\u00f6rungen durch Rohrverformung zu reduzieren und eine erh\u00f6hte Genauigkeit zu gew\u00e4hrleisten.<\/li>\n<li>Integrierter Mechanismus aus Edelstahl 316L in einem St\u00fcck mit durchbrochener Lade\u00f6ffnung.<\/li>\n<li>Ergonomischer und robuster Griff mit idealem Neigungswinkel und freier Ziellinie.<\/li>\n<li>Offene Schnauze mit 2 Durchg\u00e4ngen f\u00fcr schnelle kreisf\u00f6rmige Gummibewegungen.<\/li>\n<li>Griff und M\u00fcndung aus Nylon 6, verst\u00e4rkt mit 30%-Fiberglas f\u00fcr bessere Widerstandsf\u00e4higkeit.<\/li>\n<li>Sandvik Stahlwelle, Durchmesser 7 mm, mit Mini-Haifischflossen.<\/li>\n<li>Doppelte Gummifederbeine mit 16 mm Durchmesser und Dyneema-Wishbone.<\/li>\n<li>Beidh\u00e4ndig bedienbare Harpune, serienm\u00e4\u00dfig ausgestattet mit 30-m-Rolle und Sto\u00dfd\u00e4mpfer \/ Nylon &amp; Schutzh\u00fcllen<\/li>\n<\/ul>\n<p>Verf\u00fcgbare Gr\u00f6\u00dfen: 90, 100, 110, 120<\/p>\n<p><strong>Arbal\u00e8te Carbon Pro Pescador<\/strong><\/p>\n<ul>\n<li>Rohr-Monoblock-Durchmesser. 30 mm 100% Carbon 2 mm 3K, 200 g\/m\u00b2 mit integriertem Premium-Fleece.<\/li>\n<li>Eine hydrodynamische Form, die \u00fcber lange Zeitr\u00e4ume verf\u00fcgt, um eine sichere Handhabung und Stabilit\u00e4t zu gew\u00e4hrleisten.<\/li>\n<li>Die Steifheit der Architektur ist darauf ausgelegt, einen gro\u00dfen Widerstand gegen die Verformung des Rohrs zu gew\u00e4hrleisten und eine hohe Pr\u00e4zision zu erreichen.<\/li>\n<li>Integrierter Mechanismus aus 316L-Edelstahl in einem einzigen St\u00fcck mit der Ladespitze und der abgenutzten Schlammlinie.<\/li>\n<li>Ergonomisches und robustes Design mit idealem Neigungswinkel.<\/li>\n<li>T\u00eate ouverte mit 2 Passagen f\u00fcr Sandows Rapides.<\/li>\n<li>Crosse und T\u00eate aus Nylon mit 6 Ladungen und Glasfaser \u00e0 30% f\u00fcr h\u00f6chste Widerstandsf\u00e4higkeit.<\/li>\n<li>Fl\u00e8che aus Sandvik-Acryl, Durchmesser 7 mm, f\u00fcr Mini-Mutterkorn.<\/li>\n<li>Doppelt sandgestrahlte, runde Primelines mit 16 mm Durchmesser und Dyneema-Abdeckung.<\/li>\n<li>Arbal\u00e8te beidh\u00e4ndiges \u00e9quip\u00e9e de s\u00e9rie avec moulinet Elysium aluminium 30mt \/ amortisseur \/ nylon &amp; h\u00fclsen.<\/li>\n<li>Verf\u00fcgbare Gr\u00f6\u00dfen: 90, 100, 110, 120<\/li>\n<\/ul>","protected":false},"excerpt":{"rendered":"<p>Spearguns Carbon Pro Camo &#8211; Pescador Barrel monobloc dia.30mm100% carbone 2mm 3K, 200gr\/m\u00b2 with inetgral shaft guide. Hydrodynamic shape with long cuttlefish bones for unmatched maneuverability and stability increased stiffness architecture designed for high bending resistance to reduce interference from tube deformation and provide an increased accuracy. Integrally 316L stainless steel mechanism in one piece [&hellip;]<\/p>\n","protected":false},"featured_media":790388,"template":"","meta":{"_et_pb_use_builder":"","_et_pb_old_content":"","_et_gb_content_width":""},"product_brand":[],"product_cat":[54,170,76,77],"product_tag":[],"class_list":{"0":"post-790408","1":"product","2":"type-product","3":"status-publish","4":"has-post-thumbnail","6":"product_cat-novi-proizvodi","7":"product_cat-pescador","8":"product_cat-podvodne-puske","9":"product_cat-podvodne-puske-aluminijske","11":"first","12":"instock","13":"shipping-taxable","14":"purchasable","15":"product-type-variable"},"_links":{"self":[{"href":"https:\/\/neocarbone.com\/de\/wp-json\/wp\/v2\/product\/790408","targetHints":{"allow":["GET"]}}],"collection":[{"href":"https:\/\/neocarbone.com\/de\/wp-json\/wp\/v2\/product"}],"about":[{"href":"https:\/\/neocarbone.com\/de\/wp-json\/wp\/v2\/types\/product"}],"wp:featuredmedia":[{"embeddable":true,"href":"https:\/\/neocarbone.com\/de\/wp-json\/wp\/v2\/media\/790388"}],"wp:attachment":[{"href":"https:\/\/neocarbone.com\/de\/wp-json\/wp\/v2\/media?parent=790408"}],"wp:term":[{"taxonomy":"product_brand","embeddable":true,"href":"https:\/\/neocarbone.com\/de\/wp-json\/wp\/v2\/product_brand?post=790408"},{"taxonomy":"product_cat","embeddable":true,"href":"https:\/\/neocarbone.com\/de\/wp-json\/wp\/v2\/product_cat?post=790408"},{"taxonomy":"product_tag","embeddable":true,"href":"https:\/\/neocarbone.com\/de\/wp-json\/wp\/v2\/product_tag?post=790408"}],"curies":[{"name":"wp","href":"https:\/\/api.w.org\/{rel}","templated":true}]}}