{"id":790464,"date":"2026-03-10T21:01:28","date_gmt":"2026-03-10T19:01:28","guid":{"rendered":"https:\/\/neocarbone.com\/?post_type=product&#038;p=790464"},"modified":"2026-03-11T10:06:30","modified_gmt":"2026-03-11T08:06:30","slug":"odijelo-pescador-fire-gray-5mm","status":"publish","type":"product","link":"https:\/\/neocarbone.com\/de\/product\/odijelo-pescador-fire-gray-5mm\/","title":{"rendered":"Anzug Pescador Feuergrau \u2013 5 mm"},"content":{"rendered":"<p><strong>Neoprenanzug \u201cFEUERGRAY\u201d Yamamoto \u2013 5 mm<\/strong><\/p>\n<p><strong>Yamamoto \u201cBio\u201d-Neoprenanz\u00fcge \u2013 hautfreundlich<\/strong><\/p>\n<ul>\n<li>Die Gummiprodukte der Yamamoto Corporation bestehen aus vollst\u00e4ndig geschlossenzelligem Schaumstoff (Wabenstruktur), der hervorragende W\u00e4rmed\u00e4mmeigenschaften, hohe Flexibilit\u00e4t und eine sehr geringe Dichte (geringes Gewicht) bietet.<\/li>\n<li>Die Yamamoto Corporation kann hervorragende, qualitativ hochwertige Materialien in den entsprechenden St\u00e4rken liefern, die den Umwelt- und Anwendungsanforderungen gerecht werden.<\/li>\n<li>Yamamoto-Neopren wird nach seiner Festigkeit und Flexibilit\u00e4t unterschieden. Das am weitesten verbreitete Material ist Yamamoto 39.<\/li>\n<li>Dieses Neopren wird beim Speerfischen, Freitauchen, Surfen und Triathlon verwendet.<\/li>\n<li>Alle Materialien zeichnen sich durch folgende hervorragende Eigenschaften aus:<\/li>\n<li>Extrem niedriger Widerstand:<\/li>\n<li>Hohe W\u00e4rmespeicherung<\/li>\n<li>Leichtgewicht<\/li>\n<li>Hohe Langlebigkeit<\/li>\n<li>Der Komfort und das Wohlbefinden der Unterwasserj\u00e4ger standen bei der Entwicklung der PESCADOR SUB Neoprenanz\u00fcge im Vordergrund.<\/li>\n<li>Ein anatomisch geformter Neoprenanzug erm\u00f6glicht es Anglern, sich unter Wasser genauso frei zu bewegen wie ohne Anzug. Da der Anzug weniger W\u00e4rme speichert, k\u00f6nnen Angler stundenlang in Wasser mit Temperaturen zwischen 10 und 15 Grad Celsius verbringen, ohne es \u00fcberhaupt zu merken.<\/li>\n<li>Dank seiner Tarnfarben k\u00f6nnen Sie je nach Fischart und Angelgebiet das f\u00fcr Sie am besten geeignete Modell ausw\u00e4hlen.<\/li>\n<li>Der Fisch, der darauf wartet, von Ihnen mit nach Hause genommen zu werden, ist das Einzige, woran Sie denken, wenn Sie Ihrem Hobby nachgehen, denn PESCADOR SUB legt Wert auf alle wichtigen Faktoren bei der Herstellung von Produkten von h\u00f6chster Qualit\u00e4t.<\/li>\n<li>Wir haben Anz\u00fcge in 1 Punkt: 5 mm, 3 mm, 5 mm, 7 mm und 9 mm.<\/li>\n<li><strong>Gr\u00f6\u00dfen: M, L, XL, 2XL, 3XL, 4XL<\/strong><\/li>\n<\/ul>","protected":false},"excerpt":{"rendered":"<p>Wetsuit \u201cFIRE GRAY\u201d Yamamoto \u2013 5mm Wetsuits Yamamoto \u201cBio\u201d Neoprene \u2013 Friendly skin The rubber products from Yamamoto Corporation are made of fully closed-cell foam (honeycomb structure), which offers excellent thermal insulation qualities, high flexibility, and a very low density (lightweight). Yamamoto Corporation can supply excellent, high-quality materials at the appropriate thicknesses that satisfy environmental [&hellip;]<\/p>\n","protected":false},"featured_media":790420,"template":"","meta":{"_et_pb_use_builder":"","_et_pb_old_content":"","_et_gb_content_width":""},"product_brand":[],"product_cat":[54,49,43,170],"product_tag":[],"class_list":{"0":"post-790464","1":"product","2":"type-product","3":"status-publish","4":"has-post-thumbnail","6":"product_cat-novi-proizvodi","7":"product_cat-odijela-5mm","8":"product_cat-odijela-za-podvodni-ribolov","9":"product_cat-pescador","11":"first","12":"instock","13":"shipping-taxable","14":"purchasable","15":"product-type-variable"},"_links":{"self":[{"href":"https:\/\/neocarbone.com\/de\/wp-json\/wp\/v2\/product\/790464","targetHints":{"allow":["GET"]}}],"collection":[{"href":"https:\/\/neocarbone.com\/de\/wp-json\/wp\/v2\/product"}],"about":[{"href":"https:\/\/neocarbone.com\/de\/wp-json\/wp\/v2\/types\/product"}],"wp:featuredmedia":[{"embeddable":true,"href":"https:\/\/neocarbone.com\/de\/wp-json\/wp\/v2\/media\/790420"}],"wp:attachment":[{"href":"https:\/\/neocarbone.com\/de\/wp-json\/wp\/v2\/media?parent=790464"}],"wp:term":[{"taxonomy":"product_brand","embeddable":true,"href":"https:\/\/neocarbone.com\/de\/wp-json\/wp\/v2\/product_brand?post=790464"},{"taxonomy":"product_cat","embeddable":true,"href":"https:\/\/neocarbone.com\/de\/wp-json\/wp\/v2\/product_cat?post=790464"},{"taxonomy":"product_tag","embeddable":true,"href":"https:\/\/neocarbone.com\/de\/wp-json\/wp\/v2\/product_tag?post=790464"}],"curies":[{"name":"wp","href":"https:\/\/api.w.org\/{rel}","templated":true}]}}