{"id":790471,"date":"2026-03-10T21:05:41","date_gmt":"2026-03-10T19:05:41","guid":{"rendered":"https:\/\/neocarbone.com\/?post_type=product&#038;p=790471"},"modified":"2026-03-11T10:06:16","modified_gmt":"2026-03-11T08:06:16","slug":"odijelo-pescador-fire-5mm","status":"publish","type":"product","link":"https:\/\/neocarbone.com\/de\/product\/odijelo-pescador-fire-5mm\/","title":{"rendered":"Pescador Fire Neoprenanzug \u2013 5 mm"},"content":{"rendered":"<p><strong>Kombinaison de Chasse Sous-Marine \u201cFIRE\u201d Yamamoto \u2013 5 mm<\/strong><\/p>\n<p><strong>Kombinationen \u201cBio\u201d Neopren Yamamoto \u2013 hypoallergen<\/strong><\/p>\n<ul>\n<li>Die Pescador Sub-Kombinationen verwenden eine 3D-Tarnung mit einer 3D-Impressionstechnik, die auf von der Natur inspirierten Motiven mit einem anatomischen Spitzen-Coup\u00e9 basiert. Diese Kombinationen zielen darauf ab, eine Tarnung mit zus\u00e4tzlicher Wirksamkeit zu erzielen und der Umgebung ein einheitliches Aussehen zu verleihen.<\/li>\n<li>Zum Beispiel sind die Gifte, die wir anstreben, nicht ganz einfarbig, 99 % der Gifte sind auf einem wei\u00dfen Bauch mit einem doppelten Grund. Die Ursache liegt darin, dass die Giftigkeit auf der Basis liegt, sie wird mit der Leuchtkraft des Himmels in Verbindung gebracht und umgekehrt, wenn sie auf der Haut liegt, l\u00e4sst sie sich durch die Verschleierung der Meeresfonds leicht tarnen.<\/li>\n<li>Die \u00abtraditionelle\u00bb schwarze Farbe ist eine im Wasser leicht erkennbare Silhouette. Ein gutes Beispiel f\u00fcr Phoques, sie haben diese Farbe, um die Sonnenw\u00e4rme effektiv zu absorbieren, um den kalten Temperaturen in der Gletscherumgebung entgegenzuwirken, aber sie treten ins Wasser, sie lassen sich leicht f\u00fcr Raubtiere einsetzen, weil sie ihre Silhouette haben Bien definitiv.<\/li>\n<li>Die realistische 3D-Nutzung von Pescador bietet einen sofortigen Zieleffekt mit einem professionellen Mittel zur Verbesserung der Tarnwirkung.<\/li>\n<li>Unser ausgew\u00e4hltes Neopren ist Yamamoto 39, das als das beste der Welt f\u00fcr Kombinationen aus Training, Surfen und Triathlon gilt.<\/li>\n<li>W\u00e4hrend einiger Zeit ist es nicht m\u00f6glich, den Vorteil dieses Materials zu verbessern, das Yamamoto 39, nur dass ein externes Material verf\u00fcgbar ist, das 30 % an Flexibilit\u00e4t und mehr als andere Materialien bietet, die derzeit auf dem Markt sind.<\/li>\n<li>Yamamoto 39 ist das beste Neopren, erstellt von Yamamoto Japan. Es besteht aus geh\u00e4rteten Zellen in einer sechseckigen Struktur, die technisch mit dem Namen HONEYCOMB vergleichbar ist, und bietet eine hohe Dichte (weniger Gewicht), eine gro\u00dfe Flexibilit\u00e4t und eine hervorragende thermische Isolierung ohne Fuite.<\/li>\n<li>Das in unserer Yamamoto-Ausr\u00fcstung verwendete Neopren weist die folgenden Eigenschaften auf:<\/li>\n<li>\u2013 H\u00f6here Mobilit\u00e4t<\/li>\n<li>\u2013 Mehr Komfort<\/li>\n<li>\u2013 Hohe Bleibekapazit\u00e4t<\/li>\n<li>- Licht<\/li>\n<li>\u2013 Hohe Langlebigkeit<\/li>\n<li>Die Kombinationen von Fischen werden in einer gro\u00dfen Vielfalt farbiger Motive f\u00fcr unterschiedliche Arten von Meeres- und Meeresumgebungen hergestellt, mit einem modernen anatomischen Geh\u00e4use und an der Spitze der Technologie. Das Hauptziel besteht darin, ein H\u00f6chstma\u00df an Komfort und Flexibilit\u00e4t bei der Nutzung zu bieten, eine gro\u00dfe Bewegungsfreiheit und eine \u00fcberlegene thermische Isolation zu erm\u00f6glichen.<\/li>\n<li>Der Pescador wertet alle entscheidenden Punkte aus, indem er sich auf das Angebot eines Spitzenprodukts konzentriert und die auf dem Weltmarkt verf\u00fcgbaren Spitzenmaterialien nutzt, um ein H\u00f6chstma\u00df an Komfort und Bequemlichkeit f\u00fcr die Praxis Ihres Lieblingssports zu gew\u00e4hrleisten.<\/li>\n<li>Unsere Kombinationen sind in 3 mm, 5 mm, 7 mm, 8 mm und 9 mm erh\u00e4ltlich<\/li>\n<li><strong>Gr\u00f6\u00dfen: M, L, XL, 2XL, 3XL, 4XL<\/strong><\/li>\n<\/ul>","protected":false},"excerpt":{"rendered":"<p>Combinaison de Chasse sous-marine \u201cFIRE\u201d Yamamoto \u2013 5mm Combinaisons \u201cBio\u201d Neopr\u00e8ne Yamamoto \u2013 hypoallerg\u00e9nique Les combinaisons Pescador sub utilisent un camouflage 3D utilisant une technique d\u2019impression 3D bas\u00e9e sur des motifs inspir\u00e9s de la nature avec une coupe anatomique de pointe. Ces combinaisons s\u2019adressent \u00e0 ceux qui attendent un camouflage beaucoup plus efficace, s\u2019int\u00e9grant parfaitement [&hellip;]<\/p>\n","protected":false},"featured_media":790417,"template":"","meta":{"_et_pb_use_builder":"","_et_pb_old_content":"","_et_gb_content_width":""},"product_brand":[],"product_cat":[54,49,43,170],"product_tag":[],"class_list":{"0":"post-790471","1":"product","2":"type-product","3":"status-publish","4":"has-post-thumbnail","6":"product_cat-novi-proizvodi","7":"product_cat-odijela-5mm","8":"product_cat-odijela-za-podvodni-ribolov","9":"product_cat-pescador","11":"first","12":"instock","13":"shipping-taxable","14":"purchasable","15":"product-type-variable"},"_links":{"self":[{"href":"https:\/\/neocarbone.com\/de\/wp-json\/wp\/v2\/product\/790471","targetHints":{"allow":["GET"]}}],"collection":[{"href":"https:\/\/neocarbone.com\/de\/wp-json\/wp\/v2\/product"}],"about":[{"href":"https:\/\/neocarbone.com\/de\/wp-json\/wp\/v2\/types\/product"}],"wp:featuredmedia":[{"embeddable":true,"href":"https:\/\/neocarbone.com\/de\/wp-json\/wp\/v2\/media\/790417"}],"wp:attachment":[{"href":"https:\/\/neocarbone.com\/de\/wp-json\/wp\/v2\/media?parent=790471"}],"wp:term":[{"taxonomy":"product_brand","embeddable":true,"href":"https:\/\/neocarbone.com\/de\/wp-json\/wp\/v2\/product_brand?post=790471"},{"taxonomy":"product_cat","embeddable":true,"href":"https:\/\/neocarbone.com\/de\/wp-json\/wp\/v2\/product_cat?post=790471"},{"taxonomy":"product_tag","embeddable":true,"href":"https:\/\/neocarbone.com\/de\/wp-json\/wp\/v2\/product_tag?post=790471"}],"curies":[{"name":"wp","href":"https:\/\/api.w.org\/{rel}","templated":true}]}}