{"id":790499,"date":"2026-03-10T21:27:52","date_gmt":"2026-03-10T19:27:52","guid":{"rendered":"https:\/\/neocarbone.com\/?post_type=product&#038;p=790499"},"modified":"2026-03-29T20:48:40","modified_gmt":"2026-03-29T18:48:40","slug":"odijelo-pescador-fire-green-7mm","status":"publish","type":"product","link":"https:\/\/neocarbone.com\/de\/product\/odijelo-pescador-fire-green-7mm\/","title":{"rendered":"Pescador Fire Green Neoprenanzug \u2013 7 mm"},"content":{"rendered":"<p><strong>Neoprenanzug \u201cFeuergr\u00fcn\u201d Yamamoto \u2013 7 mm<\/strong><\/p>\n<p><strong>Yamamoto \u201cBio\u201d-Neoprenanz\u00fcge \u2013 hautfreundlich<\/strong><\/p>\n<ul>\n<li>Die Gummiprodukte der Yamamoto Corporation bestehen aus vollst\u00e4ndig geschlossenzelligem Schaumstoff (Wabenstruktur), der hervorragende W\u00e4rmed\u00e4mmeigenschaften, hohe Flexibilit\u00e4t und eine sehr geringe Dichte (geringes Gewicht) bietet.<\/li>\n<li>Die Yamamoto Corporation kann hervorragende, qualitativ hochwertige Materialien in den entsprechenden St\u00e4rken liefern, die den Umwelt- und Anwendungsanforderungen gerecht werden.<\/li>\n<li>Yamamoto-Neopren wird nach seiner Festigkeit und Flexibilit\u00e4t unterschieden. Das am weitesten verbreitete Material ist Yamamoto 39.<\/li>\n<li>Dieses Neopren wird beim Speerfischen, Freitauchen, Surfen und Triathlon verwendet.<\/li>\n<li>Alle Materialien zeichnen sich durch folgende hervorragende Eigenschaften aus:<\/li>\n<li>Extrem niedriger Widerstand:<\/li>\n<li>Hohe W\u00e4rmespeicherung<\/li>\n<li>Leichtgewicht<\/li>\n<li>Hohe Langlebigkeit<\/li>\n<li>Der Komfort und das Wohlbefinden der Unterwasserj\u00e4ger standen bei der Entwicklung der PESCADOR SUB Neoprenanz\u00fcge im Vordergrund.<\/li>\n<li>Ein anatomisch geformter Neoprenanzug erm\u00f6glicht es Anglern, sich unter Wasser genauso frei zu bewegen wie ohne Anzug. Da der Anzug weniger W\u00e4rme speichert, k\u00f6nnen Angler stundenlang in Wasser mit Temperaturen zwischen 10 und 15 Grad Celsius verbringen, ohne es \u00fcberhaupt zu merken.<\/li>\n<li>Dank seiner Tarnfarben k\u00f6nnen Sie je nach Fischart und Angelgebiet das f\u00fcr Sie am besten geeignete Modell ausw\u00e4hlen.<\/li>\n<li>Der Fisch, der darauf wartet, von Ihnen mit nach Hause genommen zu werden, ist das Einzige, woran Sie denken, wenn Sie Ihrem Hobby nachgehen, denn PESCADOR SUB legt Wert auf alle wichtigen Faktoren bei der Herstellung von Produkten von h\u00f6chster Qualit\u00e4t.<\/li>\n<li>Wir haben Anz\u00fcge in 1 Punkt: 5 mm, 3 mm, 5 mm, 7 mm und 9 mm.<\/li>\n<li><strong>Gr\u00f6\u00dfen: M, L, XL, XXL, XXXL, XXXXL<\/strong><\/li>\n<\/ul>\n<p>&nbsp;<\/p>\n<p><strong>Kombinaison de Chasse Sous-Marine \u201cFire Green\u201d Yamamoto \u2013 7 mm<\/strong><\/p>\n<p><strong>Kombinationen \u201cBio\u201d Neopren Yamamoto \u2013 hypoallergen<\/strong><\/p>\n<ul>\n<li>Die Pescador Sub-Kombinationen verwenden eine 3D-Tarnung mit einer 3D-Impressionstechnik, die auf von der Natur inspirierten Motiven mit einem anatomischen Spitzen-Coup\u00e9 basiert. Diese Kombinationen zielen darauf ab, eine Tarnung mit zus\u00e4tzlicher Wirksamkeit zu erzielen und der Umgebung ein einheitliches Aussehen zu verleihen.<\/li>\n<li>Zum Beispiel sind die Gifte, die wir anstreben, nicht ganz einfarbig, 99 % der Gifte sind auf einem wei\u00dfen Bauch mit einem doppelten Grund. Die Ursache liegt darin, dass die Giftigkeit auf der Basis liegt, sie wird mit der Leuchtkraft des Himmels in Verbindung gebracht und umgekehrt, wenn sie auf der Haut liegt, l\u00e4sst sie sich durch die Verschleierung der Meeresfonds leicht tarnen.<\/li>\n<li>Die \u00abtraditionelle\u00bb schwarze Farbe ist eine im Wasser leicht erkennbare Silhouette. Ein gutes Beispiel f\u00fcr Phoques, sie haben diese Farbe, um die Sonnenw\u00e4rme effektiv zu absorbieren, um den kalten Temperaturen in der Gletscherumgebung entgegenzuwirken, aber sie treten ins Wasser, sie lassen sich leicht f\u00fcr Raubtiere einsetzen, weil sie ihre Silhouette haben Bien definitiv.<\/li>\n<li>Die realistische 3D-Nutzung von Pescador bietet einen sofortigen Zieleffekt mit einem professionellen Mittel zur Verbesserung der Tarnwirkung.<\/li>\n<li>Unser ausgew\u00e4hltes Neopren ist Yamamoto 39, das als das beste der Welt f\u00fcr Kombinationen aus Training, Surfen und Triathlon gilt.<\/li>\n<li>W\u00e4hrend einiger Zeit ist es nicht m\u00f6glich, den Vorteil dieses Materials zu verbessern, das Yamamoto 39, nur dass ein externes Material verf\u00fcgbar ist, das 30 % an Flexibilit\u00e4t und mehr als andere Materialien bietet, die derzeit auf dem Markt sind.<\/li>\n<li>Yamamoto 39 ist das beste Neopren, erstellt von Yamamoto Japan. Es besteht aus geh\u00e4rteten Zellen in einer sechseckigen Struktur, die technisch mit dem Namen HONEYCOMB vergleichbar ist, und bietet eine hohe Dichte (weniger Gewicht), eine gro\u00dfe Flexibilit\u00e4t und eine hervorragende thermische Isolierung ohne Fuite.<\/li>\n<li>Das in unserer Yamamoto-Ausr\u00fcstung verwendete Neopren weist die folgenden Eigenschaften auf:<\/li>\n<li>\u2013 H\u00f6here Mobilit\u00e4t<\/li>\n<li>\u2013 Mehr Komfort<\/li>\n<li>\u2013 Hohe Bleibekapazit\u00e4t<\/li>\n<li>- Licht<\/li>\n<li>\u2013 Hohe Langlebigkeit<\/li>\n<li>Die Kombinationen von Fischen werden in einer gro\u00dfen Vielfalt farbiger Motive f\u00fcr unterschiedliche Arten von Meeres- und Meeresumgebungen hergestellt, mit einem modernen anatomischen Geh\u00e4use und an der Spitze der Technologie. Das Hauptziel besteht darin, ein H\u00f6chstma\u00df an Komfort und Flexibilit\u00e4t bei der Nutzung zu bieten, eine gro\u00dfe Bewegungsfreiheit und eine \u00fcberlegene thermische Isolation zu erm\u00f6glichen.<\/li>\n<li>Der Pescador wertet alle entscheidenden Punkte aus, indem er sich auf das Angebot eines Spitzenprodukts konzentriert und die auf dem Weltmarkt verf\u00fcgbaren Spitzenmaterialien nutzt, um ein H\u00f6chstma\u00df an Komfort und Bequemlichkeit f\u00fcr die Praxis Ihres Lieblingssports zu gew\u00e4hrleisten.<\/li>\n<li>Unsere Kombinationen sind in 3 mm, 5 mm, 7 mm, 8 mm und 9 mm erh\u00e4ltlich<\/li>\n<\/ul>\n<p>Gr\u00f6\u00dfen:\u00a0<strong>Gr\u00f6\u00dfen: M, L, XL, 2XL, 3XL, 4XL<\/strong><\/p>","protected":false},"excerpt":{"rendered":"<p>Wetsuit \u201cFire Green\u201d Yamamoto \u2013 7mm Wetsuits Yamamoto \u201cBio\u201d Neoprene \u2013 Friendly skin The rubber products from Yamamoto Corporation are made of fully closed-cell foam (honeycomb structure), which offers excellent thermal insulation qualities, high flexibility, and a very low density (lightweight). Yamamoto Corporation can supply excellent, high-quality materials at the appropriate thicknesses that satisfy environmental [&hellip;]<\/p>\n","protected":false},"featured_media":790423,"template":"","meta":{"_et_pb_use_builder":"","_et_pb_old_content":"","_et_gb_content_width":""},"product_brand":[],"product_cat":[54,50,43,170],"product_tag":[],"class_list":{"0":"post-790499","1":"product","2":"type-product","3":"status-publish","4":"has-post-thumbnail","6":"product_cat-novi-proizvodi","7":"product_cat-odijela-7mm","8":"product_cat-odijela-za-podvodni-ribolov","9":"product_cat-pescador","11":"first","12":"instock","13":"shipping-taxable","14":"purchasable","15":"product-type-variable"},"_links":{"self":[{"href":"https:\/\/neocarbone.com\/de\/wp-json\/wp\/v2\/product\/790499","targetHints":{"allow":["GET"]}}],"collection":[{"href":"https:\/\/neocarbone.com\/de\/wp-json\/wp\/v2\/product"}],"about":[{"href":"https:\/\/neocarbone.com\/de\/wp-json\/wp\/v2\/types\/product"}],"wp:featuredmedia":[{"embeddable":true,"href":"https:\/\/neocarbone.com\/de\/wp-json\/wp\/v2\/media\/790423"}],"wp:attachment":[{"href":"https:\/\/neocarbone.com\/de\/wp-json\/wp\/v2\/media?parent=790499"}],"wp:term":[{"taxonomy":"product_brand","embeddable":true,"href":"https:\/\/neocarbone.com\/de\/wp-json\/wp\/v2\/product_brand?post=790499"},{"taxonomy":"product_cat","embeddable":true,"href":"https:\/\/neocarbone.com\/de\/wp-json\/wp\/v2\/product_cat?post=790499"},{"taxonomy":"product_tag","embeddable":true,"href":"https:\/\/neocarbone.com\/de\/wp-json\/wp\/v2\/product_tag?post=790499"}],"curies":[{"name":"wp","href":"https:\/\/api.w.org\/{rel}","templated":true}]}}