{"id":100542,"date":"2023-04-26T13:32:09","date_gmt":"2023-04-26T11:32:09","guid":{"rendered":"https:\/\/neocarbone.com\/?post_type=product&#038;p=100542"},"modified":"2024-03-24T00:01:42","modified_gmt":"2024-03-23T22:01:42","slug":"sharkskin-boat-jacket","status":"publish","type":"product","link":"https:\/\/neocarbone.com\/en\/product\/sharkskin-boat-jacket\/","title":{"rendered":"SharkSkin Boat Jacket"},"content":{"rendered":"<p>2 mm neoprene nylon jacket on the inside and embossed upper on the outside for abrasion resistance.<br \/>\n- Optimal properties of thermal protection, stopping wind and stopping water infiltration. - One pocket on each side, adjustable wrists and hood.<\/p>","protected":false},"excerpt":{"rendered":"<p>2 mm neoprenska jakna najlona iznutra i reljefni natko\u017enjak izvana radi otpornosti na abraziju. &#8211; Optimalna svojstva termi\u010dke za\u0161tite, zaustavljanja vjetra i zaustavljanja vodenih infiltracija.- Jedan d\u017eep sa svake strane, podesiva zape\u0161\u0107a i kapulja\u010da.<\/p>","protected":false},"featured_media":100572,"template":"","meta":{"_et_pb_use_builder":"","_et_pb_old_content":"","_et_gb_content_width":""},"product_brand":[],"product_cat":[70],"product_tag":[],"class_list":{"0":"post-100542","1":"product","2":"type-product","3":"status-publish","4":"has-post-thumbnail","6":"product_cat-odjeca","8":"first","9":"instock","10":"shipping-taxable","11":"purchasable","12":"product-type-variable"},"_links":{"self":[{"href":"https:\/\/neocarbone.com\/en\/wp-json\/wp\/v2\/product\/100542","targetHints":{"allow":["GET"]}}],"collection":[{"href":"https:\/\/neocarbone.com\/en\/wp-json\/wp\/v2\/product"}],"about":[{"href":"https:\/\/neocarbone.com\/en\/wp-json\/wp\/v2\/types\/product"}],"wp:featuredmedia":[{"embeddable":true,"href":"https:\/\/neocarbone.com\/en\/wp-json\/wp\/v2\/media\/100572"}],"wp:attachment":[{"href":"https:\/\/neocarbone.com\/en\/wp-json\/wp\/v2\/media?parent=100542"}],"wp:term":[{"taxonomy":"product_brand","embeddable":true,"href":"https:\/\/neocarbone.com\/en\/wp-json\/wp\/v2\/product_brand?post=100542"},{"taxonomy":"product_cat","embeddable":true,"href":"https:\/\/neocarbone.com\/en\/wp-json\/wp\/v2\/product_cat?post=100542"},{"taxonomy":"product_tag","embeddable":true,"href":"https:\/\/neocarbone.com\/en\/wp-json\/wp\/v2\/product_tag?post=100542"}],"curies":[{"name":"wp","href":"https:\/\/api.w.org\/{rel}","templated":true}]}}