{"id":100545,"date":"2023-04-26T13:32:09","date_gmt":"2023-04-26T11:32:09","guid":{"rendered":"https:\/\/neocarbone.com\/?post_type=product&#038;p=100545"},"modified":"2023-04-26T13:33:30","modified_gmt":"2023-04-26T11:33:30","slug":"hoodie","status":"publish","type":"product","link":"https:\/\/neocarbone.com\/en\/product\/hoodie\/","title":{"rendered":"Hoodie"},"content":{"rendered":"<p>Sweatshirt with hood black 100% breathable polyester<br \/>\nquick drying technical fibers, available in 5 sizes.<\/p>","protected":false},"excerpt":{"rendered":"<p>Duks majica s kapulja\u010dom crna 100% prozra\u010dan poliester brzo su\u0161enje tehni\u010dkih vlakana, na raspolaganju 5 veli\u010dina.<\/p>","protected":false},"featured_media":100582,"template":"","meta":{"_et_pb_use_builder":"","_et_pb_old_content":"","_et_gb_content_width":""},"product_brand":[],"product_cat":[70],"product_tag":[],"class_list":{"0":"post-100545","1":"product","2":"type-product","3":"status-publish","4":"has-post-thumbnail","6":"product_cat-odjeca","8":"first","9":"instock","10":"shipping-taxable","11":"purchasable","12":"product-type-variable"},"_links":{"self":[{"href":"https:\/\/neocarbone.com\/en\/wp-json\/wp\/v2\/product\/100545","targetHints":{"allow":["GET"]}}],"collection":[{"href":"https:\/\/neocarbone.com\/en\/wp-json\/wp\/v2\/product"}],"about":[{"href":"https:\/\/neocarbone.com\/en\/wp-json\/wp\/v2\/types\/product"}],"wp:featuredmedia":[{"embeddable":true,"href":"https:\/\/neocarbone.com\/en\/wp-json\/wp\/v2\/media\/100582"}],"wp:attachment":[{"href":"https:\/\/neocarbone.com\/en\/wp-json\/wp\/v2\/media?parent=100545"}],"wp:term":[{"taxonomy":"product_brand","embeddable":true,"href":"https:\/\/neocarbone.com\/en\/wp-json\/wp\/v2\/product_brand?post=100545"},{"taxonomy":"product_cat","embeddable":true,"href":"https:\/\/neocarbone.com\/en\/wp-json\/wp\/v2\/product_cat?post=100545"},{"taxonomy":"product_tag","embeddable":true,"href":"https:\/\/neocarbone.com\/en\/wp-json\/wp\/v2\/product_tag?post=100545"}],"curies":[{"name":"wp","href":"https:\/\/api.w.org\/{rel}","templated":true}]}}