{"id":100668,"date":"2023-04-26T13:39:49","date_gmt":"2023-04-26T11:39:49","guid":{"rendered":"https:\/\/neocarbone.com\/?post_type=product&#038;p=100668"},"modified":"2023-04-26T13:40:07","modified_gmt":"2023-04-26T11:40:07","slug":"pole-spear-black","status":"publish","type":"product","link":"https:\/\/neocarbone.com\/en\/product\/pole-spear-black\/","title":{"rendered":"Pole spear black"},"content":{"rendered":"<p>Fishing rods 150 cm (59&#039;)<br \/>\nRecommended for hole huntingAvailable in two colors: red, and black 2-piece, compact and lightweight rodMade of 1.30cm (\u00bd\u201d) durable fiberglass material with a special outer coating of silicone mesh for a smooth durable fiber finishFilled with chrome ferrules with O-ring for joint sealing High-quality hand-crafted 5-tooth harness \u00abSuper Power\u00bb 100% long-life latex rubber<\/p>","protected":false},"excerpt":{"rendered":"<p>Osti za ribolov 150 cm (59 &#8216;) Preporu\u010dene za lov po rupamaDostupne u dvije boje: crvena, i crna2 dijelni, kompaktan i lagan \u0161tapIzra\u0111uje se od 1.30cm (\u00bd\u201d ) izdr\u017eljivogstakloplasti\u010dnog materijala saposebnim vanjskim premazom od silikonske mre\u017eice zaglatku izdr\u017eljivu vlaknastu zavr\u0161nu obradu.Ispunjene s kromiranim ferulama s O-prstenom za brtvljenje spojevaVisokokvalitetan ru\u010dno izra\u0111en sve\u017eanj od 5 zubaca\u00abSuper [&hellip;]<\/p>\n","protected":false},"featured_media":100677,"template":"","meta":{"_et_pb_use_builder":"","_et_pb_old_content":"","_et_gb_content_width":""},"product_brand":[],"product_cat":[75],"product_tag":[],"class_list":{"0":"post-100668","1":"product","2":"type-product","3":"status-publish","4":"has-post-thumbnail","6":"product_cat-koplja","8":"first","9":"instock","10":"shipping-taxable","11":"purchasable","12":"product-type-simple"},"_links":{"self":[{"href":"https:\/\/neocarbone.com\/en\/wp-json\/wp\/v2\/product\/100668","targetHints":{"allow":["GET"]}}],"collection":[{"href":"https:\/\/neocarbone.com\/en\/wp-json\/wp\/v2\/product"}],"about":[{"href":"https:\/\/neocarbone.com\/en\/wp-json\/wp\/v2\/types\/product"}],"wp:featuredmedia":[{"embeddable":true,"href":"https:\/\/neocarbone.com\/en\/wp-json\/wp\/v2\/media\/100677"}],"wp:attachment":[{"href":"https:\/\/neocarbone.com\/en\/wp-json\/wp\/v2\/media?parent=100668"}],"wp:term":[{"taxonomy":"product_brand","embeddable":true,"href":"https:\/\/neocarbone.com\/en\/wp-json\/wp\/v2\/product_brand?post=100668"},{"taxonomy":"product_cat","embeddable":true,"href":"https:\/\/neocarbone.com\/en\/wp-json\/wp\/v2\/product_cat?post=100668"},{"taxonomy":"product_tag","embeddable":true,"href":"https:\/\/neocarbone.com\/en\/wp-json\/wp\/v2\/product_tag?post=100668"}],"curies":[{"name":"wp","href":"https:\/\/api.w.org\/{rel}","templated":true}]}}