{"id":100690,"date":"2023-04-26T13:49:22","date_gmt":"2023-04-26T11:49:22","guid":{"rendered":"https:\/\/neocarbone.com\/?post_type=product&#038;p=100690"},"modified":"2023-04-26T14:01:41","modified_gmt":"2023-04-26T12:01:41","slug":"epsealon-exium-g2","status":"publish","type":"product","link":"https:\/\/neocarbone.com\/en\/product\/epsealon-exium-g2\/","title":{"rendered":"Epsealon Exium G2"},"content":{"rendered":"<ul>\n<li>Power, accuracy, ergonomics: aluminum tube construction A (patented system) ovoid section combines lateral hydrodynamics and high rigidity to achieve high bending resistance and optimal shooting accuracy,<\/li>\n<li>Ergonomic handle designed with an ideal angle between the handle and the shaft of the rifle,<\/li>\n<li>The handle and support for loading the rifle are coated with an impermeable thermoplastic elastomer TPE for a better grip,<\/li>\n<li>A clear finish line,<\/li>\n<li>100% stainless steel mechanism,<\/li>\n<li>Adjusting the sensitivity of the trigger and the safety device is done with one left \/ right lever,<\/li>\n<li>Ultra light G2 head with line holder (patented system),<\/li>\n<li>Removable stainless steel bridge for quick open\/closed head switching,<\/li>\n<li>Shaft guide TPE along the entire length of the tube to avoid noise and friction on the arrow,<\/li>\n<li>Models 75\/90\/100 are equipped with a notched arrow, diameter 6.25 mm stainless steel Sandvik thermal treatment for high resistance to bending,<\/li>\n<li>Mono circular rubber band ShockWave 18 mm and coiled straight articulated ogive,<\/li>\n<li>Models 110\/120\/130 are equipped with an arrow with shark hooks with a diameter of 7mm stainless steel 17-4HP thermal process for high resistance to bending,<\/li>\n<li>ShockWave 16 mm double circular rubber and coiled dyneema ogives.<\/li>\n<\/ul>","protected":false},"excerpt":{"rendered":"<p>Snaga, to\u010dnost, ergonomija: aluminijska konstrukcija cijevi A (patentirani sustav) jajolik presjek kombinira bo\u010dnu hidrodinamiku i veliku krutost za postizanje visokog otpora na savijanje i optimalnu preciznost ga\u0111anja, Ergonomska ru\u010dica dizajnirana sa idealnim kutom izme\u0111u ru\u010dke i osovine pu\u0161ke, Ru\u010dica i potpora za punjenje pu\u0161ke sa oblo\u017eenim nepropusnim termoplasti\u010dnim elastomerom TPE za bolji zahvat, Jasna ciljna [&hellip;]<\/p>\n","protected":false},"featured_media":100720,"template":"","meta":{"_et_pb_use_builder":"","_et_pb_old_content":"","_et_gb_content_width":""},"product_brand":[],"product_cat":[76,77],"product_tag":[],"class_list":{"0":"post-100690","1":"product","2":"type-product","3":"status-publish","4":"has-post-thumbnail","6":"product_cat-podvodne-puske","7":"product_cat-podvodne-puske-aluminijske","9":"first","10":"onbackorder","11":"shipping-taxable","12":"product-type-variable"},"_links":{"self":[{"href":"https:\/\/neocarbone.com\/en\/wp-json\/wp\/v2\/product\/100690","targetHints":{"allow":["GET"]}}],"collection":[{"href":"https:\/\/neocarbone.com\/en\/wp-json\/wp\/v2\/product"}],"about":[{"href":"https:\/\/neocarbone.com\/en\/wp-json\/wp\/v2\/types\/product"}],"wp:featuredmedia":[{"embeddable":true,"href":"https:\/\/neocarbone.com\/en\/wp-json\/wp\/v2\/media\/100720"}],"wp:attachment":[{"href":"https:\/\/neocarbone.com\/en\/wp-json\/wp\/v2\/media?parent=100690"}],"wp:term":[{"taxonomy":"product_brand","embeddable":true,"href":"https:\/\/neocarbone.com\/en\/wp-json\/wp\/v2\/product_brand?post=100690"},{"taxonomy":"product_cat","embeddable":true,"href":"https:\/\/neocarbone.com\/en\/wp-json\/wp\/v2\/product_cat?post=100690"},{"taxonomy":"product_tag","embeddable":true,"href":"https:\/\/neocarbone.com\/en\/wp-json\/wp\/v2\/product_tag?post=100690"}],"curies":[{"name":"wp","href":"https:\/\/api.w.org\/{rel}","templated":true}]}}