{"id":100691,"date":"2023-04-26T13:49:22","date_gmt":"2023-04-26T11:49:22","guid":{"rendered":"https:\/\/neocarbone.com\/?post_type=product&#038;p=100691"},"modified":"2025-04-30T00:03:00","modified_gmt":"2025-04-29T22:03:00","slug":"epsealon-striker-pro-black","status":"publish","type":"product","link":"https:\/\/neocarbone.com\/en\/product\/epsealon-striker-pro-black\/","title":{"rendered":"Epsealon Striker Pro Black"},"content":{"rendered":"<ul>\n<li>Ambidextrous rifle equipped with reel Echo 50 meters empty \/ shock absorber \/ preload,<\/li>\n<li>Tube diameter 28 mm aluminum 1.2 mm anodized black with integrated arrow guide,<\/li>\n<li>Built-in 316L stainless steel one-piece mechanism with resistive load on the rear part,<\/li>\n<li>Ergonomic and robust handle designed with an ideal angle of inclination and a clean target for aiming,<\/li>\n<li>Open head with 16mm FireStorm double rubber and dyneema ogive,<\/li>\n<li>Handle and muzzle made of nylon 6 filled with 30% fiberglass for better resistance,<\/li>\n<li>Sandvik steel shaft with a diameter of 7 mm with dyneema ogive.<\/li>\n<\/ul>","protected":false},"excerpt":{"rendered":"<p>Ambidextrous pu\u0161ka opremljena mulinelom Echo 50 metara praznim \/ amortizer \/ predvez, Cijev promjera 28mm aluminij 1.2 mm anodiziran crni s integriranom vodilicom strelice, Ugra\u0111eni 316L mehanizam od nehr\u0111aju\u0107eg \u010delika u jednom komadu s s otpornim optere\u0107enjem zadnjeg djela, Ergonomska i robusna ru\u010dica dizajnirana s idealnim kutom nagiba i \u010distom metom za ciljanje, Otvorena glava [&hellip;]<\/p>\n","protected":false},"featured_media":100727,"template":"","meta":{"_et_pb_use_builder":"","_et_pb_old_content":"","_et_gb_content_width":""},"product_brand":[],"product_cat":[131,76,77],"product_tag":[],"class_list":{"0":"post-100691","1":"product","2":"type-product","3":"status-publish","4":"has-post-thumbnail","6":"product_cat-akcija","7":"product_cat-podvodne-puske","8":"product_cat-podvodne-puske-aluminijske","10":"first","11":"instock","12":"shipping-taxable","13":"purchasable","14":"product-type-variable"},"_links":{"self":[{"href":"https:\/\/neocarbone.com\/en\/wp-json\/wp\/v2\/product\/100691","targetHints":{"allow":["GET"]}}],"collection":[{"href":"https:\/\/neocarbone.com\/en\/wp-json\/wp\/v2\/product"}],"about":[{"href":"https:\/\/neocarbone.com\/en\/wp-json\/wp\/v2\/types\/product"}],"wp:featuredmedia":[{"embeddable":true,"href":"https:\/\/neocarbone.com\/en\/wp-json\/wp\/v2\/media\/100727"}],"wp:attachment":[{"href":"https:\/\/neocarbone.com\/en\/wp-json\/wp\/v2\/media?parent=100691"}],"wp:term":[{"taxonomy":"product_brand","embeddable":true,"href":"https:\/\/neocarbone.com\/en\/wp-json\/wp\/v2\/product_brand?post=100691"},{"taxonomy":"product_cat","embeddable":true,"href":"https:\/\/neocarbone.com\/en\/wp-json\/wp\/v2\/product_cat?post=100691"},{"taxonomy":"product_tag","embeddable":true,"href":"https:\/\/neocarbone.com\/en\/wp-json\/wp\/v2\/product_tag?post=100691"}],"curies":[{"name":"wp","href":"https:\/\/api.w.org\/{rel}","templated":true}]}}