{"id":100693,"date":"2023-04-26T13:49:23","date_gmt":"2023-04-26T11:49:23","guid":{"rendered":"https:\/\/neocarbone.com\/?post_type=product&#038;p=100693"},"modified":"2023-04-26T13:51:15","modified_gmt":"2023-04-26T11:51:15","slug":"epsealon-striker-special-edition-tsc-90","status":"publish","type":"product","link":"https:\/\/neocarbone.com\/en\/product\/epsealon-striker-special-edition-tsc-90\/","title":{"rendered":"Epsealon Striker Special edition TSC 90"},"content":{"rendered":"<ul>\n<li>Ambitextrous, a light and practical rifle, specially developed for shooting targets in the pool and tested by one of our greatest French champions,<\/li>\n<li>Tube with a diameter of 28 millimeters, aluminum 1mm black anodized with a cut arrow guide with a total length of 20cm, in accordance with the rules and conditions of use at national competitions in France,<\/li>\n<li>Built-in one-piece 316L stainless steel movement with perforated backloading. and a clear target,<\/li>\n<li>Ergonomic and robust handle designed with an ideal angle of inclination,<\/li>\n<li>Closed head with a view,<\/li>\n<li>Fastening for screws and circular rubber bands,<\/li>\n<li>Handle and head made of nylon 6 filled with fiberglass 30% for better resistance,<\/li>\n<li>Sandvik made of stainless steel, diameter 6.25 mm, length 135 cm,<\/li>\n<li>A slight excess of 5 cm compared to the standard length,<\/li>\n<li>It allows to increase the quality of precision.<\/li>\n<li>SuperNova 14mm hand-tied rubber bands with stainless steel \/ Delrin inserts and articulated ogive.<\/li>\n<\/ul>","protected":false},"excerpt":{"rendered":"<p>Ambitextrous, lagana i prakti\u010dna pu\u0161ka, posebno razvijena za ga\u0111anje ciljeva u bazenu i provjerena od strane jednog od na\u0161ih najve\u0107ih francuskih prvaka, Cijev promjera 28 milimetara aluminij 1mm crni anodizirani s rezanim vodi\u010dem strelice ukupne du\u017eine 20cm,u skladu sa pravilima i uvjetima kori\u0161tenja na nacionalnim natjecanjima u Francuskoj, Ugra\u0111eni mehanizam od nehr\u0111aju\u0107eg \u010delika 316L u [&hellip;]<\/p>\n","protected":false},"featured_media":100741,"template":"","meta":{"_et_pb_use_builder":"","_et_pb_old_content":"","_et_gb_content_width":""},"product_brand":[],"product_cat":[76,77],"product_tag":[],"class_list":{"0":"post-100693","1":"product","2":"type-product","3":"status-publish","4":"has-post-thumbnail","6":"product_cat-podvodne-puske","7":"product_cat-podvodne-puske-aluminijske","9":"first","10":"instock","11":"shipping-taxable","12":"purchasable","13":"product-type-simple"},"_links":{"self":[{"href":"https:\/\/neocarbone.com\/en\/wp-json\/wp\/v2\/product\/100693","targetHints":{"allow":["GET"]}}],"collection":[{"href":"https:\/\/neocarbone.com\/en\/wp-json\/wp\/v2\/product"}],"about":[{"href":"https:\/\/neocarbone.com\/en\/wp-json\/wp\/v2\/types\/product"}],"wp:featuredmedia":[{"embeddable":true,"href":"https:\/\/neocarbone.com\/en\/wp-json\/wp\/v2\/media\/100741"}],"wp:attachment":[{"href":"https:\/\/neocarbone.com\/en\/wp-json\/wp\/v2\/media?parent=100693"}],"wp:term":[{"taxonomy":"product_brand","embeddable":true,"href":"https:\/\/neocarbone.com\/en\/wp-json\/wp\/v2\/product_brand?post=100693"},{"taxonomy":"product_cat","embeddable":true,"href":"https:\/\/neocarbone.com\/en\/wp-json\/wp\/v2\/product_cat?post=100693"},{"taxonomy":"product_tag","embeddable":true,"href":"https:\/\/neocarbone.com\/en\/wp-json\/wp\/v2\/product_tag?post=100693"}],"curies":[{"name":"wp","href":"https:\/\/api.w.org\/{rel}","templated":true}]}}