{"id":100694,"date":"2023-04-26T13:49:23","date_gmt":"2023-04-26T11:49:23","guid":{"rendered":"https:\/\/neocarbone.com\/?post_type=product&#038;p=100694"},"modified":"2025-04-30T00:03:00","modified_gmt":"2025-04-29T22:03:00","slug":"epsealon-striker-black","status":"publish","type":"product","link":"https:\/\/neocarbone.com\/en\/product\/epsealon-striker-black\/","title":{"rendered":"Epsealon Striker black"},"content":{"rendered":"<ul>\n<li>The ambidextrous rifle is equipped with an Echo empty reel 30 meters \/ shock absorber \/ preload,<\/li>\n<li>Tube diameter of 28 mm aluminum 1 mm anodized red or black with integrated arrow guide,<\/li>\n<li>Built-in 316L stainless steel one-piece mechanism with resistive load on the rear part,<\/li>\n<li>Ergonomic and robust handle designed with an ideal angle of inclination and a clean target for aiming,<\/li>\n<li>Head with removable bridge and 2 places for a quick circular tire,<\/li>\n<li>Handle and head made of nylon 6 filled with 30% fiberglass for better resistance,<\/li>\n<li>Sandvik steel arrow with a diameter of 6.25 mm with slots,<\/li>\n<li>Mono tire with a diameter of 16 mm with a flat articulated ogive.<\/li>\n<\/ul>","protected":false},"excerpt":{"rendered":"<p>Ambidextrous pu\u0161ka opremljena je Echo praznim mulinelom 30 metara \/ amortizer \/ predvez, Promjer cijevi od 28 mm aluminij 1 mm anodizirani crveni ili crni s integriranom vodilicom strelice, Ugra\u0111eni 316L mehanizam od nehr\u0111aju\u0107eg \u010delika u jednom komadu s s otpornim optere\u0107enjem zadnjeg djela, Ergonomska i robusna ru\u010dica dizajnirana s idealnim kutom nagiba i \u010distom [&hellip;]<\/p>\n","protected":false},"featured_media":100748,"template":"","meta":{"_et_pb_use_builder":"","_et_pb_old_content":"","_et_gb_content_width":""},"product_brand":[],"product_cat":[131,76,77],"product_tag":[],"class_list":{"0":"post-100694","1":"product","2":"type-product","3":"status-publish","4":"has-post-thumbnail","6":"product_cat-akcija","7":"product_cat-podvodne-puske","8":"product_cat-podvodne-puske-aluminijske","10":"first","11":"instock","12":"shipping-taxable","13":"purchasable","14":"product-type-variable"},"_links":{"self":[{"href":"https:\/\/neocarbone.com\/en\/wp-json\/wp\/v2\/product\/100694","targetHints":{"allow":["GET"]}}],"collection":[{"href":"https:\/\/neocarbone.com\/en\/wp-json\/wp\/v2\/product"}],"about":[{"href":"https:\/\/neocarbone.com\/en\/wp-json\/wp\/v2\/types\/product"}],"wp:featuredmedia":[{"embeddable":true,"href":"https:\/\/neocarbone.com\/en\/wp-json\/wp\/v2\/media\/100748"}],"wp:attachment":[{"href":"https:\/\/neocarbone.com\/en\/wp-json\/wp\/v2\/media?parent=100694"}],"wp:term":[{"taxonomy":"product_brand","embeddable":true,"href":"https:\/\/neocarbone.com\/en\/wp-json\/wp\/v2\/product_brand?post=100694"},{"taxonomy":"product_cat","embeddable":true,"href":"https:\/\/neocarbone.com\/en\/wp-json\/wp\/v2\/product_cat?post=100694"},{"taxonomy":"product_tag","embeddable":true,"href":"https:\/\/neocarbone.com\/en\/wp-json\/wp\/v2\/product_tag?post=100694"}],"curies":[{"name":"wp","href":"https:\/\/api.w.org\/{rel}","templated":true}]}}