{"id":101013,"date":"2023-04-26T14:10:17","date_gmt":"2023-04-26T12:10:17","guid":{"rendered":"https:\/\/neocarbone.com\/?post_type=product&#038;p=101013"},"modified":"2023-04-26T14:12:51","modified_gmt":"2023-04-26T12:12:51","slug":"glava-za-pusku-striker","status":"publish","type":"product","link":"https:\/\/neocarbone.com\/en\/product\/glava-za-pusku-striker\/","title":{"rendered":"Rifle head \u2013 Striker"},"content":{"rendered":"<p>Rifle head made of nylon 6 for better resistance.<\/p>\n<p>Male fitting with double O-ring seal, 26 mm diameter.<\/p>\n<p>Possibility of passing tires on both sides.<\/p>\n<p>316L stainless steel pin to hold the shock firmly.<\/p>\n<p>Supplied with holder and pin.<\/p>","protected":false},"excerpt":{"rendered":"<p>Glava za pu\u0161ku izra\u0111ena od najlona 6 za bolju otpornost. Mu\u0161ki spoj s dvostrukom brtvom O-prstena promjera 26 mm. Mogu\u0107nost prolaska guma s obje strane. \u0160tift od nehr\u0111aju\u0107eg \u010delika 316L za \u010dvrsto dr\u017eanje amortizera. Isporu\u010duje se s dr\u017ea\u010dem i \u0161tiftom.<\/p>","protected":false},"featured_media":101093,"template":"","meta":{"_et_pb_use_builder":"","_et_pb_old_content":"","_et_gb_content_width":""},"product_brand":[],"product_cat":[81],"product_tag":[],"class_list":{"0":"post-101013","1":"product","2":"type-product","3":"status-publish","4":"has-post-thumbnail","6":"product_cat-pribor-i-oprema","8":"first","9":"instock","10":"shipping-taxable","11":"purchasable","12":"product-type-simple"},"_links":{"self":[{"href":"https:\/\/neocarbone.com\/en\/wp-json\/wp\/v2\/product\/101013","targetHints":{"allow":["GET"]}}],"collection":[{"href":"https:\/\/neocarbone.com\/en\/wp-json\/wp\/v2\/product"}],"about":[{"href":"https:\/\/neocarbone.com\/en\/wp-json\/wp\/v2\/types\/product"}],"wp:featuredmedia":[{"embeddable":true,"href":"https:\/\/neocarbone.com\/en\/wp-json\/wp\/v2\/media\/101093"}],"wp:attachment":[{"href":"https:\/\/neocarbone.com\/en\/wp-json\/wp\/v2\/media?parent=101013"}],"wp:term":[{"taxonomy":"product_brand","embeddable":true,"href":"https:\/\/neocarbone.com\/en\/wp-json\/wp\/v2\/product_brand?post=101013"},{"taxonomy":"product_cat","embeddable":true,"href":"https:\/\/neocarbone.com\/en\/wp-json\/wp\/v2\/product_cat?post=101013"},{"taxonomy":"product_tag","embeddable":true,"href":"https:\/\/neocarbone.com\/en\/wp-json\/wp\/v2\/product_tag?post=101013"}],"curies":[{"name":"wp","href":"https:\/\/api.w.org\/{rel}","templated":true}]}}