{"id":101185,"date":"2023-04-26T14:15:42","date_gmt":"2023-04-26T12:15:42","guid":{"rendered":"https:\/\/neocarbone.com\/?post_type=product&#038;p=101185"},"modified":"2024-12-31T00:03:03","modified_gmt":"2024-12-30T22:03:03","slug":"sportube-serija-2","status":"publish","type":"product","link":"https:\/\/neocarbone.com\/en\/product\/sportube-serija-2\/","title":{"rendered":"Sportube - series 2"},"content":{"rendered":"<p><strong>Sportube Case 2<\/strong><br \/>\nSportube boxes are made of high density polyethylene, which is very light, strong and durable. This ensures that the diving equipment will be better protected when driving and carrying.<br \/>\nSportube suitcases include molded rubber wheels. The ergonomic position of the handle, together with the new &quot;Easy-Pull&quot; additional nose handle makes the Sportube very mobile.<br \/>\nSuperior design allows each Sportube to adjust in length for countless types of gear in all shapes and sizes. When you travel, safety and convenience are especially important \u2013 the Sportube can be securely locked and easily checked.<\/p>\n<p>Technical data:<\/p>\n<ul>\n<li>width 11&quot; (280 mm),<\/li>\n<li>depth 6\u2033 (152 mm),<\/li>\n<li>weight 12 lbs (5.5 kg)<\/li>\n<li>48\u2033 to 83\u2033 (1300-2100 mm) \u2013 130-210 cm \/ 280 x 152<\/li>\n<\/ul>\n<p>\u2014\u2014\u2014-<\/p>\n<p><strong>SPORTUBE 2<\/strong><\/p>\n<p>L&#039;\u00e9tui t\u00e9l\u00e9scopique rigide SPORTUBE #2 vous permetr\u00e0 de transporter votre mat\u00e9riel en toute s\u00e9curit\u00e9. Il est compos\u00e9 de deux parties qui s&#039;emboitent l&#039;une dans l&#039;autre.<br \/>\nIt has a variable length of 120 to 210 cm.<\/p>\n<p>Ces \u00e9tuis Sportube sont fabriqu\u00e9s en poly\u00e9thyl\u00e8ne haute densit\u00e0, un material qui, tout en \u00e9tant solide et durable est tr\u00e8s l\u00e9ger.<br \/>\nIls sont \u00e9quip\u00e9s de roues en caoutchouc moul\u00e9, et d&#039;une poign\u00e9e ergonomique pour une meilleure maniabilit\u00e9.<\/p>\n<p>Lorsque vous voyagez, la s\u00e9curit\u00e9 et la commodit\u00e9 sont particularly importantes, cet \u00e9tuis Sportube vous garantit une excellente protection contre les chocs lors de vos voyages :\u00a0<strong>Sangle de portage en option<\/strong>. Ils peuvent \u00eatre verrouilles pour plus de s\u00e9curit\u00e9 :\u00a0<strong>Cadenas en option.<\/strong><\/p>\n<ul>\n<li>Livr\u00e9 avec poign\u00e9e et roues.<\/li>\n<li>La sangle de portage ref. B9000S n&#039;est pas livr\u00e9e avec le produit.<\/li>\n<li>Dimensions: Length variable from 120 to 210 cm \u2013 Largeur int\u00e9rieure 280 cm x 152 cm.<\/li>\n<li>Couleur : Noir<\/li>\n<li>Weight: 5.5 kg<\/li>\n<\/ul>\n<p>\u2014\u2014\u2014-<\/p>\n<p>Sports tube 2<\/p>\n<p>Sportube cases are constructed from High-Density Polyethylene, which while being strong and durable is very lightweight. This ensures that divers&#039; equipment will be better protected against the abuses of carriers.<br \/>\nSportube cases include molded rubber wheels. An ergonomic handle location, along with the new &#039;Easy-Pull&#039; accessory nose handle makes the Sportube very manoeuvrable.<br \/>\nSuperior design allows each Sportube to adjust in length to accommodate countless types of equipment in all shapes and sizes. When travelling, security and convenience are particularly important \u2013 the Sportube can be locked for security and easily checked.<\/p>\n<p>Specifications:<\/p>\n<ul>\n<li>width 11\u00b4 (280mm)<\/li>\n<li>6&#039; depth (152mm)<\/li>\n<li>weight 12lbs (5.5kg)<\/li>\n<li>48&#039; to 83&#039; (1300-2100mm) \u2013 130-210 cm \/ 280 x 152 cm<\/li>\n<\/ul>","protected":false},"excerpt":{"rendered":"<p>Sportube Case 2 Sportube kutije izra\u0111ene su od polietilena visoke gusto\u0107e, koji je vrlo lagan, jak i izdr\u017eljiv. Time se osigurava kako \u0107e ronila\u010dka oprema biti bolje za\u0161ti\u0107ena kod vo\u017enje i no\u0161enja. Koferi Sportube uklju\u010duju oblikovane gumene kota\u010de. Ergonomski polo\u017eaj ru\u010dke, zajedno s novom &#8220;Easy-Pull&#8221; dodatnom nosnom ru\u010dkom \u010dini Sportube vrlo pokretljivim. Vrhunski dizajn omogu\u0107uje [&hellip;]<\/p>\n","protected":false},"featured_media":101200,"template":"","meta":{"_et_pb_use_builder":"","_et_pb_old_content":"","_et_gb_content_width":""},"product_brand":[],"product_cat":[131,81,53,86],"product_tag":[],"class_list":{"0":"post-101185","1":"product","2":"type-product","3":"status-publish","4":"has-post-thumbnail","6":"product_cat-akcija","7":"product_cat-pribor-i-oprema","8":"product_cat-razni-dodaci","9":"product_cat-torbe","11":"first","12":"instock","13":"shipping-taxable","14":"purchasable","15":"product-type-simple"},"_links":{"self":[{"href":"https:\/\/neocarbone.com\/en\/wp-json\/wp\/v2\/product\/101185","targetHints":{"allow":["GET"]}}],"collection":[{"href":"https:\/\/neocarbone.com\/en\/wp-json\/wp\/v2\/product"}],"about":[{"href":"https:\/\/neocarbone.com\/en\/wp-json\/wp\/v2\/types\/product"}],"wp:featuredmedia":[{"embeddable":true,"href":"https:\/\/neocarbone.com\/en\/wp-json\/wp\/v2\/media\/101200"}],"wp:attachment":[{"href":"https:\/\/neocarbone.com\/en\/wp-json\/wp\/v2\/media?parent=101185"}],"wp:term":[{"taxonomy":"product_brand","embeddable":true,"href":"https:\/\/neocarbone.com\/en\/wp-json\/wp\/v2\/product_brand?post=101185"},{"taxonomy":"product_cat","embeddable":true,"href":"https:\/\/neocarbone.com\/en\/wp-json\/wp\/v2\/product_cat?post=101185"},{"taxonomy":"product_tag","embeddable":true,"href":"https:\/\/neocarbone.com\/en\/wp-json\/wp\/v2\/product_tag?post=101185"}],"curies":[{"name":"wp","href":"https:\/\/api.w.org\/{rel}","templated":true}]}}