{"id":101188,"date":"2023-04-26T14:15:42","date_gmt":"2023-04-26T12:15:42","guid":{"rendered":"https:\/\/neocarbone.com\/?post_type=product&#038;p=101188"},"modified":"2025-03-13T18:33:59","modified_gmt":"2025-03-13T16:33:59","slug":"mulinel-za-podvodnu-pusku-falco-57","status":"publish","type":"product","link":"https:\/\/neocarbone.com\/en\/product\/mulinel-za-podvodnu-pusku-falco-57\/","title":{"rendered":"Mulinel for underwater rifle \u2013 Ermes Falco 57"},"content":{"rendered":"<ul>\n<li>Vertical reel made of stainless steel 316L with a capacity of 70m of 1.5 mm line.<\/li>\n<li>\n<div>Delrin\u00ae bobbins.<\/div>\n<div>Ergonomic Delrin brake mechanism easy to use with gloves.<\/div>\n<\/li>\n<li>Weight: 151 g<\/li>\n<\/ul>","protected":false},"excerpt":{"rendered":"<p>Vertikalni mulinel od nehr\u0111aju\u0107eg \u010delika 316L s kapacitetom 70m\u00a0 konopa od 1,5 mm. Delrin\u00ae bobine. Ergonomski Delrin ko\u010dni mehanizam jednostavan za kori\u0161tenje s rukavicama. Te\u017eina: 151 g<\/p>","protected":false},"featured_media":101208,"template":"","meta":{"_et_pb_use_builder":"off","_et_pb_old_content":"","_et_gb_content_width":""},"product_brand":[],"product_cat":[85,81],"product_tag":[],"class_list":{"0":"post-101188","1":"product","2":"type-product","3":"status-publish","4":"has-post-thumbnail","6":"product_cat-mulineli-reels","7":"product_cat-pribor-i-oprema","9":"first","10":"instock","11":"shipping-taxable","12":"purchasable","13":"product-type-simple"},"_links":{"self":[{"href":"https:\/\/neocarbone.com\/en\/wp-json\/wp\/v2\/product\/101188","targetHints":{"allow":["GET"]}}],"collection":[{"href":"https:\/\/neocarbone.com\/en\/wp-json\/wp\/v2\/product"}],"about":[{"href":"https:\/\/neocarbone.com\/en\/wp-json\/wp\/v2\/types\/product"}],"wp:featuredmedia":[{"embeddable":true,"href":"https:\/\/neocarbone.com\/en\/wp-json\/wp\/v2\/media\/101208"}],"wp:attachment":[{"href":"https:\/\/neocarbone.com\/en\/wp-json\/wp\/v2\/media?parent=101188"}],"wp:term":[{"taxonomy":"product_brand","embeddable":true,"href":"https:\/\/neocarbone.com\/en\/wp-json\/wp\/v2\/product_brand?post=101188"},{"taxonomy":"product_cat","embeddable":true,"href":"https:\/\/neocarbone.com\/en\/wp-json\/wp\/v2\/product_cat?post=101188"},{"taxonomy":"product_tag","embeddable":true,"href":"https:\/\/neocarbone.com\/en\/wp-json\/wp\/v2\/product_tag?post=101188"}],"curies":[{"name":"wp","href":"https:\/\/api.w.org\/{rel}","templated":true}]}}