{"id":101190,"date":"2023-04-26T14:15:42","date_gmt":"2023-04-26T12:15:42","guid":{"rendered":"https:\/\/neocarbone.com\/?post_type=product&#038;p=101190"},"modified":"2025-11-07T21:58:13","modified_gmt":"2025-11-07T19:58:13","slug":"mulinel-za-podvodnu-pusku-falco-57-titanium","status":"publish","type":"product","link":"https:\/\/neocarbone.com\/en\/product\/mulinel-za-podvodnu-pusku-falco-57-titanium\/","title":{"rendered":"Speargun reel \u2013 Ermes Falco 57 Titanium"},"content":{"rendered":"<ul>\n<li>Vertical reel made of Titan with a capacity of 70m of 1.5 mm rope.<\/li>\n<li>\n<div>Delrin\u00ae bobbins.<\/div>\n<div>Ergonomic Delrin brake mechanism easy to use with gloves.<\/div>\n<\/li>\n<li>Weight: 136 g<\/li>\n<\/ul>","protected":false},"excerpt":{"rendered":"<p>Vertikalni mulinel od Titana s kapacitetom 70m konopa od 1,5 mm. Delrin\u00ae bobine. Ergonomski Delrin ko\u010dni mehanizam jednostavan za kori\u0161tenje s rukavicama. Te\u017eina: 136 g<\/p>","protected":false},"featured_media":101214,"template":"","meta":{"_et_pb_use_builder":"off","_et_pb_old_content":"","_et_gb_content_width":""},"product_brand":[],"product_cat":[85,81],"product_tag":[],"class_list":{"0":"post-101190","1":"product","2":"type-product","3":"status-publish","4":"has-post-thumbnail","6":"product_cat-mulineli-reels","7":"product_cat-pribor-i-oprema","9":"first","10":"instock","11":"shipping-taxable","12":"purchasable","13":"product-type-simple"},"_links":{"self":[{"href":"https:\/\/neocarbone.com\/en\/wp-json\/wp\/v2\/product\/101190","targetHints":{"allow":["GET"]}}],"collection":[{"href":"https:\/\/neocarbone.com\/en\/wp-json\/wp\/v2\/product"}],"about":[{"href":"https:\/\/neocarbone.com\/en\/wp-json\/wp\/v2\/types\/product"}],"wp:featuredmedia":[{"embeddable":true,"href":"https:\/\/neocarbone.com\/en\/wp-json\/wp\/v2\/media\/101214"}],"wp:attachment":[{"href":"https:\/\/neocarbone.com\/en\/wp-json\/wp\/v2\/media?parent=101190"}],"wp:term":[{"taxonomy":"product_brand","embeddable":true,"href":"https:\/\/neocarbone.com\/en\/wp-json\/wp\/v2\/product_brand?post=101190"},{"taxonomy":"product_cat","embeddable":true,"href":"https:\/\/neocarbone.com\/en\/wp-json\/wp\/v2\/product_cat?post=101190"},{"taxonomy":"product_tag","embeddable":true,"href":"https:\/\/neocarbone.com\/en\/wp-json\/wp\/v2\/product_tag?post=101190"}],"curies":[{"name":"wp","href":"https:\/\/api.w.org\/{rel}","templated":true}]}}