{"id":101250,"date":"2023-04-26T14:28:00","date_gmt":"2023-04-26T12:28:00","guid":{"rendered":"https:\/\/neocarbone.com\/?post_type=product&#038;p=101250"},"modified":"2023-04-26T14:28:40","modified_gmt":"2023-04-26T12:28:40","slug":"glue-cyano-spearfishing-contact-20gr","status":"publish","type":"product","link":"https:\/\/neocarbone.com\/en\/product\/glue-cyano-spearfishing-contact-20gr\/","title":{"rendered":"Glue Cyano Spearfishing contact - 20gr"},"content":{"rendered":"<p>High performance adhesive for vertical or reverse bonding and porous material, fast<br \/>\ndrying, rest, no filament, low outgassing, tear strength, high resistance. Military quality, 20 years.<\/p>","protected":false},"excerpt":{"rendered":"<p>Ljepilo visokih performansi za okomito ili obrnuto ljepljenje i porozni materijal, brzo su\u0161enje, mirovanje, bez filamenta, nisko otplinjavanje, \u010dvrsto\u0107a na suzenje visoka otpornost. Vojna kvaliteta, 20g.<\/p>","protected":false},"featured_media":101271,"template":"","meta":{"_et_pb_use_builder":"","_et_pb_old_content":"","_et_gb_content_width":""},"product_brand":[],"product_cat":[53],"product_tag":[],"class_list":{"0":"post-101250","1":"product","2":"type-product","3":"status-publish","4":"has-post-thumbnail","6":"product_cat-razni-dodaci","8":"first","9":"instock","10":"shipping-taxable","11":"purchasable","12":"product-type-simple"},"_links":{"self":[{"href":"https:\/\/neocarbone.com\/en\/wp-json\/wp\/v2\/product\/101250","targetHints":{"allow":["GET"]}}],"collection":[{"href":"https:\/\/neocarbone.com\/en\/wp-json\/wp\/v2\/product"}],"about":[{"href":"https:\/\/neocarbone.com\/en\/wp-json\/wp\/v2\/types\/product"}],"wp:featuredmedia":[{"embeddable":true,"href":"https:\/\/neocarbone.com\/en\/wp-json\/wp\/v2\/media\/101271"}],"wp:attachment":[{"href":"https:\/\/neocarbone.com\/en\/wp-json\/wp\/v2\/media?parent=101250"}],"wp:term":[{"taxonomy":"product_brand","embeddable":true,"href":"https:\/\/neocarbone.com\/en\/wp-json\/wp\/v2\/product_brand?post=101250"},{"taxonomy":"product_cat","embeddable":true,"href":"https:\/\/neocarbone.com\/en\/wp-json\/wp\/v2\/product_cat?post=101250"},{"taxonomy":"product_tag","embeddable":true,"href":"https:\/\/neocarbone.com\/en\/wp-json\/wp\/v2\/product_tag?post=101250"}],"curies":[{"name":"wp","href":"https:\/\/api.w.org\/{rel}","templated":true}]}}