{"id":101408,"date":"2023-04-26T14:41:59","date_gmt":"2023-04-26T12:41:59","guid":{"rendered":"https:\/\/neocarbone.com\/?post_type=product&#038;p=101408"},"modified":"2025-09-30T01:22:49","modified_gmt":"2025-09-29T23:22:49","slug":"carape-3-mm-demon-skin","status":"publish","type":"product","link":"https:\/\/neocarbone.com\/en\/product\/carape-3-mm-demon-skin\/","title":{"rendered":"Socks 3 mm \u2013 DEMON SKIN"},"content":{"rendered":"<p>Socks for spearfishing:<\/p>\n<p>Camouflage neoprene Spandex camo on the outside, and ultra-stretchy jersey on the inside with a non-slip inner sole.<\/p>\n<p>On the outside, PowerKev lining with perforated left\/right shape and honeycomb 3D effect with PU coating on the heel and toe for better maintenance of the inner part.<\/p>","protected":false},"excerpt":{"rendered":"<p>\u010carape za podvodni ribolov: Izvana kamufla\u017eni neopren Spandex camo, a iznutra ultra rastezljivi jersey s unutarnjim ne klizaju\u0107im potplatom iznutra. S vanjske strane PowerKev podstava s perforiranim oblikom lijevo\/desno i sa\u0107asti 3D efekt s PU premazom na peti i nozi za bolje odr\u017eavanje unutarnjeg dijela.<\/p>","protected":false},"featured_media":101480,"template":"","meta":{"_et_pb_use_builder":"","_et_pb_old_content":"","_et_gb_content_width":""},"product_brand":[],"product_cat":[131,93,91],"product_tag":[],"class_list":{"0":"post-101408","1":"product","2":"type-product","3":"status-publish","4":"has-post-thumbnail","6":"product_cat-akcija","7":"product_cat-carape","8":"product_cat-rukavice-i-carape","10":"first","11":"onbackorder","12":"shipping-taxable","13":"purchasable","14":"product-type-variable"},"_links":{"self":[{"href":"https:\/\/neocarbone.com\/en\/wp-json\/wp\/v2\/product\/101408","targetHints":{"allow":["GET"]}}],"collection":[{"href":"https:\/\/neocarbone.com\/en\/wp-json\/wp\/v2\/product"}],"about":[{"href":"https:\/\/neocarbone.com\/en\/wp-json\/wp\/v2\/types\/product"}],"wp:featuredmedia":[{"embeddable":true,"href":"https:\/\/neocarbone.com\/en\/wp-json\/wp\/v2\/media\/101480"}],"wp:attachment":[{"href":"https:\/\/neocarbone.com\/en\/wp-json\/wp\/v2\/media?parent=101408"}],"wp:term":[{"taxonomy":"product_brand","embeddable":true,"href":"https:\/\/neocarbone.com\/en\/wp-json\/wp\/v2\/product_brand?post=101408"},{"taxonomy":"product_cat","embeddable":true,"href":"https:\/\/neocarbone.com\/en\/wp-json\/wp\/v2\/product_cat?post=101408"},{"taxonomy":"product_tag","embeddable":true,"href":"https:\/\/neocarbone.com\/en\/wp-json\/wp\/v2\/product_tag?post=101408"}],"curies":[{"name":"wp","href":"https:\/\/api.w.org\/{rel}","templated":true}]}}