{"id":101537,"date":"2023-04-26T14:52:06","date_gmt":"2023-04-26T12:52:06","guid":{"rendered":"https:\/\/neocarbone.com\/?post_type=product&#038;p=101537"},"modified":"2025-01-31T00:02:04","modified_gmt":"2025-01-30T22:02:04","slug":"sandvik-shaft-mini-shark-fins-o-65mm-double-barbs","status":"publish","type":"product","link":"https:\/\/neocarbone.com\/en\/product\/sandvik-shaft-mini-shark-fins-o-65mm-double-barbs\/","title":{"rendered":"SANDVIK Shaft mini shark fins \u00d8 6.5mm \u2013 double barbs"},"content":{"rendered":"<p>Stainless steel types SANDVIK MATERIAL TECHNOLOGY,<\/p>\n<p>Double feather AISI 316 reinforced with carbon.<\/p>\n<p>Short arrowhead for better impact resistance, heat treated to increase strength and bend resistance for 20%.<\/p>\n<p>Polished hooks.<\/p>","protected":false},"excerpt":{"rendered":"<p>Nehr\u0111aju\u0107i \u010delik vrsta SANDVIK MATERIAL TECHNOLOGY, Duplo pero AISI 316 poja\u010dano ugljikom. Kratki vrh strelice za bolju otpornost na udarce, toplinski tretirano kako bi se pove\u0107ala \u010dvrsto\u0107a i otpornost na savijanje za 20%. Polirane kukice.<\/p>","protected":false},"featured_media":101568,"template":"","meta":{"_et_pb_use_builder":"","_et_pb_old_content":"","_et_gb_content_width":""},"product_brand":[],"product_cat":[131,83],"product_tag":[],"class_list":{"0":"post-101537","1":"product","2":"type-product","3":"status-publish","4":"has-post-thumbnail","6":"product_cat-akcija","7":"product_cat-strijele","9":"first","10":"instock","11":"shipping-taxable","12":"purchasable","13":"product-type-variable"},"_links":{"self":[{"href":"https:\/\/neocarbone.com\/en\/wp-json\/wp\/v2\/product\/101537","targetHints":{"allow":["GET"]}}],"collection":[{"href":"https:\/\/neocarbone.com\/en\/wp-json\/wp\/v2\/product"}],"about":[{"href":"https:\/\/neocarbone.com\/en\/wp-json\/wp\/v2\/types\/product"}],"wp:featuredmedia":[{"embeddable":true,"href":"https:\/\/neocarbone.com\/en\/wp-json\/wp\/v2\/media\/101568"}],"wp:attachment":[{"href":"https:\/\/neocarbone.com\/en\/wp-json\/wp\/v2\/media?parent=101537"}],"wp:term":[{"taxonomy":"product_brand","embeddable":true,"href":"https:\/\/neocarbone.com\/en\/wp-json\/wp\/v2\/product_brand?post=101537"},{"taxonomy":"product_cat","embeddable":true,"href":"https:\/\/neocarbone.com\/en\/wp-json\/wp\/v2\/product_cat?post=101537"},{"taxonomy":"product_tag","embeddable":true,"href":"https:\/\/neocarbone.com\/en\/wp-json\/wp\/v2\/product_tag?post=101537"}],"curies":[{"name":"wp","href":"https:\/\/api.w.org\/{rel}","templated":true}]}}