{"id":101656,"date":"2023-04-26T14:59:17","date_gmt":"2023-04-26T12:59:17","guid":{"rendered":"https:\/\/neocarbone.com\/?post_type=product&#038;p=101656"},"modified":"2025-01-31T00:01:59","modified_gmt":"2025-01-30T22:01:59","slug":"epsealon-e-visio-2-red-fusion","status":"publish","type":"product","link":"https:\/\/neocarbone.com\/en\/product\/epsealon-e-visio-2-red-fusion\/","title":{"rendered":"Epsealon \u2013 E-visio 2 Red Fusion"},"content":{"rendered":"<p>Multipurpose mask, medium volume with a wide view, black<br \/>\nhypoallergenic silicone; black, Red Fusion or Shadow polycarbonate frame; buckles with quick adjustment, can be adjusted with thick gloves. The Red Fusion model exists only with Red Flash glasses. Available in a version with thick straps.<\/p>","protected":false},"excerpt":{"rendered":"<p>Vi\u0161enamjenska maska, srednjeg volumena sa \u0161irokim pogledom, crni hipoalergenski silikon; crni,Red Fusion ili Shadow polikarbonatniokvir; kop\u010de s brzim pode\u0161avanjem, mogu se podesitis debelim rukavicama. Model Red Fusion postoji samo sa Red Flashstaklima. Dostupno u verziji sa debelim remenima.<\/p>","protected":false},"featured_media":101678,"template":"","meta":{"_et_pb_use_builder":"","_et_pb_old_content":"","_et_gb_content_width":""},"product_brand":[],"product_cat":[131,88],"product_tag":[],"class_list":{"0":"post-101656","1":"product","2":"type-product","3":"status-publish","4":"has-post-thumbnail","6":"product_cat-akcija","7":"product_cat-maske","9":"first","10":"instock","11":"shipping-taxable","12":"purchasable","13":"product-type-simple"},"_links":{"self":[{"href":"https:\/\/neocarbone.com\/en\/wp-json\/wp\/v2\/product\/101656","targetHints":{"allow":["GET"]}}],"collection":[{"href":"https:\/\/neocarbone.com\/en\/wp-json\/wp\/v2\/product"}],"about":[{"href":"https:\/\/neocarbone.com\/en\/wp-json\/wp\/v2\/types\/product"}],"wp:featuredmedia":[{"embeddable":true,"href":"https:\/\/neocarbone.com\/en\/wp-json\/wp\/v2\/media\/101678"}],"wp:attachment":[{"href":"https:\/\/neocarbone.com\/en\/wp-json\/wp\/v2\/media?parent=101656"}],"wp:term":[{"taxonomy":"product_brand","embeddable":true,"href":"https:\/\/neocarbone.com\/en\/wp-json\/wp\/v2\/product_brand?post=101656"},{"taxonomy":"product_cat","embeddable":true,"href":"https:\/\/neocarbone.com\/en\/wp-json\/wp\/v2\/product_cat?post=101656"},{"taxonomy":"product_tag","embeddable":true,"href":"https:\/\/neocarbone.com\/en\/wp-json\/wp\/v2\/product_tag?post=101656"}],"curies":[{"name":"wp","href":"https:\/\/api.w.org\/{rel}","templated":true}]}}