{"id":101662,"date":"2023-04-26T14:59:18","date_gmt":"2023-04-26T12:59:18","guid":{"rendered":"https:\/\/neocarbone.com\/?post_type=product&#038;p=101662"},"modified":"2025-07-25T11:17:58","modified_gmt":"2025-07-25T09:17:58","slug":"epsealon-seawolf","status":"publish","type":"product","link":"https:\/\/neocarbone.com\/en\/product\/epsealon-seawolf\/","title":{"rendered":"Epsealon \u2013 Seawolf"},"content":{"rendered":"<p>A multifunctional, small-volume mask with an optimal field of vision.<br \/>\nSoft and comfortable hypoallergenic black silicone edge. Multi-layer PP soft frame. Buckles with quick adjustment, can be adjusted in thick gloves, available in classic version or red color &lt; &gt;.<\/p>","protected":false},"excerpt":{"rendered":"<p>Maska vi\u0161enamjenskog, malog volumena s optimalnim vidnim poljem. Mekan i udoban hipoalergijski crni rub od silikona.Vi\u0161eslojniPP mekani okvir. Kop\u010de sa brzim pode\u0161avanjem, mogu sepode\u0161avati u debelim rukavicama, dostupne u klasi\u010dnoj verziji ili crvenoj boji &lt;&lt;red flash&gt;&gt;.<\/p>","protected":false},"featured_media":101692,"template":"","meta":{"_et_pb_use_builder":"","_et_pb_old_content":"","_et_gb_content_width":""},"product_brand":[],"product_cat":[131,88],"product_tag":[],"class_list":{"0":"post-101662","1":"product","2":"type-product","3":"status-publish","4":"has-post-thumbnail","6":"product_cat-akcija","7":"product_cat-maske","9":"first","10":"instock","11":"shipping-taxable","12":"purchasable","13":"product-type-simple"},"_links":{"self":[{"href":"https:\/\/neocarbone.com\/en\/wp-json\/wp\/v2\/product\/101662","targetHints":{"allow":["GET"]}}],"collection":[{"href":"https:\/\/neocarbone.com\/en\/wp-json\/wp\/v2\/product"}],"about":[{"href":"https:\/\/neocarbone.com\/en\/wp-json\/wp\/v2\/types\/product"}],"wp:featuredmedia":[{"embeddable":true,"href":"https:\/\/neocarbone.com\/en\/wp-json\/wp\/v2\/media\/101692"}],"wp:attachment":[{"href":"https:\/\/neocarbone.com\/en\/wp-json\/wp\/v2\/media?parent=101662"}],"wp:term":[{"taxonomy":"product_brand","embeddable":true,"href":"https:\/\/neocarbone.com\/en\/wp-json\/wp\/v2\/product_brand?post=101662"},{"taxonomy":"product_cat","embeddable":true,"href":"https:\/\/neocarbone.com\/en\/wp-json\/wp\/v2\/product_cat?post=101662"},{"taxonomy":"product_tag","embeddable":true,"href":"https:\/\/neocarbone.com\/en\/wp-json\/wp\/v2\/product_tag?post=101662"}],"curies":[{"name":"wp","href":"https:\/\/api.w.org\/{rel}","templated":true}]}}