{"id":101665,"date":"2023-04-26T14:59:18","date_gmt":"2023-04-26T12:59:18","guid":{"rendered":"https:\/\/neocarbone.com\/?post_type=product&#038;p=101665"},"modified":"2025-01-31T00:01:58","modified_gmt":"2025-01-30T22:01:58","slug":"fat-strap-seawolf-seaquest-masks","status":"publish","type":"product","link":"https:\/\/neocarbone.com\/en\/product\/fat-strap-seawolf-seaquest-masks\/","title":{"rendered":"\u00abFAT STRAP\u00bb Seawolf &amp; Seaquest masks"},"content":{"rendered":"<p>Belt for comfort, elasticity and durability of the mask.<br \/>\nQu-ick length adjustment system. Supply of a complete set of clips compatible with Seawolf and Seaquest masks. width: 3.30 cm.<\/p>","protected":false},"excerpt":{"rendered":"<p>Remen za udobnost, rastezljivost i izdr\u017eljivost maske. Qu-ick sustav prilagodbe duljine. Snabdijevanje kompletnimsetom kop\u010di prilagodljivih sa Seawolf i Seaquest maskama. \u0161irina:3.30cm.<\/p>","protected":false},"featured_media":101699,"template":"","meta":{"_et_pb_use_builder":"","_et_pb_old_content":"","_et_gb_content_width":""},"product_brand":[],"product_cat":[131,88,81,53],"product_tag":[],"class_list":{"0":"post-101665","1":"product","2":"type-product","3":"status-publish","4":"has-post-thumbnail","6":"product_cat-akcija","7":"product_cat-maske","8":"product_cat-pribor-i-oprema","9":"product_cat-razni-dodaci","11":"first","12":"instock","13":"shipping-taxable","14":"purchasable","15":"product-type-simple"},"_links":{"self":[{"href":"https:\/\/neocarbone.com\/en\/wp-json\/wp\/v2\/product\/101665","targetHints":{"allow":["GET"]}}],"collection":[{"href":"https:\/\/neocarbone.com\/en\/wp-json\/wp\/v2\/product"}],"about":[{"href":"https:\/\/neocarbone.com\/en\/wp-json\/wp\/v2\/types\/product"}],"wp:featuredmedia":[{"embeddable":true,"href":"https:\/\/neocarbone.com\/en\/wp-json\/wp\/v2\/media\/101699"}],"wp:attachment":[{"href":"https:\/\/neocarbone.com\/en\/wp-json\/wp\/v2\/media?parent=101665"}],"wp:term":[{"taxonomy":"product_brand","embeddable":true,"href":"https:\/\/neocarbone.com\/en\/wp-json\/wp\/v2\/product_brand?post=101665"},{"taxonomy":"product_cat","embeddable":true,"href":"https:\/\/neocarbone.com\/en\/wp-json\/wp\/v2\/product_cat?post=101665"},{"taxonomy":"product_tag","embeddable":true,"href":"https:\/\/neocarbone.com\/en\/wp-json\/wp\/v2\/product_tag?post=101665"}],"curies":[{"name":"wp","href":"https:\/\/api.w.org\/{rel}","templated":true}]}}