{"id":101739,"date":"2023-04-26T15:02:34","date_gmt":"2023-04-26T13:02:34","guid":{"rendered":"https:\/\/neocarbone.com\/?post_type=product&#038;p=101739"},"modified":"2025-11-07T21:50:59","modified_gmt":"2025-11-07T19:50:59","slug":"elysium-black-50m-flat-base","status":"publish","type":"product","link":"https:\/\/neocarbone.com\/en\/product\/elysium-black-50m-flat-base\/","title":{"rendered":"Elysium Black 50m flat base"},"content":{"rendered":"<p>Ultra compact mulinel available in two anodized versions<br \/>\nwith a capacity of 50 and 70 meters, for ropes with a thickness of 1.5 mm; Aluminum spool, and stainless steel drum and guide, collapsible handle due to volume reduction Available in versions with mounting kit or flat base.<\/p>","protected":false},"excerpt":{"rendered":"<p>Ultra kompaktni mulinel dostupan u dvije anodizirane verzije sa kapacitetom od 50 i 70 metara , za konope debljine 1.5mm;Aluminijski kalem, te bubanj i vodilica od nehr\u0111aju\u0107eg \u010delikasklopiva ru\u010dica zbog smanjenja obujmaDostupno u verzijama sa kitom za monta\u017eu ili ravnom bazom.<\/p>","protected":false},"featured_media":101761,"template":"","meta":{"_et_pb_use_builder":"","_et_pb_old_content":"","_et_gb_content_width":""},"product_brand":[],"product_cat":[131,85],"product_tag":[],"class_list":{"0":"post-101739","1":"product","2":"type-product","3":"status-publish","4":"has-post-thumbnail","6":"product_cat-akcija","7":"product_cat-mulineli-reels","9":"first","10":"instock","11":"sale","12":"shipping-taxable","13":"purchasable","14":"product-type-simple"},"_links":{"self":[{"href":"https:\/\/neocarbone.com\/en\/wp-json\/wp\/v2\/product\/101739","targetHints":{"allow":["GET"]}}],"collection":[{"href":"https:\/\/neocarbone.com\/en\/wp-json\/wp\/v2\/product"}],"about":[{"href":"https:\/\/neocarbone.com\/en\/wp-json\/wp\/v2\/types\/product"}],"wp:featuredmedia":[{"embeddable":true,"href":"https:\/\/neocarbone.com\/en\/wp-json\/wp\/v2\/media\/101761"}],"wp:attachment":[{"href":"https:\/\/neocarbone.com\/en\/wp-json\/wp\/v2\/media?parent=101739"}],"wp:term":[{"taxonomy":"product_brand","embeddable":true,"href":"https:\/\/neocarbone.com\/en\/wp-json\/wp\/v2\/product_brand?post=101739"},{"taxonomy":"product_cat","embeddable":true,"href":"https:\/\/neocarbone.com\/en\/wp-json\/wp\/v2\/product_cat?post=101739"},{"taxonomy":"product_tag","embeddable":true,"href":"https:\/\/neocarbone.com\/en\/wp-json\/wp\/v2\/product_tag?post=101739"}],"curies":[{"name":"wp","href":"https:\/\/api.w.org\/{rel}","templated":true}]}}