{"id":101743,"date":"2023-04-26T15:02:35","date_gmt":"2023-04-26T13:02:35","guid":{"rendered":"https:\/\/neocarbone.com\/?post_type=product&#038;p=101743"},"modified":"2025-11-07T21:50:58","modified_gmt":"2025-11-07T19:50:58","slug":"elysium-black-50m","status":"publish","type":"product","link":"https:\/\/neocarbone.com\/en\/product\/elysium-black-50m\/","title":{"rendered":"Elysium Black 50m"},"content":{"rendered":"<p>Ultra compact reel, available in 3 anodized versions: aluminum, black and red with a capacity of 15, 30, 50 and 70 meters for ropes with a thickness of 1.5 mm;<br \/>\nAluminum spool, and drum and guide made of stainless steel. Collapsible handle for volume reduction. Available in versions with mounting kit or flat base.<\/p>","protected":false},"excerpt":{"rendered":"<p>Ultra kompaktni mulinel, dostupan u 3 anodizirane verzije : aluminij, crna i crvena kapaciteta 15, 30, 50 i 70 metara za konope debljine 1,5mm; Aluminijski kalem, te bubanj i vodilica od nehr\u0111aju\u0107eg \u010delikasklopiva ru\u010dica zbog smanjenja obujmaDostupno u verzijama sa kitom za monta\u017eu ili ravnom bazom.<\/p>","protected":false},"featured_media":101762,"template":"","meta":{"_et_pb_use_builder":"","_et_pb_old_content":"","_et_gb_content_width":""},"product_brand":[],"product_cat":[131,85],"product_tag":[],"class_list":{"0":"post-101743","1":"product","2":"type-product","3":"status-publish","4":"has-post-thumbnail","6":"product_cat-akcija","7":"product_cat-mulineli-reels","9":"first","10":"instock","11":"sale","12":"shipping-taxable","13":"purchasable","14":"product-type-simple"},"_links":{"self":[{"href":"https:\/\/neocarbone.com\/en\/wp-json\/wp\/v2\/product\/101743","targetHints":{"allow":["GET"]}}],"collection":[{"href":"https:\/\/neocarbone.com\/en\/wp-json\/wp\/v2\/product"}],"about":[{"href":"https:\/\/neocarbone.com\/en\/wp-json\/wp\/v2\/types\/product"}],"wp:featuredmedia":[{"embeddable":true,"href":"https:\/\/neocarbone.com\/en\/wp-json\/wp\/v2\/media\/101762"}],"wp:attachment":[{"href":"https:\/\/neocarbone.com\/en\/wp-json\/wp\/v2\/media?parent=101743"}],"wp:term":[{"taxonomy":"product_brand","embeddable":true,"href":"https:\/\/neocarbone.com\/en\/wp-json\/wp\/v2\/product_brand?post=101743"},{"taxonomy":"product_cat","embeddable":true,"href":"https:\/\/neocarbone.com\/en\/wp-json\/wp\/v2\/product_cat?post=101743"},{"taxonomy":"product_tag","embeddable":true,"href":"https:\/\/neocarbone.com\/en\/wp-json\/wp\/v2\/product_tag?post=101743"}],"curies":[{"name":"wp","href":"https:\/\/api.w.org\/{rel}","templated":true}]}}