{"id":101803,"date":"2023-04-26T15:08:10","date_gmt":"2023-04-26T13:08:10","guid":{"rendered":"https:\/\/neocarbone.com\/?post_type=product&#038;p=101803"},"modified":"2025-01-31T00:02:00","modified_gmt":"2025-01-30T22:02:00","slug":"microsub-teflon","status":"publish","type":"product","link":"https:\/\/neocarbone.com\/en\/product\/microsub-teflon\/","title":{"rendered":"Microsub Teflon"},"content":{"rendered":"<p>Blade available in Teflon coating;<\/p>\n<p>stainless steel W 1.4116;<\/p>\n<p>hardness HRC 56-58;<\/p>\n<p>ABS handle \/ rigid shell PP \/ PVC pulleys with plastic clips;<\/p>\n<p>the hole in the center of the blade will help you grab and pull the arrow;<\/p>\n<p>total length of the knife: 14.5 cm;<\/p>\n<p>blade length: 6 cm;<\/p>\n<p>knife thickness: 3.8 mm;<\/p>\n<p>blade width: 23 mm;<\/p>\n<p>total weight: 77g;<\/p>\n<p>knife weight: 52g.<\/p>","protected":false},"excerpt":{"rendered":"<p>O\u0161trica dostupna u teflonskom premazu; nehr\u0111aju\u0107i \u010delik W 1,4116; krutost HRC 56-58; ABS ru\u010dica \/ kruti omota\u010d PP \/ PVC remenice s plasti\u010dnim kop\u010dama; rupa u sredini o\u0161trice pomo\u0107i \u0107e vam da zgrabite i izvu\u010dete strelicu; ukupna duljina no\u017ea: 14.5 cm; o\u0161trica du\u017eina: 6 cm; debljina no\u017ea: 3.8 mm; \u0161irina no\u017ea: 23 mm; ukupna te\u017eina: [&hellip;]<\/p>\n","protected":false},"featured_media":101820,"template":"","meta":{"_et_pb_use_builder":"","_et_pb_old_content":"","_et_gb_content_width":""},"product_brand":[],"product_cat":[131,87],"product_tag":[],"class_list":{"0":"post-101803","1":"product","2":"type-product","3":"status-publish","4":"has-post-thumbnail","6":"product_cat-akcija","7":"product_cat-nozevi","9":"first","10":"instock","11":"shipping-taxable","12":"purchasable","13":"product-type-simple"},"_links":{"self":[{"href":"https:\/\/neocarbone.com\/en\/wp-json\/wp\/v2\/product\/101803","targetHints":{"allow":["GET"]}}],"collection":[{"href":"https:\/\/neocarbone.com\/en\/wp-json\/wp\/v2\/product"}],"about":[{"href":"https:\/\/neocarbone.com\/en\/wp-json\/wp\/v2\/types\/product"}],"wp:featuredmedia":[{"embeddable":true,"href":"https:\/\/neocarbone.com\/en\/wp-json\/wp\/v2\/media\/101820"}],"wp:attachment":[{"href":"https:\/\/neocarbone.com\/en\/wp-json\/wp\/v2\/media?parent=101803"}],"wp:term":[{"taxonomy":"product_brand","embeddable":true,"href":"https:\/\/neocarbone.com\/en\/wp-json\/wp\/v2\/product_brand?post=101803"},{"taxonomy":"product_cat","embeddable":true,"href":"https:\/\/neocarbone.com\/en\/wp-json\/wp\/v2\/product_cat?post=101803"},{"taxonomy":"product_tag","embeddable":true,"href":"https:\/\/neocarbone.com\/en\/wp-json\/wp\/v2\/product_tag?post=101803"}],"curies":[{"name":"wp","href":"https:\/\/api.w.org\/{rel}","templated":true}]}}