{"id":101848,"date":"2023-04-26T15:11:23","date_gmt":"2023-04-26T13:11:23","guid":{"rendered":"https:\/\/neocarbone.com\/?post_type=product&#038;p=101848"},"modified":"2025-04-30T00:02:59","modified_gmt":"2025-04-29T22:02:59","slug":"peraje-legends-carbon-soft-blue-flexible","status":"publish","type":"product","link":"https:\/\/neocarbone.com\/en\/product\/peraje-legends-carbon-soft-blue-flexible\/","title":{"rendered":"LEGENDS Carbon fins (Soft Blue \u2013 flexible)"},"content":{"rendered":"<ul>\n<li>Carbon fins of strength 3K - 200g\/m\u00b2,<\/li>\n<li>Blade 80cm x 19cm with an angle of 22\u00b0.<\/li>\n<li>Weight of one fin 880 g,<\/li>\n<li>Designed according to the unique LEGEND architecture,<\/li>\n<li>The LEGENDS fin foot is the result of a perfect balance between performance, power and controllability.<\/li>\n<li>The LEGENDS leg pocket is produced in a traditional way according to a unique know-how that allows mixing 3 types of hardness, comfort and optimal lightness.<\/li>\n<li>Drift rails are added at the end of the blades for perfect control.<\/li>\n<li>Available in 3 hardnesses: LEGENDS (soft blue), LEGENDS+ (medium Orange) and LEGENDS Max (red hard).<\/li>\n<\/ul>","protected":false},"excerpt":{"rendered":"<p>Karbonska peraja snage 3K &#8211; 200g\/m\u00b2, O\u0161trica 80cm x 19cm sa kutom 22\u00b0. Te\u017eina jedne peraje 880 g, Dizajnirana prema jedinstvenoj arhitekturi LEGENDA, Stopa peraje LEGENDS rezultat su savr\u0161ene ravnote\u017ee izme\u0111u performansi, snage i upravljivosti. LEGENDS d\u017eep za noge proizveden je na tradicionalan na\u010din prema na jedinstvenom know-how koji omogu\u0107uje mije\u0161anje 3 vrste tvrdo\u0107e udobnosti [&hellip;]<\/p>\n","protected":false},"featured_media":101894,"template":"","meta":{"_et_pb_use_builder":"","_et_pb_old_content":"","_et_gb_content_width":""},"product_brand":[],"product_cat":[110],"product_tag":[],"class_list":{"0":"post-101848","1":"product","2":"type-product","3":"status-publish","4":"has-post-thumbnail","6":"product_cat-peraje","8":"first","9":"instock","10":"shipping-taxable","11":"purchasable","12":"product-type-variable"},"_links":{"self":[{"href":"https:\/\/neocarbone.com\/en\/wp-json\/wp\/v2\/product\/101848","targetHints":{"allow":["GET"]}}],"collection":[{"href":"https:\/\/neocarbone.com\/en\/wp-json\/wp\/v2\/product"}],"about":[{"href":"https:\/\/neocarbone.com\/en\/wp-json\/wp\/v2\/types\/product"}],"wp:featuredmedia":[{"embeddable":true,"href":"https:\/\/neocarbone.com\/en\/wp-json\/wp\/v2\/media\/101894"}],"wp:attachment":[{"href":"https:\/\/neocarbone.com\/en\/wp-json\/wp\/v2\/media?parent=101848"}],"wp:term":[{"taxonomy":"product_brand","embeddable":true,"href":"https:\/\/neocarbone.com\/en\/wp-json\/wp\/v2\/product_brand?post=101848"},{"taxonomy":"product_cat","embeddable":true,"href":"https:\/\/neocarbone.com\/en\/wp-json\/wp\/v2\/product_cat?post=101848"},{"taxonomy":"product_tag","embeddable":true,"href":"https:\/\/neocarbone.com\/en\/wp-json\/wp\/v2\/product_tag?post=101848"}],"curies":[{"name":"wp","href":"https:\/\/api.w.org\/{rel}","templated":true}]}}