{"id":101946,"date":"2023-04-26T15:15:19","date_gmt":"2023-04-26T13:15:19","guid":{"rendered":"https:\/\/neocarbone.com\/?post_type=product&#038;p=101946"},"modified":"2026-02-19T00:36:49","modified_gmt":"2026-02-18T22:36:49","slug":"patrol-raft-board","status":"publish","type":"product","link":"https:\/\/neocarbone.com\/en\/product\/patrol-raft-board\/","title":{"rendered":"PATROL Raft Board"},"content":{"rendered":"<p>The boat is made of 0.7mm PVC material, which is very resistant to various conditions.<\/p>\n<p>Floating pillow and floor made of 0.7mm resistant PVC material.<\/p>\n<p>2 professional inflation valves.<\/p>\n<p>2 built-in fins for better control.<\/p>\n<p>2 handles - 1m high with a solid base<\/p>\n<p>Rifle carrier system<\/p>\n<p>Large multifunctional space in the front part<\/p>\n<p>PVC and nylon cover fixed with 9 D rings with two compartments for smaller equipment.<\/p>\n<p>Waterproof cell phone storage<\/p>\n<p>1L water tank type EVA with hose and mouthpiece mounted in the top cover<\/p>\n<p>Large stainless steel D rings for towing and anchoring<\/p>\n<p>2 shoulder straps for easier carrying.<\/p>\n<p>Dimensions: 70x114cm<\/p>\n<p>Sold with hand pump and carrying bag<\/p>\n<p>Weight: 5 kg<\/p>","protected":false},"excerpt":{"rendered":"<p>\u010camac izra\u0111en od 0.7mm PVC materijala, koji je veoma otporan na razne uvjete. Plivaju\u0107i jastuk i podnica izra\u0111eni od 0.7mm otpornog PVC materijala. 2 profesionalna ventila za napuhivanje. 2 ugra\u0111ene peraje za bolju kontrolu. 2 ru\u010dke &#8211; 1m visine sa \u010dvrstom bazom Sustav nosa\u010da za pu\u0161ke Veliki multifunkcionalni prostor u prednjem dijelu PVC i najlonski [&hellip;]<\/p>\n","protected":false},"featured_media":101971,"template":"","meta":{"_et_pb_use_builder":"","_et_pb_old_content":"","_et_gb_content_width":""},"product_brand":[],"product_cat":[131,82],"product_tag":[],"class_list":{"0":"post-101946","1":"product","2":"type-product","3":"status-publish","4":"has-post-thumbnail","6":"product_cat-akcija","7":"product_cat-plutace-i-pribor","9":"first","10":"instock","11":"shipping-taxable","12":"purchasable","13":"product-type-simple"},"_links":{"self":[{"href":"https:\/\/neocarbone.com\/en\/wp-json\/wp\/v2\/product\/101946","targetHints":{"allow":["GET"]}}],"collection":[{"href":"https:\/\/neocarbone.com\/en\/wp-json\/wp\/v2\/product"}],"about":[{"href":"https:\/\/neocarbone.com\/en\/wp-json\/wp\/v2\/types\/product"}],"wp:featuredmedia":[{"embeddable":true,"href":"https:\/\/neocarbone.com\/en\/wp-json\/wp\/v2\/media\/101971"}],"wp:attachment":[{"href":"https:\/\/neocarbone.com\/en\/wp-json\/wp\/v2\/media?parent=101946"}],"wp:term":[{"taxonomy":"product_brand","embeddable":true,"href":"https:\/\/neocarbone.com\/en\/wp-json\/wp\/v2\/product_brand?post=101946"},{"taxonomy":"product_cat","embeddable":true,"href":"https:\/\/neocarbone.com\/en\/wp-json\/wp\/v2\/product_cat?post=101946"},{"taxonomy":"product_tag","embeddable":true,"href":"https:\/\/neocarbone.com\/en\/wp-json\/wp\/v2\/product_tag?post=101946"}],"curies":[{"name":"wp","href":"https:\/\/api.w.org\/{rel}","templated":true}]}}