{"id":101948,"date":"2023-04-26T15:15:19","date_gmt":"2023-04-26T13:15:19","guid":{"rendered":"https:\/\/neocarbone.com\/?post_type=product&#038;p=101948"},"modified":"2023-04-26T15:16:19","modified_gmt":"2023-04-26T13:16:19","slug":"mini-patrol-raft-board","status":"publish","type":"product","link":"https:\/\/neocarbone.com\/en\/product\/mini-patrol-raft-board\/","title":{"rendered":"MINI PATROL Raft board"},"content":{"rendered":"<p>The boat is made of 0.7mm PVC material, which is very resistant to various conditions.<br \/>\n- Floating cushion and floor made of 0.7mm resistant PVC material. - 2 professional inflation valves. - 2 built-in fins for better control. - 1 handle - 40 cm high with a solid base - Rifle carrier system - Large multifunctional space in the front part - PVC and nail cover fixed with 5 D-rings with two compartments for smaller equipment.- Waterproof storage for mobile phone- 2 shoulder straps for easier carrying.- Dimensions: 64x80cm- Weight: 3 kg<\/p>","protected":false},"excerpt":{"rendered":"<p>\u010camac izra\u0111en od 0.7mm PVC materijala, koji je veoma otporan na razne uvjete. &#8211; Plivaju\u0107i jastuk i podnica izra\u0111eni od 0.7mm otpornog PVC materijala.- 2 profesionalna ventila za napuhivanje.- 2 ugra\u0111ene peraje za bolju kontrolu.- 1 ru\u010dka- 40 cm visine sa \u010dvrstom bazom- Sustav nosa\u010da za pu\u0161ke- Veliki multifunkcionalni prostor u prednjem dijelu- PVC i [&hellip;]<\/p>\n","protected":false},"featured_media":101979,"template":"","meta":{"_et_pb_use_builder":"","_et_pb_old_content":"","_et_gb_content_width":""},"product_brand":[],"product_cat":[82],"product_tag":[],"class_list":{"0":"post-101948","1":"product","2":"type-product","3":"status-publish","4":"has-post-thumbnail","6":"product_cat-plutace-i-pribor","8":"first","9":"onbackorder","10":"shipping-taxable","11":"purchasable","12":"product-type-simple"},"_links":{"self":[{"href":"https:\/\/neocarbone.com\/en\/wp-json\/wp\/v2\/product\/101948","targetHints":{"allow":["GET"]}}],"collection":[{"href":"https:\/\/neocarbone.com\/en\/wp-json\/wp\/v2\/product"}],"about":[{"href":"https:\/\/neocarbone.com\/en\/wp-json\/wp\/v2\/types\/product"}],"wp:featuredmedia":[{"embeddable":true,"href":"https:\/\/neocarbone.com\/en\/wp-json\/wp\/v2\/media\/101979"}],"wp:attachment":[{"href":"https:\/\/neocarbone.com\/en\/wp-json\/wp\/v2\/media?parent=101948"}],"wp:term":[{"taxonomy":"product_brand","embeddable":true,"href":"https:\/\/neocarbone.com\/en\/wp-json\/wp\/v2\/product_brand?post=101948"},{"taxonomy":"product_cat","embeddable":true,"href":"https:\/\/neocarbone.com\/en\/wp-json\/wp\/v2\/product_cat?post=101948"},{"taxonomy":"product_tag","embeddable":true,"href":"https:\/\/neocarbone.com\/en\/wp-json\/wp\/v2\/product_tag?post=101948"}],"curies":[{"name":"wp","href":"https:\/\/api.w.org\/{rel}","templated":true}]}}