{"id":101950,"date":"2023-04-26T15:15:20","date_gmt":"2023-04-26T13:15:20","guid":{"rendered":"https:\/\/neocarbone.com\/?post_type=product&#038;p=101950"},"modified":"2025-01-31T00:02:01","modified_gmt":"2025-01-30T22:02:01","slug":"double-envelope-torpedo-buoy","status":"publish","type":"product","link":"https:\/\/neocarbone.com\/en\/product\/double-envelope-torpedo-buoy\/","title":{"rendered":"Double envelope Torpedo buoy"},"content":{"rendered":"<p>Double bladder safety buoy with external nylon protection \/\/ Replaceable internal PVC bladder. Supplied with 17m of orange rope + &quot;Fox&quot; flag. Available in round or torpedo version. The lead pocket must be hung from the edge of the double bladder buoy. When you put a 2 kg weight inside, the buoy rises like a lighthouse for better visibility and safety at sea. To return the buoy to the lying position, simply place a 2-kilogram ballast on the center buoy clip. This also gives her better balance at sea. Lead pocket not included.<\/p>","protected":false},"excerpt":{"rendered":"<p>Sigurnosna bova dvostrukog mjehura sa vanjskom najlonskom za\u0161titom \/\/ Zamjenjiv unutarnji PVC mjehur. Isporu\u010duje se sa 17m naran\u010dastog konopa + &#8220;Fox&#8221; zastava. Dostupno u okrugloj ili torpednoj verziji. D\u017eep za olovo mora biti obje\u0161en na rubu pluta\u010de s dvostrukim mjehurom. Kada unutra stavite uteg od 2 kg, pluta\u010da se podi\u017ee poput svjetionika za bolju vidljivost [&hellip;]<\/p>\n","protected":false},"featured_media":101988,"template":"","meta":{"_et_pb_use_builder":"","_et_pb_old_content":"","_et_gb_content_width":""},"product_brand":[],"product_cat":[131,82],"product_tag":[],"class_list":{"0":"post-101950","1":"product","2":"type-product","3":"status-publish","4":"has-post-thumbnail","6":"product_cat-akcija","7":"product_cat-plutace-i-pribor","9":"first","10":"instock","11":"shipping-taxable","12":"purchasable","13":"product-type-simple"},"_links":{"self":[{"href":"https:\/\/neocarbone.com\/en\/wp-json\/wp\/v2\/product\/101950","targetHints":{"allow":["GET"]}}],"collection":[{"href":"https:\/\/neocarbone.com\/en\/wp-json\/wp\/v2\/product"}],"about":[{"href":"https:\/\/neocarbone.com\/en\/wp-json\/wp\/v2\/types\/product"}],"wp:featuredmedia":[{"embeddable":true,"href":"https:\/\/neocarbone.com\/en\/wp-json\/wp\/v2\/media\/101988"}],"wp:attachment":[{"href":"https:\/\/neocarbone.com\/en\/wp-json\/wp\/v2\/media?parent=101950"}],"wp:term":[{"taxonomy":"product_brand","embeddable":true,"href":"https:\/\/neocarbone.com\/en\/wp-json\/wp\/v2\/product_brand?post=101950"},{"taxonomy":"product_cat","embeddable":true,"href":"https:\/\/neocarbone.com\/en\/wp-json\/wp\/v2\/product_cat?post=101950"},{"taxonomy":"product_tag","embeddable":true,"href":"https:\/\/neocarbone.com\/en\/wp-json\/wp\/v2\/product_tag?post=101950"}],"curies":[{"name":"wp","href":"https:\/\/api.w.org\/{rel}","templated":true}]}}