{"id":224455,"date":"2023-08-28T16:03:36","date_gmt":"2023-08-28T14:03:36","guid":{"rendered":"https:\/\/neocarbone.com\/?post_type=product&#038;p=224455"},"modified":"2025-07-25T12:12:52","modified_gmt":"2025-07-25T10:12:52","slug":"racunalo-king-cressi","status":"publish","type":"product","link":"https:\/\/neocarbone.com\/en\/product\/racunalo-king-cressi\/","title":{"rendered":"Computer \u2013 KING \u2013 Cressi"},"content":{"rendered":"<p>With its compact appearance (48 mm diameter) and high-contrast display (35 mm diameter), King is a fantastic choice for every free-diving and spearfishing enthusiast. Features: \u2013 small dimensions (watch diameter 48 mm) \u2013 screen of significant dimensions, compared to the watch itself (35 mm diameter) and high contrast \u2013 mineral glass + metal bezel \u2013 waterproof to 120 m depth \u2013 high-capacity battery \u2013 modern software with decompression monitoring functions that prevent the occurrence of taravana and edema. \u2013 new strap, a combination of silicone and polyamide with stainless steel elements The watch is delivered in a practical protective box, with silicone screen protection. <strong>\u00a0<\/strong>(FREEDIVING) PROGRAM \u2013 Algorithm for reducing the risk of drowning with 8 levels \u2013 Reducing the risk of pulmonary edema with a dive calculation algorithm \u2013 Current depth \u2013 Temperature \u2013 maximum depth \u2013 Dive time \u2013 Surface interval display \u2013 Maximum dive and ascent speed indicator \u2013 Depth, dive time and surface interval alarms \u2013 Hydration alarm \u2013 Alarm that can be set for a specific dive phase \u2013 Fresh\/salt water settings (also known as sea) \u2013 Possibility of locking during swimming <strong>LOGBOOK<\/strong> \u2013 Variable data sampling interval \u2013 Available during the dive \u2013 View details of each dive <strong>Interfaces for connecting to a computer<\/strong><\/p>","protected":false},"excerpt":{"rendered":"<p>For underwater fishing and free diving:<\/p>\n<ul>\n<li>Computer,<\/li>\n<li>A watch,<\/li>\n<\/ul>","protected":false},"featured_media":224467,"template":"","meta":{"_et_pb_use_builder":"off","_et_pb_old_content":"Sa svojim kompaktnim izgledom (48 mm promjera) i ekranom velikog kontrasta (35 mm promjera) King je fantasti\u010dan odabir za svakog ronioca na dah i podvodnog ribolovca.\r\n\r\nKarakteristike:\r\n\r\n- male dimenzije (promjer sata 48 mm)\r\n\r\n- ekran zna\u010dajnih dimenzija, u odnosu na sam sat (35 mm promjera) i velikog kontrasta\r\n\r\n- mineralno staklo + metalni bezel\r\n\r\n- vodonepropusan do 120 m dubine\r\n\r\n- baterija velikog kapaciteta\r\n\r\n- moderan softver sa funkcijama pra\u0107enja dekompresije koji sprije\u010dava nastanak taravane i edema.\r\n\r\n- novi remen, kombinacija silikona i poliamida sa inox elementima\r\n\r\nSat se isporu\u010duje u prakti\u010dnoj za\u0161titnoj kutiji, sa silikonskom za\u0161titom ekrana.\r\n\r\n<strong>\u00a0<\/strong>(FREEDIVING) PROGRAM\r\n\r\n- Algoritam za smanjenje rizira od taravane s 8 razina\r\n\r\n- Smanjenje rizika od plu\u010dnog edema algoritmom za ra\u010dunanje zarona\r\n\r\n- Trenutna dubina\r\n\r\n- Temperatura\r\n\r\n- maksimalna dubina\r\n\r\n- Vrijeme ronjenja\r\n\r\n- Prikaz povr\u0161inskog intervala\r\n\r\n- Indikator maksimalne brzine urona i izrona\r\n\r\n- Alarm za dubinu, vrijeme zarona i povr\u0161inskog intervalaalarms\r\n\r\n- Alarm za hidrataciju\r\n\r\n- Alarm koji se mo\u017ee podesti za odre\u0111enu fazu zarona\r\n\r\n- Postavke za slatku\/slanu vodu (znano i kao more)\r\n\r\n- Mogu\u0107nost zaklju\u010davanja tjekom plivanja\r\n\r\n<strong>LOGBOOK<\/strong>\r\n\r\n- Variabilna interval uzorkovanja podataka\r\n\r\n- Dostupan tijekom urona\r\n\r\n- Prikaz detalja svakog zarona\r\n\r\n<strong>Su\u010delja za spajanje na ra\u010dunalo<\/strong>","_et_gb_content_width":""},"product_brand":[],"product_cat":[15,52],"product_tag":[],"class_list":{"0":"post-224455","1":"product","2":"type-product","3":"status-publish","4":"has-post-thumbnail","6":"product_cat-uncategorized","7":"product_cat-ronjenje-na-dah-free-diving","9":"first","10":"instock","11":"shipping-taxable","12":"purchasable","13":"product-type-variable"},"_links":{"self":[{"href":"https:\/\/neocarbone.com\/en\/wp-json\/wp\/v2\/product\/224455","targetHints":{"allow":["GET"]}}],"collection":[{"href":"https:\/\/neocarbone.com\/en\/wp-json\/wp\/v2\/product"}],"about":[{"href":"https:\/\/neocarbone.com\/en\/wp-json\/wp\/v2\/types\/product"}],"wp:featuredmedia":[{"embeddable":true,"href":"https:\/\/neocarbone.com\/en\/wp-json\/wp\/v2\/media\/224467"}],"wp:attachment":[{"href":"https:\/\/neocarbone.com\/en\/wp-json\/wp\/v2\/media?parent=224455"}],"wp:term":[{"taxonomy":"product_brand","embeddable":true,"href":"https:\/\/neocarbone.com\/en\/wp-json\/wp\/v2\/product_brand?post=224455"},{"taxonomy":"product_cat","embeddable":true,"href":"https:\/\/neocarbone.com\/en\/wp-json\/wp\/v2\/product_cat?post=224455"},{"taxonomy":"product_tag","embeddable":true,"href":"https:\/\/neocarbone.com\/en\/wp-json\/wp\/v2\/product_tag?post=224455"}],"curies":[{"name":"wp","href":"https:\/\/api.w.org\/{rel}","templated":true}]}}