{"id":224594,"date":"2024-02-14T15:59:43","date_gmt":"2024-02-14T13:59:43","guid":{"rendered":"https:\/\/neocarbone.com\/?post_type=product&#038;p=224594"},"modified":"2026-03-31T00:44:46","modified_gmt":"2026-03-30T22:44:46","slug":"odijelo-shadow-full-black-9mm","status":"publish","type":"product","link":"https:\/\/neocarbone.com\/en\/product\/odijelo-shadow-full-black-9mm\/","title":{"rendered":"Suit Shadow full black 9mm"},"content":{"rendered":"<ul>\n<li>Neoprene Yamamoto\u00ae 039,<\/li>\n<li>Camo polyester spandex 019 screen printing outer \/open cell inner opening,<\/li>\n<li>Ergonomic and preformed leg and sleeve cut,<\/li>\n<li>SCS * wrist, ankle and hood sleeves,<\/li>\n<li>PowerTex-type protection on the knees,<\/li>\n<li>5 mm neoprene cushion with PowerTex cover,<\/li>\n<li>Double-sided beaver tail. Fastening at the bottom of the jacket.<\/li>\n<\/ul>","protected":false},"excerpt":{"rendered":"<p>Neoprene Yamamoto\u00ae 039, Camo polyester spandex 019 screen printing exterior \/ open cell interior opening, Ergonomic and pre-shaped cut of legs and sleeves, SCS * sleeves to wrists, ankles and hood, PowerTex-type knee protection, 5 mm neoprene cushion with PowerTex cover , Double-sided beaver tail. Fastening at the bottom of the jacket.<\/p>","protected":false},"featured_media":100137,"template":"","meta":{"_et_pb_use_builder":"off","_et_pb_old_content":"<ul>\r\n \t<li>Neoprene Yamamoto\u00ae 039,<\/li>\r\n \t<li>Camo poliester spandex 019 sitotisak vanjski \/open cell unutarnji otvor,<\/li>\r\n \t<li>Ergonomski i predoblikovan kroj nogavica i rukava,<\/li>\r\n \t<li>SCS * rukavi do zape\u0161\u0107a, gle\u017enjeva i kapulja\u010de,<\/li>\r\n \t<li>PowerTex-tip za\u0161tite na koljenima,<\/li>\r\n \t<li>5 mm jastuk od neoprena s poklopcem PowerTex,<\/li>\r\n \t<li>Dabrov rep dvostruki obostrani.Kop\u010danje na dnu jakne.<\/li>\r\n<\/ul>","_et_gb_content_width":""},"product_brand":[],"product_cat":[51,43],"product_tag":[],"class_list":{"0":"post-224594","1":"product","2":"type-product","3":"status-publish","4":"has-post-thumbnail","6":"product_cat-odijela-9mm","7":"product_cat-odijela-za-podvodni-ribolov","9":"first","10":"instock","11":"shipping-taxable","12":"purchasable","13":"product-type-variable"},"_links":{"self":[{"href":"https:\/\/neocarbone.com\/en\/wp-json\/wp\/v2\/product\/224594","targetHints":{"allow":["GET"]}}],"collection":[{"href":"https:\/\/neocarbone.com\/en\/wp-json\/wp\/v2\/product"}],"about":[{"href":"https:\/\/neocarbone.com\/en\/wp-json\/wp\/v2\/types\/product"}],"wp:featuredmedia":[{"embeddable":true,"href":"https:\/\/neocarbone.com\/en\/wp-json\/wp\/v2\/media\/100137"}],"wp:attachment":[{"href":"https:\/\/neocarbone.com\/en\/wp-json\/wp\/v2\/media?parent=224594"}],"wp:term":[{"taxonomy":"product_brand","embeddable":true,"href":"https:\/\/neocarbone.com\/en\/wp-json\/wp\/v2\/product_brand?post=224594"},{"taxonomy":"product_cat","embeddable":true,"href":"https:\/\/neocarbone.com\/en\/wp-json\/wp\/v2\/product_cat?post=224594"},{"taxonomy":"product_tag","embeddable":true,"href":"https:\/\/neocarbone.com\/en\/wp-json\/wp\/v2\/product_tag?post=224594"}],"curies":[{"name":"wp","href":"https:\/\/api.w.org\/{rel}","templated":true}]}}