{"id":225483,"date":"2025-03-29T15:56:08","date_gmt":"2025-03-29T13:56:08","guid":{"rendered":"https:\/\/neocarbone.com\/?post_type=product&#038;p=225483"},"modified":"2025-05-12T09:19:57","modified_gmt":"2025-05-12T07:19:57","slug":"peraje-e-black-78cm-list","status":"publish","type":"product","link":"https:\/\/neocarbone.com\/en\/product\/peraje-e-black-78cm-list\/","title":{"rendered":"Imersion E-Black Fins \u2013 78cm sheet"},"content":{"rendered":"<pre><strong>IMERSION E:BLACK FINS<\/strong>\r\n\r\nThe IMMERSION\u00a0<strong>E:BLACK<\/strong>\u00a0\u00a0full-foot fin will ensure your performance in deep apnea! Its blade loaded with resin and synthetic fibers ensures increased rigidity. The flexibility is progressive but the &quot;spring effect&quot; is increased. The extension of the blade at the heel allows a transfer of the effort directly into the blade. Blade: 78 cm. Liner material: SEBS55sh. Blade material: Technopolymer. Color: Black Liner \/ Black Blade. Full foot fine. -----------------------\r\n<strong>PALMES IMERSION E:BLACK<\/strong>\r\n\r\nLa palma IMERSION<strong>\u00a0E:BLACK<\/strong>\u00a0chaussante, assurera votre performance en apn\u00e9e profonde ! Sa voilure charg\u00e9 en r\u00e9sine et fibers synth\u00e9siques assure une rigit\u00e9 accrue. La flexibility est progressive mais \u00ab l&#039;effet ressort \u00bb est augmente. Le prolongement de la voilure au niveau du talon permet un transfer de l&#039;effort directement dans la voilure. Voilure: 78 cm. Mati\u00e8re chausson : SEBS55sh. Mati\u00e8re voilure : Technopolym\u00e8re. Couleur : Chausson Noir \/ Voilure Noire. Palme chaussante.\r\n\r\n\r\n<\/pre>","protected":false},"excerpt":{"rendered":"<p><strong>IMERSION E:BLACK FINS<\/strong><\/p>\n<p>The IMMERSION\u00a0<strong>E:BLACK<\/strong>\u00a0\u00a0full-foot fin will ensure your performance in deep apnea!<br \/>\nIts blade loaded with resin and synthetic fibers ensures increased rigidity.<br \/>\nThe flexibility is progressive but the &quot;spring effect&quot; is increased.<br \/>\nThe extension of the blade at the heel allows a transfer of the effort directly into the blade.<\/p>\n<p>Blade: 78 cm.<br \/>\nLiner material: SEBS55sh.<br \/>\nBlade material: Technopolymer.<br \/>\nColor: Black Liner \/ Black Blade.<br \/>\nFull foot fin.<\/p>\n<p style=\"line-height: 27.0pt; background: white; margin: 0cm 0cm 7.5pt 0cm;\"><strong><span lang=\"hr\" style=\"font-size: 12.0pt; font-family: 'Arial',sans-serif; color: #333333; text-transform: uppercase;\">PALMES IMERSION E:BLACK<\/span><\/strong><\/p>\n<p><span lang=\"hr\" style=\"font-family: 'Arial',sans-serif; color: #333333;\">La palma IMERSION<strong><span style=\"font-family: 'Arial',sans-serif;\">\u00a0E:BLACK<\/span><\/strong>\u00a0chaussante, assurera votre performance en apn\u00e9e profonde !<br \/>\nSa voilure charg\u00e9 en r\u00e9sine et fibers synth\u00e9siques assure une rigit\u00e9 accrue.<br \/>\nLa flexibility est progressive mais \u00ab l&#039;effet ressort \u00bb est augmente.<br \/>\nLe prolongement de la voilure au niveau du talon permet un transfer de l&#039;effort directement dans la voilure.<\/span><\/p>\n<p><span lang=\"hr\" style=\"font-family: 'Arial',sans-serif; color: #333333;\">Sail: 78 cm.<br \/>\nShoe material: SEBS55sh.<br \/>\nMati\u00e8re voilure : Technopolym\u00e8re.<br \/>\nCouleur : Chausson Noir \/ Voilure Noire.<br \/>\nShoe palm.<\/span><\/p>","protected":false},"featured_media":225490,"template":"","meta":{"_et_pb_use_builder":"off","_et_pb_old_content":"","_et_gb_content_width":""},"product_brand":[],"product_cat":[161,54,110],"product_tag":[],"class_list":{"0":"post-225483","1":"product","2":"type-product","3":"status-publish","4":"has-post-thumbnail","6":"product_cat-imersion","7":"product_cat-novi-proizvodi","8":"product_cat-peraje","10":"first","11":"instock","12":"shipping-taxable","13":"purchasable","14":"product-type-variable"},"_links":{"self":[{"href":"https:\/\/neocarbone.com\/en\/wp-json\/wp\/v2\/product\/225483","targetHints":{"allow":["GET"]}}],"collection":[{"href":"https:\/\/neocarbone.com\/en\/wp-json\/wp\/v2\/product"}],"about":[{"href":"https:\/\/neocarbone.com\/en\/wp-json\/wp\/v2\/types\/product"}],"wp:featuredmedia":[{"embeddable":true,"href":"https:\/\/neocarbone.com\/en\/wp-json\/wp\/v2\/media\/225490"}],"wp:attachment":[{"href":"https:\/\/neocarbone.com\/en\/wp-json\/wp\/v2\/media?parent=225483"}],"wp:term":[{"taxonomy":"product_brand","embeddable":true,"href":"https:\/\/neocarbone.com\/en\/wp-json\/wp\/v2\/product_brand?post=225483"},{"taxonomy":"product_cat","embeddable":true,"href":"https:\/\/neocarbone.com\/en\/wp-json\/wp\/v2\/product_cat?post=225483"},{"taxonomy":"product_tag","embeddable":true,"href":"https:\/\/neocarbone.com\/en\/wp-json\/wp\/v2\/product_tag?post=225483"}],"curies":[{"name":"wp","href":"https:\/\/api.w.org\/{rel}","templated":true}]}}