{"id":225496,"date":"2025-03-29T16:12:03","date_gmt":"2025-03-29T14:12:03","guid":{"rendered":"https:\/\/neocarbone.com\/?post_type=product&#038;p=225496"},"modified":"2026-02-28T00:08:11","modified_gmt":"2026-02-27T22:08:11","slug":"peraje-imersion-e-carbone-essentiel-75cm-list","status":"publish","type":"product","link":"https:\/\/neocarbone.com\/en\/product\/peraje-imersion-e-carbone-essentiel-75cm-list\/","title":{"rendered":"Fins Imersion E-Carbone Essentiel \u2013 75cm sheet"},"content":{"rendered":"<pre><strong>ESSENTIAL CARBON FINS 75 cm<\/strong>\r\n\r\nThe CARBONE ESSENTIEL full-foot fin is efficient and accessible to most people. Light and flexible, it is very comfortable. It is recommended for all depths. Its lightness means that you hardly feel it. Features:<\/pre>\n<ul>\n<li>\n<pre>Sloping sail, in high modulus carbon fabric, a deliberately (or deliberately) basic finish and production rationalized as much as possible, make it the 4X4 fin for all-terrain fishermen.<\/pre>\n<\/li>\n<li>\n<pre>Guidance and protection profile.<\/pre>\n<\/li>\n<li>\n<pre>Non-removable sail.<\/pre>\n<\/li>\n<li>\n<pre>Color: Black sail and shoe.<\/pre>\n<\/li>\n<li>\n<pre>Sail area: 75 cm.<\/pre>\n<\/li>\n<\/ul>\n<pre>\r\n-----------------------------\r\n<strong>PALMES CARBONE ESSENTIEL 75 cm<\/strong>\r\n\r\nLa Palme CARBONE ESSENTIEL chaussante est performante et accessible au plus grand nombre. L\u00e9g\u00e8re et souple, elle est tr\u00e8s confortable. Elle est recommand\u00e9 pour toutes les profondeurs. Sa l\u00e9g\u00e8ret\u00e9 fait qu&#039;on ne la sent presque pas. Features:<\/pre>\n<ul>\n<li>\n<pre>Voilure d\u00e9cl\u00edv\u00e9e, en tissu carbone haut module, une finition volontairement (ou d\u00e9lib\u00e9r\u00e9ment) basic et une production rationalis\u00e9e au mieux, en font la palme 4X4 du p\u00eacheur tout terrain.<\/pre>\n<\/li>\n<li>\n<pre>Profile de guidance et de protection.<\/pre>\n<\/li>\n<li>\n<pre>Non-removable canopy.<\/pre>\n<\/li>\n<li>\n<pre>Couleur : Voilure et chausson noirs.<\/pre>\n<\/li>\n<li>\n<pre>Sail: 75 cm.<\/pre>\n<\/li>\n<\/ul>","protected":false},"excerpt":{"rendered":"<p><strong>ESSENTIAL CARBON FINS 75 cm<\/strong><\/p>\n<p>The\u00a0<strong>CARBONE ESSENTIAL<\/strong>\u00a0full-foot fin is efficient and accessible to most people.<br \/>\nLight and flexible, it is very comfortable. It is recommended for all depths.<br \/>\nIts lightness means that you hardly feel it.<\/p>\n<p>Features:<\/p>\n<ul>\n<li>Sloping sail, in high modulus carbon fabric, a deliberately (or deliberately) basic finish and production rationalized as much as possible, make it the 4X4 fin for all-terrain fishermen.<\/li>\n<li>Guidance and protection profile.<\/li>\n<li>Non-removable sail.<\/li>\n<li>Color: Black sail and shoe.<\/li>\n<li>Sail area: 75 cm.<\/li>\n<\/ul>\n<p>&nbsp;<\/p>\n<p><strong>PALMES CARBONE ESSENTIEL 75 cm<\/strong><\/p>\n<p>La Palma\u00a0<strong>CARBONE ESSENTIAL\u00a0<\/strong>chaussante est performante et accessible au plus grand nombre.<br \/>\nL\u00e9g\u00e8re et souple, elle est tr\u00e8s confortable. Elle est recommand\u00e9 pour toutes les profondeurs.<br \/>\nSa l\u00e9g\u00e8ret\u00e9 fait qu&#039;on ne la sent presque pas.<\/p>\n<p>Features:<\/p>\n<ul>\n<li>Voilure d\u00e9cl\u00edv\u00e9e, en tissu carbone haut module, une finition volontairement (ou d\u00e9lib\u00e9r\u00e9ment) basic et une production rationalis\u00e9e au mieux, en font la palme 4X4 du p\u00eacheur tout terrain.<\/li>\n<li>Profile de guidance et de protection.<\/li>\n<li>Non-removable canopy.<\/li>\n<li>Couleur : Voilure et chausson noirs.<\/li>\n<li>Sail: 75 cm.<\/li>\n<\/ul>","protected":false},"featured_media":225504,"template":"","meta":{"_et_pb_use_builder":"off","_et_pb_old_content":"","_et_gb_content_width":""},"product_brand":[],"product_cat":[161,54,110],"product_tag":[],"class_list":{"0":"post-225496","1":"product","2":"type-product","3":"status-publish","4":"has-post-thumbnail","6":"product_cat-imersion","7":"product_cat-novi-proizvodi","8":"product_cat-peraje","10":"first","11":"instock","12":"shipping-taxable","13":"purchasable","14":"product-type-variable"},"_links":{"self":[{"href":"https:\/\/neocarbone.com\/en\/wp-json\/wp\/v2\/product\/225496","targetHints":{"allow":["GET"]}}],"collection":[{"href":"https:\/\/neocarbone.com\/en\/wp-json\/wp\/v2\/product"}],"about":[{"href":"https:\/\/neocarbone.com\/en\/wp-json\/wp\/v2\/types\/product"}],"wp:featuredmedia":[{"embeddable":true,"href":"https:\/\/neocarbone.com\/en\/wp-json\/wp\/v2\/media\/225504"}],"wp:attachment":[{"href":"https:\/\/neocarbone.com\/en\/wp-json\/wp\/v2\/media?parent=225496"}],"wp:term":[{"taxonomy":"product_brand","embeddable":true,"href":"https:\/\/neocarbone.com\/en\/wp-json\/wp\/v2\/product_brand?post=225496"},{"taxonomy":"product_cat","embeddable":true,"href":"https:\/\/neocarbone.com\/en\/wp-json\/wp\/v2\/product_cat?post=225496"},{"taxonomy":"product_tag","embeddable":true,"href":"https:\/\/neocarbone.com\/en\/wp-json\/wp\/v2\/product_tag?post=225496"}],"curies":[{"name":"wp","href":"https:\/\/api.w.org\/{rel}","templated":true}]}}