{"id":225508,"date":"2025-03-29T16:34:02","date_gmt":"2025-03-29T14:34:02","guid":{"rendered":"https:\/\/neocarbone.com\/?post_type=product&#038;p=225508"},"modified":"2026-02-28T00:08:11","modified_gmt":"2026-02-27T22:08:11","slug":"peraje-imersion-psp-carbone-kratki-list-75cm","status":"publish","type":"product","link":"https:\/\/neocarbone.com\/en\/product\/peraje-imersion-psp-carbone-kratki-list-75cm\/","title":{"rendered":"Fins Imersion PSP Carbone short blade \u2013 75cm"},"content":{"rendered":"<pre>PSP Carbon FINS 61 cm Carbon fin for sports diving in the pool, perfect for trials, single-piece octopus and emersion events. These fins also allow for practice in white water for surface swimming. You will be able to make very tight turns in very little water. Features:<\/pre>\n<ul>\n<li>\n<pre>Sloping sail, in high modulus carbon fabric, a deliberately (or deliberately) basic finish and production rationalized as much as possible.<\/pre>\n<\/li>\n<li>\n<pre>Guidance and protection profile.<\/pre>\n<\/li>\n<li>\n<pre>Non-removable sail.<\/pre>\n<\/li>\n<li>\n<pre>Color: Black sail and shoe.<\/pre>\n<\/li>\n<li>\n<pre>Sail area: 61 cm.<\/pre>\n<\/li>\n<\/ul>\n<pre>\r\n----------------------- PALMES Carbone PSP 61 cm Palme carbone de Plong\u00e9e Sportive en Piscine, parfaite pour les \u00e9preuves de trial, octopus monobloc et d&#039;\u00e9mersion. Ces palmes permettent \u00e9galement une pratique en eaux vives pour la nage de surface. Vous pougeres effecteur des virages tr\u00e8s serr\u00e9s dans tr\u00e8s peu d&#039;eau. Features:<\/pre>\n<ul>\n<li>\n<pre>Voilure d\u00e9cl\u00edv\u00e9e, en tissu carbone haut module, une finition volontairement (ou d\u00e9lib\u00e9r\u00e9ment) basic et une production rationalis\u00e9e au mieux.<\/pre>\n<\/li>\n<li>\n<pre>Profile de guidance et de protection.<\/pre>\n<\/li>\n<li>\n<pre>Non-removable canopy.<\/pre>\n<\/li>\n<li>\n<pre>Couleur : Voilure et chausson noirs.<\/pre>\n<\/li>\n<li>\n<pre>Sail: 61 cm.<\/pre>\n<\/li>\n<\/ul>\n<ul>\n<li>\n<pre><\/pre>\n<\/li>\n<\/ul>","protected":false},"excerpt":{"rendered":"<p><strong>PSP Carbon FINS 61 cm<\/strong><\/p>\n<p>Carbon fin for\u00a0<strong>sports diving<\/strong>\u00a0and\u00a0<strong>the pool,<\/strong> perfect for trials, single-piece octopus, and immersion events.<br \/>\nThese fins also allow surface swimming practice in white water. You will be able to make very tight turns in very little water.<\/p>\n<p>Features:<\/p>\n<ul>\n<li>Sloping sail, in high modulus carbon fabric, a deliberately (or deliberately) basic finish and production rationalized as much as possible.<\/li>\n<li>Guidance and protection profile.<\/li>\n<li>Non-removable sail.<\/li>\n<li>Color: Black sail and shoe.<\/li>\n<li>Sail area: 61 cm.<\/li>\n<\/ul>\n<p>&nbsp;<\/p>\n<p><strong>PALMES Carbone PSP 61 cm<\/strong><\/p>\n<p>Palme carbone de\u00a0<strong>Sports Diving<\/strong>\u00a0en\u00a0<strong>Swimming pools,\u00a0<\/strong>parfaite pour les \u00e9preuves de trial, octopus monobloc et d&#039;\u00e9mersion.<br \/>\nCes palmes permettent \u00e9galement une pratique en eaux vives pour la nage de surface. Vous pougeres effecteur des virages tr\u00e8s serr\u00e9s dans tr\u00e8s peu d&#039;eau.<\/p>\n<p>Features:<\/p>\n<ul>\n<li>Voilure d\u00e9cl\u00edv\u00e9e, en tissu carbone haut module, une finition volontairement (ou d\u00e9lib\u00e9r\u00e9ment) basic et une production rationalis\u00e9e au mieux.<\/li>\n<li>Profile de guidance et de protection.<\/li>\n<li>Non-removable canopy.<\/li>\n<li>Couleur : Voilure et chausson noirs.<\/li>\n<li>Sail: 61 cm.<\/li>\n<\/ul>","protected":false},"featured_media":225512,"template":"","meta":{"_et_pb_use_builder":"off","_et_pb_old_content":"","_et_gb_content_width":""},"product_brand":[],"product_cat":[161,54,110],"product_tag":[],"class_list":{"0":"post-225508","1":"product","2":"type-product","3":"status-publish","4":"has-post-thumbnail","6":"product_cat-imersion","7":"product_cat-novi-proizvodi","8":"product_cat-peraje","10":"first","11":"instock","12":"shipping-taxable","13":"purchasable","14":"product-type-variable"},"_links":{"self":[{"href":"https:\/\/neocarbone.com\/en\/wp-json\/wp\/v2\/product\/225508","targetHints":{"allow":["GET"]}}],"collection":[{"href":"https:\/\/neocarbone.com\/en\/wp-json\/wp\/v2\/product"}],"about":[{"href":"https:\/\/neocarbone.com\/en\/wp-json\/wp\/v2\/types\/product"}],"wp:featuredmedia":[{"embeddable":true,"href":"https:\/\/neocarbone.com\/en\/wp-json\/wp\/v2\/media\/225512"}],"wp:attachment":[{"href":"https:\/\/neocarbone.com\/en\/wp-json\/wp\/v2\/media?parent=225508"}],"wp:term":[{"taxonomy":"product_brand","embeddable":true,"href":"https:\/\/neocarbone.com\/en\/wp-json\/wp\/v2\/product_brand?post=225508"},{"taxonomy":"product_cat","embeddable":true,"href":"https:\/\/neocarbone.com\/en\/wp-json\/wp\/v2\/product_cat?post=225508"},{"taxonomy":"product_tag","embeddable":true,"href":"https:\/\/neocarbone.com\/en\/wp-json\/wp\/v2\/product_tag?post=225508"}],"curies":[{"name":"wp","href":"https:\/\/api.w.org\/{rel}","templated":true}]}}