{"id":225580,"date":"2025-04-19T18:22:59","date_gmt":"2025-04-19T16:22:59","guid":{"rendered":"https:\/\/neocarbone.com\/?post_type=product&#038;p=225580"},"modified":"2025-04-20T13:15:45","modified_gmt":"2025-04-20T11:15:45","slug":"podvodna-puska-challenger-60-imersion-60-cm","status":"publish","type":"product","link":"https:\/\/neocarbone.com\/en\/product\/podvodna-puska-challenger-60-imersion-60-cm\/","title":{"rendered":"Challenger 60 Immersion underwater rifle \u2013 60 cm"},"content":{"rendered":"<pre><strong>CHALLENGER 60<\/strong>\r\n\r\nThe CHALLENGER underwater fishing crossbow is equipped with: An aluminum tube \u00d8 28 mm An arrow \u00d8 6.5 mm blue zinc steel A set of shells emerges A pair of latex bungee cords \u00d8 16 mm Guaranteed watertightness achieved by buoyancy elements made of cellular resin. Tube geometry ensuring perfect rigidity. After use, rinse with fresh water. Dry the equipment and store it in a dry place, away from light. Size: 60<\/pre>\n<pre>----------<\/pre>\n<pre><strong>CHALLENGER 60<\/strong>\r\n\r\nL&#039;arbal\u00e8te de p\u00eache sous-marine CHALLENGER est \u00e9quip\u00e9e: Un tube aluminum \u00d8 28 mm Une fl\u00e8che \u00d8 6.5 mm acier zinc bleu Un jeu d&#039;obus ressort Une paire de sandows latex \u00d8 16 mm Etanch\u00e9it\u00e9 garantie realized par des elements de flottabilit\u00e9 en resine alv\u00e9olaire. G\u00e9om\u00e9trie du tube assurant une rigidit\u00e9 parfaite. Apr\u00e8s utilization rinser \u00e0 l&#039;eau douce. Faire s\u00e9cher le mat\u00e9riel et le stocker dans un endroit sec, \u00e0 l&#039;abri de la lumi\u00e8re. Waist: 60<\/pre>","protected":false},"excerpt":{"rendered":"<p>CHALLENGER 60 The CHALLENGER\u00a0underwater fishing crossbow\u00a0is equipped with: An aluminum tube \u00d8 28 mm An arrow \u00d8 6.5 mm blue zinc steel A set of shells emerges A pair of latex bungee cords \u00d8 16 mm Guaranteed watertightness achieved by buoyancy elements made of cellular resin. Tube geometry ensuring perfect rigidity. After use, rinse with [&hellip;]<\/p>\n","protected":false},"featured_media":225581,"template":"","meta":{"_et_pb_use_builder":"","_et_pb_old_content":"","_et_gb_content_width":""},"product_brand":[],"product_cat":[161,54,76,77],"product_tag":[],"class_list":{"0":"post-225580","1":"product","2":"type-product","3":"status-publish","4":"has-post-thumbnail","6":"product_cat-imersion","7":"product_cat-novi-proizvodi","8":"product_cat-podvodne-puske","9":"product_cat-podvodne-puske-aluminijske","11":"first","12":"instock","13":"shipping-taxable","14":"purchasable","15":"product-type-simple"},"_links":{"self":[{"href":"https:\/\/neocarbone.com\/en\/wp-json\/wp\/v2\/product\/225580","targetHints":{"allow":["GET"]}}],"collection":[{"href":"https:\/\/neocarbone.com\/en\/wp-json\/wp\/v2\/product"}],"about":[{"href":"https:\/\/neocarbone.com\/en\/wp-json\/wp\/v2\/types\/product"}],"wp:featuredmedia":[{"embeddable":true,"href":"https:\/\/neocarbone.com\/en\/wp-json\/wp\/v2\/media\/225581"}],"wp:attachment":[{"href":"https:\/\/neocarbone.com\/en\/wp-json\/wp\/v2\/media?parent=225580"}],"wp:term":[{"taxonomy":"product_brand","embeddable":true,"href":"https:\/\/neocarbone.com\/en\/wp-json\/wp\/v2\/product_brand?post=225580"},{"taxonomy":"product_cat","embeddable":true,"href":"https:\/\/neocarbone.com\/en\/wp-json\/wp\/v2\/product_cat?post=225580"},{"taxonomy":"product_tag","embeddable":true,"href":"https:\/\/neocarbone.com\/en\/wp-json\/wp\/v2\/product_tag?post=225580"}],"curies":[{"name":"wp","href":"https:\/\/api.w.org\/{rel}","templated":true}]}}