{"id":225586,"date":"2025-04-19T18:34:17","date_gmt":"2025-04-19T16:34:17","guid":{"rendered":"https:\/\/neocarbone.com\/?post_type=product&#038;p=225586"},"modified":"2025-04-20T13:15:54","modified_gmt":"2025-04-20T11:15:54","slug":"podvodna-puska-na-zrak-eskwad-air-max","status":"publish","type":"product","link":"https:\/\/neocarbone.com\/en\/product\/podvodna-puska-na-zrak-eskwad-air-max\/","title":{"rendered":"ESKWAD AIR Max air rifle"},"content":{"rendered":"<p><strong>AIR MAX<\/strong><\/p>\n<p>Factory pressure tested<br \/>\nThe ESKWAD AIR MAX pneumatic underwater fishing speargun is equipped with:<br \/>\nA stainless steel arrow \u00d8 8 mm in pitch of 6 x 100<br \/>\nA stainless steel tip with double barbs<br \/>\nA loading pump<br \/>\nA cocking handle<br \/>\nSupplied with a 2nd Steel Arrow<br \/>\nUseful accessories: Pressure gauge, 35 m or 50 m reel.<br \/>\nWe developed the ESKWAD AIR MAX in our Thiers factory mainly at the request of fishermen from Eastern European countries, who are great fans of pneumatic guns.<br \/>\nThe manufacture in France of this pneumatic gun allows us to ensure quality control at each stage of the manufacture of the various parts and their assembly. Perfectly balanced, its high power combined with great shooting precision and reliability will satisfy the most demanding underwater fishermen. Equipped with a pressure reducer, the ESKWAD AIR MAX is perfectly suited to different types of fishing, in open water, on the stingray or in holes. The ESKWAD AIR MAX is available in several versions. The ergonomics of the two-material anatomical stock have been designed to allow its use in extreme environments while guaranteeing great maneuverability. Its large diameter trigger guard allows the use of 7 mm thick gloves. The smooth and sensitive trigger mechanism, coupled with a side wire clamp, is equipped with a safety device activated by a simple push of the index finger. The pressure reducer allows for a reduction of the pressure by 2\/3 under load. The stock has been designed to accommodate the loading handle. The studied design of the minimalist head allows for more precise aiming in all circumstances. The 40 mm cylindrical reservoir inflated to a service pressure of 25 bars ensures the power of the shot, and the 13 mm diameter rod allows the use of 8 mm arrows with high penetration equipped with a double barb tip. A unique system of indexing the parts ensures perfect alignment of the different elements during assembly.<\/p>\n<p>After use, rinse with fresh water. Dry the equipment and store it in a dry place, away from light.<\/p>\n<p>Sizes: 50cm, 75cm or 100cm<\/p>\n<hr \/>\n<p>AIR MAX<\/p>\n<p>Factory pressure tested<br \/>\nL&#039;arbal\u00e8te de p\u00eache sous-marine pneumatique, ESKWAD AIR MAX est \u00e9quip\u00e9e :<br \/>\nUne fl\u00e8che inox \u00d8 8 mm au pas de 6 x 100<br \/>\nUne pointe inox \u00e0 double ardillons<br \/>\nA charging pump<br \/>\nA poign\u00e9e d&#039;armement<br \/>\nLivr\u00e9e avec une 2\u00e8 Fl\u00e8che Acier<br \/>\nAccessoires utiles: Manom\u00e8tre, moulinet de 35 m ou de 50 m.<\/p>\n<p>C&#039;est principalamente \u00e0 la demande des p\u00eacheurs des pays de l&#039;Est de l&#039;Europe, grands amateurs de fusils pneumaticiques, que nous avons d\u00e9veloppe dans notre usine de Thiers l&#039;ESKWAD AIR MAX.<br \/>\nLa fabrication en France de ce fusil pneumatique nous permet d&#039;assure un contr\u00f4le qualit\u00e9 \u00e0 chaque \u00e9tape de la fabrication des diff\u00e9rences pi\u00e8ces et de leur montage. Parfaitement \u00e9quilibrant, sa puissance \u00e9lev\u00e9 associ\u00e9 \u00e0 une grande precision de tir et une grande fiabilit\u00e9 fera la satisfaction des p\u00eacheurs sous-marins les plus exigeants. Dot\u00e9e d&#039;un r\u00e9ducteur de pression L&#039;ESKWAD AIR MAX est perfectly adapted to different types of fishing, en pleine eau, \u00e0 l&#039;agachon ou \u00e0 trou. L&#039;ESKWAD AIR MAX is available in multiple versions. L&#039;ergonomie de la crosse anatomique bi- mati\u00e8re a \u00e9t\u00e9 etudie pour permettre son utilization en milieu extr\u00eame tout en garantissant une grande maniabilit\u00e9. Son pontet de large diam\u00e8tre authorizes l&#039;usage de gants de 7 mm d&#039;\u00e9paisseur. Le mechanism de d\u00e9tente souple et sensible couple \u00e0 un pince fil lat\u00e9ral est muni d&#039;un dispositif de s\u00e9curit\u00e9 s&#039;actionnant par une simple pouss\u00e9e de l&#039;index. Le r\u00e9ducteur de pression permet de r\u00e9duire de 2\/3 la pression en charge. La crosse a \u00e9t\u00e9 etudie pour permettre le logement de la poign\u00e9e de chargement. Le design etudie de la t\u00eate minimaliste permet une vis\u00e9e plus pr\u00e9cise en toutes circonstances. Le r\u00e9servoir cylindrique de 40 mm gonfl\u00e9 \u00e0 une pression de service de de 25 bars assure la puissance du tir et la canne d&#039;un diameter de 13 mm autorise l&#039;utilisation de fl\u00e8ches de 8 mm \u00e0 forte p\u00e9n\u00e9tration \u00e9quip\u00e9e d&#039;une pointe \u00e0 double ardillons. Un syst\u00e8me unique d&#039;indexation des pi\u00e8ces assures un alignment parfait des diff\u00e9rences \u00e9l\u00e9ments lors du montage.<br \/>\nApr\u00e8s utilization rinser \u00e0 l&#039;eau douce. Faire s\u00e9cher le mat\u00e9riel et le stocker dans un endroit sec, \u00e0 l&#039;abri de la lumi\u00e8re.<br \/>\nSize: 50cm, 75cm and 100cm<\/p>","protected":false},"excerpt":{"rendered":"<p>ESKWAD AIR MAX Factory pressure tested The ESKWAD AIR MAX pneumatic underwater fishing speargun is equipped with: A stainless steel arrow \u00d8 8 mm in pitch of 6 x 100 A stainless steel tip with double barbs A loading pump A cocking handle Supplied with a 2nd Steel Arrow Useful accessories: Pressure gauge, 35 m [&hellip;]<\/p>\n","protected":false},"featured_media":225591,"template":"","meta":{"_et_pb_use_builder":"","_et_pb_old_content":"","_et_gb_content_width":""},"product_brand":[],"product_cat":[161,54,160],"product_tag":[],"class_list":{"0":"post-225586","1":"product","2":"type-product","3":"status-publish","4":"has-post-thumbnail","6":"product_cat-imersion","7":"product_cat-novi-proizvodi","8":"product_cat-podvodne-puske-zrak-podvodne-puske","10":"first","11":"instock","12":"shipping-taxable","13":"purchasable","14":"product-type-variable"},"_links":{"self":[{"href":"https:\/\/neocarbone.com\/en\/wp-json\/wp\/v2\/product\/225586","targetHints":{"allow":["GET"]}}],"collection":[{"href":"https:\/\/neocarbone.com\/en\/wp-json\/wp\/v2\/product"}],"about":[{"href":"https:\/\/neocarbone.com\/en\/wp-json\/wp\/v2\/types\/product"}],"wp:featuredmedia":[{"embeddable":true,"href":"https:\/\/neocarbone.com\/en\/wp-json\/wp\/v2\/media\/225591"}],"wp:attachment":[{"href":"https:\/\/neocarbone.com\/en\/wp-json\/wp\/v2\/media?parent=225586"}],"wp:term":[{"taxonomy":"product_brand","embeddable":true,"href":"https:\/\/neocarbone.com\/en\/wp-json\/wp\/v2\/product_brand?post=225586"},{"taxonomy":"product_cat","embeddable":true,"href":"https:\/\/neocarbone.com\/en\/wp-json\/wp\/v2\/product_cat?post=225586"},{"taxonomy":"product_tag","embeddable":true,"href":"https:\/\/neocarbone.com\/en\/wp-json\/wp\/v2\/product_tag?post=225586"}],"curies":[{"name":"wp","href":"https:\/\/api.w.org\/{rel}","templated":true}]}}