{"id":225621,"date":"2025-04-20T13:56:01","date_gmt":"2025-04-20T11:56:01","guid":{"rendered":"https:\/\/neocarbone.com\/?post_type=product&#038;p=225621"},"modified":"2025-04-20T14:02:29","modified_gmt":"2025-04-20T12:02:29","slug":"torba-diver-126-lit-imersion","status":"publish","type":"product","link":"https:\/\/neocarbone.com\/en\/product\/torba-diver-126-lit-imersion\/","title":{"rendered":"Bag Diver 126 lit. - Immersion"},"content":{"rendered":"<p><strong>FREEDIVING SPIRIT waterproof bag<\/strong><\/p>\n<p>This FREEDIVING SPIRIT waterproof bag, made of 500 denier Tarpaulin, strong and lightweight, is ideal for keeping your clothes and equipment dry.<br \/>\nIt has two adjustable and removable carrying straps, an adjustable and removable shoulder strap and two rigid handles.<br \/>\nIt also has a drain purge.<br \/>\nPolyamide zip closure.<\/p>\n<p>Volume: 126 liters.<br \/>\nDimensions: 40 x 30 x 105 cm.<br \/>\nMaterial: 500 denier tarpaulin<\/p>\n<p>REF: B811<\/p>\n<p>\u2014\u2014\u2014\u2014\u2014\u2014\u2014\u2014\u2014\u2014\u2014\u2014\u2014\u2014\u2014\u2014\u2013<\/p>\n<p><strong>Sac \u00e9tanche FREEDIVING SPIRIT<\/strong><\/p>\n<p>Ce bag \u00e9tante FREEDIVING SPIRIT, en Tarpolin 500 deniers, solide et l\u00e9ger, est id\u00e9al pour conserver vos v\u00eatements et votre mat\u00e9riel bien au sec.<br \/>\nIl est \u00e9quip\u00e9e de two adjustable and removable portage straps, one adjustable and removable bandouli\u00e8re strap and two rigid handles.<br \/>\nIl est \u00e9galement dot\u00e9e d&#039;une purge de vidange.<br \/>\nPolyamide zip closure.<\/p>\n<p>Volume: 126 liters.<br \/>\nDimensions: 40 x 30 x 105 cm.<br \/>\nMaterial: Tarpaulin 500 deniers.<\/p>\n<p>Ref: B811<\/p>\n<p>&nbsp;<\/p>\n<p>&nbsp;<\/p>\n<p>&nbsp;<\/p>","protected":false},"excerpt":{"rendered":"<p>FREEDIVING SPIRIT waterproof bag This FREEDIVING SPIRIT waterproof bag, made of 500 denier Tarpolin, strong and lightweight, is ideal for keeping your clothes and equipment dry. It has two adjustable and removable carrying straps, an adjustable and removable shoulder strap and two rigid handles. It also has a drain purge. Polyamide zip closure. Volume: 126 [&hellip;]<\/p>\n","protected":false},"featured_media":225622,"template":"","meta":{"_et_pb_use_builder":"","_et_pb_old_content":"","_et_gb_content_width":""},"product_brand":[],"product_cat":[161,54,86],"product_tag":[],"class_list":{"0":"post-225621","1":"product","2":"type-product","3":"status-publish","4":"has-post-thumbnail","6":"product_cat-imersion","7":"product_cat-novi-proizvodi","8":"product_cat-torbe","10":"first","11":"instock","12":"shipping-taxable","13":"purchasable","14":"product-type-simple"},"_links":{"self":[{"href":"https:\/\/neocarbone.com\/en\/wp-json\/wp\/v2\/product\/225621","targetHints":{"allow":["GET"]}}],"collection":[{"href":"https:\/\/neocarbone.com\/en\/wp-json\/wp\/v2\/product"}],"about":[{"href":"https:\/\/neocarbone.com\/en\/wp-json\/wp\/v2\/types\/product"}],"wp:featuredmedia":[{"embeddable":true,"href":"https:\/\/neocarbone.com\/en\/wp-json\/wp\/v2\/media\/225622"}],"wp:attachment":[{"href":"https:\/\/neocarbone.com\/en\/wp-json\/wp\/v2\/media?parent=225621"}],"wp:term":[{"taxonomy":"product_brand","embeddable":true,"href":"https:\/\/neocarbone.com\/en\/wp-json\/wp\/v2\/product_brand?post=225621"},{"taxonomy":"product_cat","embeddable":true,"href":"https:\/\/neocarbone.com\/en\/wp-json\/wp\/v2\/product_cat?post=225621"},{"taxonomy":"product_tag","embeddable":true,"href":"https:\/\/neocarbone.com\/en\/wp-json\/wp\/v2\/product_tag?post=225621"}],"curies":[{"name":"wp","href":"https:\/\/api.w.org\/{rel}","templated":true}]}}