{"id":225627,"date":"2025-04-20T14:34:46","date_gmt":"2025-04-20T12:34:46","guid":{"rendered":"https:\/\/neocarbone.com\/?post_type=product&#038;p=225627"},"modified":"2025-04-20T14:34:46","modified_gmt":"2025-04-20T12:34:46","slug":"tapet-za-presvlacenje-imersion","status":"publish","type":"product","link":"https:\/\/neocarbone.com\/en\/product\/tapet-za-presvlacenje-imersion\/","title":{"rendered":"Wallpaper for dressing \u2013 Imersion"},"content":{"rendered":"<p><strong>Changing mat<\/strong><\/p>\n<p>This clever PVC-coated floor mat will allow you to get dressed or undressed while keeping your feet dry and avoiding getting sand in your wetsuit or clothes.<br \/>\nIt will turn into a waterproof bag to hold your wet equipment.<br \/>\nIdeal for not getting the trunk of your car wet!<\/p>\n<p>Changing mat diameter 85 cm.<\/p>\n<p>REF: B200<\/p>\n<hr \/>\n<p><strong>Changing mat<\/strong><\/p>\n<p>Ce tapis de sol astucieux, en PVC enduit, vous permettre de vous equipper ou de vous d\u00e9shabiller en gardant les pieds au sec et en \u00e9vitant de mettre du sable dans votre combinaison ou vos v\u00eatements.<br \/>\nIl se transformera en sac \u00e9tante pour y contenir votre \u00e9quipement mouill\u00e9.<br \/>\nId\u00e9al pour ne pas mouiller le coffre de votre voiture!<\/p>\n<p>Tapis de change diam\u00e8tre 85 cm.<\/p>\n<p>REF: B200<\/p>\n<p>&nbsp;<\/p>","protected":false},"excerpt":{"rendered":"<p>Changing mat This clever PVC-coated floor mat will allow you to get dressed or undressed while keeping your feet dry and avoiding getting sand in your wetsuit or clothes. It will turn into a waterproof bag to hold your wet equipment. Ideal for not getting the trunk of your car wet! Changing mat diameter 85 [&hellip;]<\/p>\n","protected":false},"featured_media":225628,"template":"","meta":{"_et_pb_use_builder":"","_et_pb_old_content":"","_et_gb_content_width":""},"product_brand":[],"product_cat":[161,54,86],"product_tag":[],"class_list":{"0":"post-225627","1":"product","2":"type-product","3":"status-publish","4":"has-post-thumbnail","6":"product_cat-imersion","7":"product_cat-novi-proizvodi","8":"product_cat-torbe","10":"first","11":"instock","12":"shipping-taxable","13":"purchasable","14":"product-type-simple"},"_links":{"self":[{"href":"https:\/\/neocarbone.com\/en\/wp-json\/wp\/v2\/product\/225627","targetHints":{"allow":["GET"]}}],"collection":[{"href":"https:\/\/neocarbone.com\/en\/wp-json\/wp\/v2\/product"}],"about":[{"href":"https:\/\/neocarbone.com\/en\/wp-json\/wp\/v2\/types\/product"}],"wp:featuredmedia":[{"embeddable":true,"href":"https:\/\/neocarbone.com\/en\/wp-json\/wp\/v2\/media\/225628"}],"wp:attachment":[{"href":"https:\/\/neocarbone.com\/en\/wp-json\/wp\/v2\/media?parent=225627"}],"wp:term":[{"taxonomy":"product_brand","embeddable":true,"href":"https:\/\/neocarbone.com\/en\/wp-json\/wp\/v2\/product_brand?post=225627"},{"taxonomy":"product_cat","embeddable":true,"href":"https:\/\/neocarbone.com\/en\/wp-json\/wp\/v2\/product_cat?post=225627"},{"taxonomy":"product_tag","embeddable":true,"href":"https:\/\/neocarbone.com\/en\/wp-json\/wp\/v2\/product_tag?post=225627"}],"curies":[{"name":"wp","href":"https:\/\/api.w.org\/{rel}","templated":true}]}}