{"id":225637,"date":"2025-04-20T15:01:11","date_gmt":"2025-04-20T13:01:11","guid":{"rendered":"https:\/\/neocarbone.com\/?post_type=product&#038;p=225637"},"modified":"2025-04-20T15:03:32","modified_gmt":"2025-04-20T13:03:32","slug":"osti-3-zuba-imersion","status":"publish","type":"product","link":"https:\/\/neocarbone.com\/en\/product\/osti-3-zuba-imersion\/","title":{"rendered":"3 tooth blade \u2013 Imersion"},"content":{"rendered":"<pre><strong>Plastic Trident 3 long points<\/strong>\r\n\r\nPlastic trident with 3 long points, screw-on. This plastic trident with 3 long points screws onto a 7 x 100 threaded arrow. It was designed to equip the arrows of experienced underwater fishermen. It will allow you to increase your chances of catches when fishing in holes. It comes with:<\/pre>\n<ul>\n<li>\n<pre>An adapter allowing you to mount it on an arrow with a 6 x 100 thread.<\/pre>\n<\/li>\n<li>\n<pre>Made of impact-resistant polypropylene and Z30C13 stainless steel (rust-proof).<\/pre>\n<\/li>\n<li>\n<pre>Color: Black.<\/pre>\n<\/li>\n<li>\n<pre>Size: 15 cm.<\/pre>\n<\/li>\n<\/ul>\n<pre>For maintenance, remember to grease the thread of the arrow to facilitate assembly and disassembly. -------------------------------------\r\n<strong>Trident Plastique 3 pointes longues<\/strong>\r\n\r\nTrident Plastique 3 pointes longues, \u00e0 visser. Ce trident plastique 3 pointes longues se visse sur une fl\u00e8che au filetage 7 x 100. Il a \u00e9t\u00e9 \u00e9laborado pour \u00e9quipper les fl\u00e8ches des p\u00eacheurs sous-marins experientes. Il vous permettre d&#039;augmenter vos chances de prises, en p\u00eache \u00e0 trou. Il est livre avec :<\/pre>\n<ul>\n<li>\n<pre>An adapter allowing you to mount on a 6 x 100 fl\u00e8che au filletage.<\/pre>\n<\/li>\n<li>\n<pre>Made in polypropylene chocolate and inox Z30C13 (inoxydable).<\/pre>\n<\/li>\n<li>\n<pre>Color: Black.<\/pre>\n<\/li>\n<li>\n<pre>Size: 15 cm.<\/pre>\n<\/li>\n<\/ul>\n<pre>Pour l&#039;entretien, pensez \u00e0 graisser le filetage de la fl\u00e8che pour facilitaire le montage et d\u00e9montage.<\/pre>","protected":false},"excerpt":{"rendered":"<p>Plastic Trident 3 long points Plastic trident with 3 long points, screw-on. This plastic trident with 3 long points screws onto a 7 x 100 threaded arrow. It was designed to equip the arrows of experienced underwater fishermen. It will allow you to increase your chances of catches when fishing in holes. It comes with: [&hellip;]<\/p>\n","protected":false},"featured_media":225638,"template":"","meta":{"_et_pb_use_builder":"","_et_pb_old_content":"","_et_gb_content_width":""},"product_brand":[],"product_cat":[161,54,160,53],"product_tag":[],"class_list":{"0":"post-225637","1":"product","2":"type-product","3":"status-publish","4":"has-post-thumbnail","6":"product_cat-imersion","7":"product_cat-novi-proizvodi","8":"product_cat-podvodne-puske-zrak-podvodne-puske","9":"product_cat-razni-dodaci","11":"first","12":"instock","13":"shipping-taxable","14":"purchasable","15":"product-type-simple"},"_links":{"self":[{"href":"https:\/\/neocarbone.com\/en\/wp-json\/wp\/v2\/product\/225637","targetHints":{"allow":["GET"]}}],"collection":[{"href":"https:\/\/neocarbone.com\/en\/wp-json\/wp\/v2\/product"}],"about":[{"href":"https:\/\/neocarbone.com\/en\/wp-json\/wp\/v2\/types\/product"}],"wp:featuredmedia":[{"embeddable":true,"href":"https:\/\/neocarbone.com\/en\/wp-json\/wp\/v2\/media\/225638"}],"wp:attachment":[{"href":"https:\/\/neocarbone.com\/en\/wp-json\/wp\/v2\/media?parent=225637"}],"wp:term":[{"taxonomy":"product_brand","embeddable":true,"href":"https:\/\/neocarbone.com\/en\/wp-json\/wp\/v2\/product_brand?post=225637"},{"taxonomy":"product_cat","embeddable":true,"href":"https:\/\/neocarbone.com\/en\/wp-json\/wp\/v2\/product_cat?post=225637"},{"taxonomy":"product_tag","embeddable":true,"href":"https:\/\/neocarbone.com\/en\/wp-json\/wp\/v2\/product_tag?post=225637"}],"curies":[{"name":"wp","href":"https:\/\/api.w.org\/{rel}","templated":true}]}}