{"id":225732,"date":"2025-06-11T15:49:32","date_gmt":"2025-06-11T13:49:32","guid":{"rendered":"https:\/\/neocarbone.com\/?post_type=product&#038;p=225732"},"modified":"2026-02-28T00:08:12","modified_gmt":"2026-02-27T22:08:12","slug":"peraje-carbon-3d-octopus-pescador","status":"publish","type":"product","link":"https:\/\/neocarbone.com\/en\/product\/peraje-carbon-3d-octopus-pescador\/","title":{"rendered":"Fins Carbon 3D Octopus \u2013 Pescador"},"content":{"rendered":"<p><strong>Pescador Sub Octopus 3D \u2013 100% Carbon Fins<\/strong><\/p>\n<p>New and super design, showing a big Octopus, on this new ultra-reactive carbon fin<\/p>\n<p>New Carbon Fins 100% Carbon fiber<\/p>\n<p>This fin, featuring an interchangeable carbon blade, is very lightweight and extremely effective. Ideally suited for advanced free diving and underwater fishing at considerable depths.<\/p>\n<p>The blade in directional carbon has a tapered profile to ensure a special degree of reactivity and the effectiveness that only composite fibers can achieve.<\/p>\n<p>Medium hardness makes this fin suitable for all diving activities, including deep diving.<\/p>\n<p>But also the ones you find with the soft, medium, and hard hardness.<\/p>\n<p>2 Year Warranty in all PESCADOR SUB Carbon Fins<\/p>\n<p>&nbsp;<\/p>\n<p><strong>Palmes Pescador Sub PIEUVRE 3D \u2013 100 % carbon<\/strong><\/p>\n<p>Nouveau design exceptionale, mettant en sc\u00e8ne une grosse Pieuvre, sur cette nouvelle palme en carbone ultra-r\u00e9active.<\/p>\n<p>Nouvelles palmes en carbone 100 % fiber de carbone<\/p>\n<p>Cette palme \u00e0 veilure interchangeable en carbone est tr\u00e8s l\u00e9g\u00e8re et extremente performante. Id\u00e9ale pour l&#039;apn\u00e9e avanc\u00e9e et la p\u00eache sous-marine \u00e0 des profondeurs considerables.<\/p>\n<p>La voilure en carbone directionalnel pr\u00e9sente un profil efil\u00e9 pour garantire une r\u00e9activit\u00e9 et une efficacy exceptionales, propres aux fiber composites.<\/p>\n<p>Sa duret\u00e9 moyenne rend cette palme adapted \u00e0 toutes les activit\u00e9s de plong\u00e9e, y compris la plong\u00e9e profonde.<\/p>\n<p>Elle est \u00e9galement disponible en duret\u00e9s souple, moyenne et dure.<\/p>\n<p>Garantie 2 ans sur toutes les palmes carbone PESCADOR SUB<\/p>","protected":false},"excerpt":{"rendered":"<p>Pescador Sub Octopus 3D &#8211; 100% Carbon Fins New and super design, showing a big Octopus, on this new ultra-reactive carbon fin New Carbon Fins 100% Carbon fiber This fin, featuring an interchangeable carbon blade, is very lightweight and extremely effective. Ideally suited for advanced free diving and underwater fishing at considerable depths. The blade [&hellip;]<\/p>\n","protected":false},"featured_media":225724,"template":"","meta":{"_et_pb_use_builder":"","_et_pb_old_content":"","_et_gb_content_width":""},"product_brand":[],"product_cat":[54,110,170],"product_tag":[],"class_list":{"0":"post-225732","1":"product","2":"type-product","3":"status-publish","4":"has-post-thumbnail","6":"product_cat-novi-proizvodi","7":"product_cat-peraje","8":"product_cat-pescador","10":"first","11":"instock","12":"shipping-taxable","13":"purchasable","14":"product-type-variable"},"_links":{"self":[{"href":"https:\/\/neocarbone.com\/en\/wp-json\/wp\/v2\/product\/225732","targetHints":{"allow":["GET"]}}],"collection":[{"href":"https:\/\/neocarbone.com\/en\/wp-json\/wp\/v2\/product"}],"about":[{"href":"https:\/\/neocarbone.com\/en\/wp-json\/wp\/v2\/types\/product"}],"wp:featuredmedia":[{"embeddable":true,"href":"https:\/\/neocarbone.com\/en\/wp-json\/wp\/v2\/media\/225724"}],"wp:attachment":[{"href":"https:\/\/neocarbone.com\/en\/wp-json\/wp\/v2\/media?parent=225732"}],"wp:term":[{"taxonomy":"product_brand","embeddable":true,"href":"https:\/\/neocarbone.com\/en\/wp-json\/wp\/v2\/product_brand?post=225732"},{"taxonomy":"product_cat","embeddable":true,"href":"https:\/\/neocarbone.com\/en\/wp-json\/wp\/v2\/product_cat?post=225732"},{"taxonomy":"product_tag","embeddable":true,"href":"https:\/\/neocarbone.com\/en\/wp-json\/wp\/v2\/product_tag?post=225732"}],"curies":[{"name":"wp","href":"https:\/\/api.w.org\/{rel}","templated":true}]}}