{"id":225797,"date":"2025-06-11T17:01:17","date_gmt":"2025-06-11T15:01:17","guid":{"rendered":"https:\/\/neocarbone.com\/?post_type=product&#038;p=225797"},"modified":"2025-06-11T18:10:44","modified_gmt":"2025-06-11T16:10:44","slug":"podvodna-puska-roller-inverter-pescador","status":"publish","type":"product","link":"https:\/\/neocarbone.com\/en\/product\/podvodna-puska-roller-inverter-pescador\/","title":{"rendered":"Underwater gun Roller Inverter \u2013 Pescador"},"content":{"rendered":"<p><strong>Pescador Speargun Roller Inverter \u2013 Demultiplied \u2013 Extra Powerfull<\/strong><\/p>\n<p>Manufactured by Pescador Sub created to meet the needs of the most demanding spearfishing enthusiasts.<\/p>\n<p>Equipped with a high-precision trigger mechanism that offers great user sensitivity at maximum loads.<\/p>\n<p>The harpoon tube material is made of special aluminum alloy and also has an integral guide on the top with Delrin &amp; Inox head<\/p>\n<p>The shaft is 7mm<\/p>\n<p>2 traction pulleys &#8211; 6 x16mm Primelines Rubber Band<\/p>\n<p>High-quality nylon Dynema thread<\/p>\n<p>Aluminium reel of 50 m, depending on the size<\/p>\n<p>Please be sure to always clean your equipment carefully after use, with clean water. Additionally, we advise you to store your equipment in a dry and dark environment so that the rubbers can last as long as possible.<\/p>\n<p>Sizes: 82, 90, 100,110<\/p>\n<p>&nbsp;<\/p>\n<p><strong>Fisherman<\/strong><strong> Arbal\u00e8te D\u00e9multiplier \u2013 Inverter \u2013 Extra Puissante<\/strong><\/p>\n<p>Fabriqu\u00e9 par Pescador Sub, cette arbal\u00e8te est con\u00e7ue pour r\u00e9pondre aux besoins des chasseurs sous-marins les plus exigeants.<\/p>\n<p>\u00c9quip\u00e9 d&#8217;un m\u00e9canisme de d\u00e9clenchement de haute pr\u00e9cision offrant une grande sensibilit\u00e9 \u00e0 pleine charge.<\/p>\n<p>Le tube du l\u2019arbal\u00e8te est en alliage d&#8217;aluminium sp\u00e9cial et dispose d&#8217;un guide fl\u00e8che int\u00e9grale\u00a0 avec t\u00eate demultiplier en Delrin et Inox.<\/p>\n<p>Fl\u00e8che de 7 mm.<\/p>\n<p>2 poulies de traction &#8211; 6 x sandows Primelines de 16 mm.<\/p>\n<p>Fil en nylon Dynema de haute qualit\u00e9.<\/p>\n<p>Moulinet en aluminium de 50 m ou 70 m selon la taille.<\/p>\n<p>Veuillez toujours nettoyer soigneusement votre \u00e9quipement apr\u00e8s utilization, \u00e0 l&#039;eau claire. De plus, nous vous conseillons de le stocker dans un endroit sec et sombre afin de prolonger la dur\u00e9e de vie des \u00e9lastiques.<\/p>\n<p>Tailles: 82, 90, 100, 110<\/p>","protected":false},"excerpt":{"rendered":"<p>Pescador Speargun Roller Inverter \u2013 Demultiplied \u2013 Extra Powerfull Manufactured by Pescador Sub created to meet the needs of the most demanding spearfishing enthusiasts. Equipped with a high-precision trigger mechanism that offers great user sensitivity at maximum loads. The harpoon tube material is made of special aluminum alloy and also has an integral guide on [&hellip;]<\/p>\n","protected":false},"featured_media":225775,"template":"","meta":{"_et_pb_use_builder":"","_et_pb_old_content":"","_et_gb_content_width":""},"product_brand":[],"product_cat":[54,170,76,77],"product_tag":[],"class_list":{"0":"post-225797","1":"product","2":"type-product","3":"status-publish","4":"has-post-thumbnail","6":"product_cat-novi-proizvodi","7":"product_cat-pescador","8":"product_cat-podvodne-puske","9":"product_cat-podvodne-puske-aluminijske","11":"first","12":"instock","13":"shipping-taxable","14":"purchasable","15":"product-type-variable"},"_links":{"self":[{"href":"https:\/\/neocarbone.com\/en\/wp-json\/wp\/v2\/product\/225797","targetHints":{"allow":["GET"]}}],"collection":[{"href":"https:\/\/neocarbone.com\/en\/wp-json\/wp\/v2\/product"}],"about":[{"href":"https:\/\/neocarbone.com\/en\/wp-json\/wp\/v2\/types\/product"}],"wp:featuredmedia":[{"embeddable":true,"href":"https:\/\/neocarbone.com\/en\/wp-json\/wp\/v2\/media\/225775"}],"wp:attachment":[{"href":"https:\/\/neocarbone.com\/en\/wp-json\/wp\/v2\/media?parent=225797"}],"wp:term":[{"taxonomy":"product_brand","embeddable":true,"href":"https:\/\/neocarbone.com\/en\/wp-json\/wp\/v2\/product_brand?post=225797"},{"taxonomy":"product_cat","embeddable":true,"href":"https:\/\/neocarbone.com\/en\/wp-json\/wp\/v2\/product_cat?post=225797"},{"taxonomy":"product_tag","embeddable":true,"href":"https:\/\/neocarbone.com\/en\/wp-json\/wp\/v2\/product_tag?post=225797"}],"curies":[{"name":"wp","href":"https:\/\/api.w.org\/{rel}","templated":true}]}}