{"id":225865,"date":"2025-06-13T22:42:37","date_gmt":"2025-06-13T20:42:37","guid":{"rendered":"https:\/\/neocarbone.com\/?post_type=product&#038;p=225865"},"modified":"2025-06-13T23:34:06","modified_gmt":"2025-06-13T21:34:06","slug":"pole-spear-koplje-pescador","status":"publish","type":"product","link":"https:\/\/neocarbone.com\/en\/product\/pole-spear-koplje-pescador\/","title":{"rendered":"Pole spear \u2013 Pescador"},"content":{"rendered":"<p><strong>POLESPEAR<\/strong><\/p>\n<p>\u2013 Pole Spear 140-190cm aluminum anodized.<\/p>\n<p>\u2013 Thermoformed Grip for better support.<\/p>\n<p>\u2013 Compact, lightweight, and removable in 3 parts.<\/p>\n<p>\u2013 Junction by interior interlocking.<\/p>\n<p>\u2013 Tahitian tip screwed 6.25mm with mono barb 7cm.<\/p>\n<p>\u2013 Super Power rubber band 100% long-lasting latex.<\/p>\n<p>\u2013 Supplied with storage cover.<\/p>\n<p>Spare parts available: Super Power rubber band, Tahitian tip screwed 6.25mm with mono barb 7cm<\/p>\n<p>Color : Black, Blue<\/p>\n<p>&nbsp;<\/p>\n<p><strong>FO\u00cbNE \u2013 Pole Spear<\/strong><\/p>\n<p>\u2013 Fo\u00ebne de 140 \u00e0 190 cm en anodized aluminum.<\/p>\n<p>\u2013 Poign\u00e9e thermoform\u00e9e pour un meilleur maintien.<\/p>\n<p>\u2013 Compacte, tr\u00e8s l\u00e9g\u00e8re et demontable en 3 parts.<\/p>\n<p>\u2013 Junction par embo\u00eetement int\u00e9rieur.<\/p>\n<p>\u2013 Pointe tahitienne viss\u00e9e de 6.25 mm avec ardillon mono de 7 cm.<\/p>\n<p>\u2013 \u00c9lastique Super Power 100 % latex longue dur\u00e9e.<\/p>\n<p>\u2013 Livr\u00e9e avec housse de rangement.<\/p>\n<p>Spare parts available: \u00c9lastique Super Power 100 % latex, Pointe tahitienne viss\u00e9e de 6.25 mm avec ardillon mono de 7 cm<\/p>\n<p>Color: Black, Blue<\/p>","protected":false},"excerpt":{"rendered":"<p>POLESPEAR \u2013 Pole Spear 140-190cm aluminum anodized. \u2013 Thermoformed Grip for better support. \u2013 Compact, lightweight, and removable in 3 parts. \u2013 Junction by interior interlocking. \u2013 Tahitian tip screwed 6.25mm with mono barb 7cm. \u2013 Super Power rubber band 100% long-lasting latex. \u2013 Supplied with storage cover. Spare parts available: Super Power rubber band, [&hellip;]<\/p>\n","protected":false},"featured_media":225868,"template":"","meta":{"_et_pb_use_builder":"","_et_pb_old_content":"","_et_gb_content_width":""},"product_brand":[],"product_cat":[75,54,170,81],"product_tag":[],"class_list":{"0":"post-225865","1":"product","2":"type-product","3":"status-publish","4":"has-post-thumbnail","6":"product_cat-koplja","7":"product_cat-novi-proizvodi","8":"product_cat-pescador","9":"product_cat-pribor-i-oprema","11":"first","12":"instock","13":"shipping-taxable","14":"purchasable","15":"product-type-variable"},"_links":{"self":[{"href":"https:\/\/neocarbone.com\/en\/wp-json\/wp\/v2\/product\/225865","targetHints":{"allow":["GET"]}}],"collection":[{"href":"https:\/\/neocarbone.com\/en\/wp-json\/wp\/v2\/product"}],"about":[{"href":"https:\/\/neocarbone.com\/en\/wp-json\/wp\/v2\/types\/product"}],"wp:featuredmedia":[{"embeddable":true,"href":"https:\/\/neocarbone.com\/en\/wp-json\/wp\/v2\/media\/225868"}],"wp:attachment":[{"href":"https:\/\/neocarbone.com\/en\/wp-json\/wp\/v2\/media?parent=225865"}],"wp:term":[{"taxonomy":"product_brand","embeddable":true,"href":"https:\/\/neocarbone.com\/en\/wp-json\/wp\/v2\/product_brand?post=225865"},{"taxonomy":"product_cat","embeddable":true,"href":"https:\/\/neocarbone.com\/en\/wp-json\/wp\/v2\/product_cat?post=225865"},{"taxonomy":"product_tag","embeddable":true,"href":"https:\/\/neocarbone.com\/en\/wp-json\/wp\/v2\/product_tag?post=225865"}],"curies":[{"name":"wp","href":"https:\/\/api.w.org\/{rel}","templated":true}]}}