{"id":225922,"date":"2025-06-15T13:03:35","date_gmt":"2025-06-15T11:03:35","guid":{"rendered":"https:\/\/neocarbone.com\/?post_type=product&#038;p=225922"},"modified":"2025-06-15T14:18:55","modified_gmt":"2025-06-15T12:18:55","slug":"niska-za-ribu-multi-pescador","status":"publish","type":"product","link":"https:\/\/neocarbone.com\/en\/product\/niska-za-ribu-multi-pescador\/","title":{"rendered":"Multi-Pescador fish net"},"content":{"rendered":"<p><strong>FISH STRINGER MULTI <\/strong><\/p>\n<p>FISH AUCTIONEER. Sharp at one end (but blunt right at the tip to avoid punctures) to be able to finish off the fish, and then pass it to the rope.<\/p>\n<p>SHAFT RELEASE has an opening in the center of the fish passage for use with a shaft remover.<\/p>\n<p>SHAFT STRAIGHTENER: It has two diameters that cover all shafts from 6 mm to 8 mm. Made of robust sheet metal with a thickness of 5 mm, it allows you to straighten the shaft by applying considerable force without deforming the shaft extractor.<\/p>\n<p>OPENING SYSTEM of shackles or making various levers<\/p>\n<p>Maintaining our brand philosophy, we always use the best materials, in this case, 316L stainless steel<\/p>\n<p>&nbsp;<\/p>\n<p><strong>MULTI FISH HOOK<\/strong><\/p>\n<p>Stylet inox pointu \u00e0 une extremit\u00e9 (mais \u00e9mouss\u00e9 \u00e0 l&#039;extremit\u00e9 pour \u00e9viter les perforations) pour pouvoir terminer le poisson et le passer \u00e0 la corde.<\/p>\n<p>EXTRACTEUR DE FL\u00c8CHE : possesde une ouverture au center pour l&#039;utilisation comme extracteur de fl\u00e8che.<\/p>\n<p>REDRESSEUR DE FLECHE : disponible en two diameters, il couvre toutes les diameters de 6 \u00e0 8 mm. Fabriqu\u00e9 en acier inoxydable robuste de 5 mm d&#039;\u00e9paissement, il permet de le redresser en appliquant une force importante sans d\u00e9former le stylet de l&#039;accroche poisson.<\/p>\n<p>FORME SP\u00c9CIFIQUE: Elle permet aussi de faire levers dans diverses situations.<\/p>\n<p>Fid\u00e8le \u00e0 la philosophie de notre marque, nous utilisons toujours les meilleurs materiaux, en l&#039;occurrence l&#039;acier inoxydable 316L.<\/p>","protected":false},"excerpt":{"rendered":"<p>FISH STRINGER MULTI FISH AUCTIONER. Sharp at one end (but blunt right at the tip to avoid punctures) to be able to finish off the fish, and then pass it to the rope. SHAFT RELEASE has an opening in the center of the fish passage for use with a shaft remover. SHAFT STRAIGHTENER: It has [&hellip;]<\/p>\n","protected":false},"featured_media":225937,"template":"","meta":{"_et_pb_use_builder":"","_et_pb_old_content":"","_et_gb_content_width":""},"product_brand":[],"product_cat":[54,170,81,53],"product_tag":[],"class_list":{"0":"post-225922","1":"product","2":"type-product","3":"status-publish","4":"has-post-thumbnail","6":"product_cat-novi-proizvodi","7":"product_cat-pescador","8":"product_cat-pribor-i-oprema","9":"product_cat-razni-dodaci","11":"first","12":"instock","13":"shipping-taxable","14":"purchasable","15":"product-type-variable"},"_links":{"self":[{"href":"https:\/\/neocarbone.com\/en\/wp-json\/wp\/v2\/product\/225922","targetHints":{"allow":["GET"]}}],"collection":[{"href":"https:\/\/neocarbone.com\/en\/wp-json\/wp\/v2\/product"}],"about":[{"href":"https:\/\/neocarbone.com\/en\/wp-json\/wp\/v2\/types\/product"}],"wp:featuredmedia":[{"embeddable":true,"href":"https:\/\/neocarbone.com\/en\/wp-json\/wp\/v2\/media\/225937"}],"wp:attachment":[{"href":"https:\/\/neocarbone.com\/en\/wp-json\/wp\/v2\/media?parent=225922"}],"wp:term":[{"taxonomy":"product_brand","embeddable":true,"href":"https:\/\/neocarbone.com\/en\/wp-json\/wp\/v2\/product_brand?post=225922"},{"taxonomy":"product_cat","embeddable":true,"href":"https:\/\/neocarbone.com\/en\/wp-json\/wp\/v2\/product_cat?post=225922"},{"taxonomy":"product_tag","embeddable":true,"href":"https:\/\/neocarbone.com\/en\/wp-json\/wp\/v2\/product_tag?post=225922"}],"curies":[{"name":"wp","href":"https:\/\/api.w.org\/{rel}","templated":true}]}}